{"id":14479,"date":"2026-01-08T12:23:16","date_gmt":"2026-01-08T12:23:16","guid":{"rendered":"https:\/\/trackonline.com\/vacancies\/"},"modified":"2026-01-09T09:20:53","modified_gmt":"2026-01-09T09:20:53","slug":"offene-stellen","status":"publish","type":"page","link":"https:\/\/trackonline.com\/de\/offene-stellen\/","title":{"rendered":"Offene Stellen"},"content":{"rendered":"\n\n\t<section class=\"section vacatures-banner bg-arrows\" id=\"section_1865619920\">\n\t\t<div class=\"section-bg fill\" >\n\t\t\t\t\t\t\t\t\t\n\t\t\t\n\n\t\t<\/div>\n\n\t\t\n\n\t\t<div class=\"section-content relative\">\n\t\t\t\n\n\t<div id=\"gap-1465480977\" class=\"gap-element clearfix\" style=\"display:block; height:auto;\">\n\t\t\n<style>\n#gap-1465480977 {\n  padding-top: 95px;\n}\n@media (min-width:550px) {\n  #gap-1465480977 {\n    padding-top: 125px;\n  }\n}\n<\/style>\n\t<\/div>\n\t\n\n<div class=\"row breadcrumb-row\"  id=\"row-1859427790\">\n\n\n\t<div id=\"col-1473710435\" class=\"col col-1 small-12 large-12\"  >\n\t\t\t\t<div class=\"col-inner\"  >\n\t\t\t\n\t\t\t\n\n\t\t<div class=\"white-text\">\n\t\t\t\t\n\n<span><span><a href=\"https:\/\/trackonline.com\/de\/\">Home<\/a><\/span><\/span>\n\t\t<\/div>\n\t\n\n\t\t<\/div>\n\t\t\t\t\t<\/div>\n\n\t\n\n<\/div>\n\t<div id=\"gap-2117461993\" class=\"gap-element clearfix sec-gap\" style=\"display:block; height:auto;\">\n\t\t\n<style>\n#gap-2117461993 {\n  padding-top: 30px;\n}\n<\/style>\n\t<\/div>\n\t\n\n<div class=\"row row-1\"  id=\"row-1608396126\">\n\n\n\t<div id=\"col-1337803960\" class=\"col col-1 medium-8 small-12 large-9\"  >\n\t\t\t\t<div class=\"col-inner\"  >\n\t\t\t\n\t\t\t\n\n\t<div id=\"text-3362097334\" class=\"text h-large white-text\">\n\t\t\n\n<h1>Offene Stellen<\/h1>\n\n\t\t\t<\/div>\n\t\n\n\t\t<\/div>\n\t\t\t\t\t<\/div>\n\n\t\n\n<\/div>\n\t<div id=\"gap-1686677090\" class=\"gap-element clearfix sec-gap\" style=\"display:block; height:auto;\">\n\t\t\n<style>\n#gap-1686677090 {\n  padding-top: 30px;\n}\n<\/style>\n\t<\/div>\n\t\n\n\t<div id=\"gap-1910804285\" class=\"gap-element clearfix sec-gap show-for-medium\" style=\"display:block; height:auto;\">\n\t\t\n<style>\n#gap-1910804285 {\n  padding-top: 30px;\n}\n<\/style>\n\t<\/div>\n\t\n\n\n\t\t<\/div>\n\n\t\t\n<style>\n#section_1865619920 {\n  padding-top: 0px;\n  padding-bottom: 0px;\n  background-color: rgb(0, 21, 62);\n}\n<\/style>\n\t<\/section>\n\t\n\n\t<section class=\"section vacatures-section-1\" id=\"section_186445055\">\n\t\t<div class=\"section-bg fill\" >\n\t\t\t\t\t\t\t\t\t\n\t\t\t\n\n\t\t<\/div>\n\n\t\t\n\n\t\t<div class=\"section-content relative\">\n\t\t\t\n\n<div class=\"row row-1 wide\"  id=\"row-466807929\">\n\n\n\t<div id=\"col-423063584\" class=\"col col-1 small-12 large-12\"  >\n\t\t\t\t<div class=\"col-inner\" style=\"background-color:rgb(255,255,255);\" >\n\t\t\t\n\t\t\t\n\n<div class=\"row row-full-width align-equal row-1-inner\"  id=\"row-5424878\">\n\n\n\t<div id=\"col-735352926\" class=\"col col-1 medium-12 small-12 large-6\"  >\n\t\t\t\t<div class=\"col-inner\"  >\n\t\t\t\n\t\t\t\n\n\t<div id=\"text-1792727500\" class=\"text h-small\">\n\t\t\n\n<h2>Wir sind ein Team von motivierten Spezialisten, die sich zusammengeschlossen haben, um die besten Ergebnisse zu erzielen.<\/h2>\n\n\t\t\t<\/div>\n\t\n<p>Dabei sind wir praxisorientierte Perfektionisten. TrackOnline hat eine flache Hierarchie und eine kollegiale, informelle Arbeitsatmosph\u00e4re. Bei TrackOnline bestimmen alle Mitarbeiter\/-innen ihre Zukunft selbst, denn wir glauben, dass es f\u00fcr jeden wichtig ist, sich weiterzuentwickeln. F\u00fcr alle Mitarbeiter-\/innen gibt es also Raum und einen ma\u00dfgeschneiderten Entwicklungsweg.<\/p>\n<p>TrackOnline ist immer auf der Suche nach neuen Kolleginnen und Kollegen. Wollen Sie unser Team verst\u00e4rken? Wir haben derzeit die unten aufgef\u00fchrten Stellen zu besetzen. Eine Initiativbewerbung ist jederzeit m\u00f6glich.<\/p>\n\n\t\t<\/div>\n\t\t\t\t\n<style>\n#col-735352926 > .col-inner {\n  margin: 0px 0px 30px 0px;\n}\n@media (min-width:550px) {\n  #col-735352926 > .col-inner {\n    margin: 0px 0px 0px 0px;\n  }\n}\n<\/style>\n\t<\/div>\n\n\t\n\n\t<div id=\"col-1285747963\" class=\"col col-2 medium-6 small-12 large-6\"  >\n\t\t\t\t<div class=\"col-inner\"  >\n\t\t\t\n\t\t\t\n\n\t<div id=\"text-3706001065\" class=\"text p-large\">\n\t\t\n\n<h4>Unsere Stellenangebote<\/h4>\n\n\t\t\n<style>\n#text-3706001065 {\n  color: rgb(223, 70, 97);\n}\n#text-3706001065 > * {\n  color: rgb(223, 70, 97);\n}\n<\/style>\n\t<\/div>\n\t\n\n\n\n\n\n\t\t<\/div>\n\t\t\t\t\t<\/div>\n\n\t\n\n<\/div>\n\n\t\t<\/div>\n\t\t\t\t\n<style>\n#col-423063584 > .col-inner {\n  padding: 35px 30px 100px 30px;\n  margin: -25px 0px 0px 0px;\n  border-radius: 10px;\n}\n@media (min-width:550px) {\n  #col-423063584 > .col-inner {\n    padding: 35px 50px 100px 50px;\n  }\n}\n@media (min-width:850px) {\n  #col-423063584 > .col-inner {\n    padding: 75px 75px 100px 75px;\n    margin: -45px 0px 0px 0px;\n  }\n}\n<\/style>\n\t<\/div>\n\n\t\n\n<\/div>\n\n\t\t<\/div>\n\n\t\t\n<style>\n#section_186445055 {\n  padding-top: 0px;\n  padding-bottom: 0px;\n}\n<\/style>\n\t<\/section>\n\t\n\n","protected":false},"excerpt":{"rendered":"","protected":false},"author":1,"featured_media":14414,"parent":0,"menu_order":1,"comment_status":"closed","ping_status":"closed","template":"page-transparent-header-light.php","meta":{"content-type":"","footnotes":""},"class_list":["post-14479","page","type-page","status-publish","has-post-thumbnail","hentry"],"yoast_head":"<!-- This site is optimized with the Yoast SEO plugin v27.3 - https:\/\/yoast.com\/product\/yoast-seo-wordpress\/ -->\n<title>Stellenangebote bei TrackOnline: Werden Sie noch heute Teil unseres Teams - Trackonline<\/title>\n<meta name=\"description\" content=\"Wir sind Perfektionisten und gleichzeitig sehr praxisorientiert. TrackOnline hat eine flache Organisation und eine kollegiale, informelle Arbeitsatmosph\u00e4re.\" \/>\n<meta name=\"robots\" content=\"index, follow, max-snippet:-1, max-image-preview:large, max-video-preview:-1\" \/>\n<link rel=\"canonical\" href=\"https:\/\/trackonline.com\/de\/offene-stellen\/\" \/>\n<meta property=\"og:locale\" content=\"de_DE\" \/>\n<meta property=\"og:type\" content=\"article\" \/>\n<meta property=\"og:title\" content=\"Vacancies at TrackOnline: Join Our Team Today - Trackonline\" \/>\n<meta property=\"og:description\" content=\"We are perfectionists and at the same time very practice-oriented. TrackOnline has a flat organization and a collegial, informal working atmosphere.\" \/>\n<meta property=\"og:url\" content=\"https:\/\/trackonline.com\/de\/offene-stellen\/\" \/>\n<meta property=\"og:site_name\" content=\"Trackonline\" \/>\n<meta property=\"article:modified_time\" content=\"2026-01-09T09:20:53+00:00\" \/>\n<meta property=\"og:image\" content=\"https:\/\/trackonline.com\/wp-content\/uploads\/2026\/01\/TrackOnline-ons-streven.webp\" \/>\n\t<meta property=\"og:image:width\" content=\"768\" \/>\n\t<meta property=\"og:image:height\" content=\"512\" \/>\n\t<meta property=\"og:image:type\" content=\"image\/webp\" \/>\n<meta name=\"twitter:card\" content=\"summary_large_image\" \/>\n<meta name=\"twitter:label1\" content=\"Gesch\u00e4tzte Lesezeit\" \/>\n\t<meta name=\"twitter:data1\" content=\"2\u00a0Minuten\" \/>\n<script type=\"application\/ld+json\" class=\"yoast-schema-graph\">{\"@context\":\"https:\\\/\\\/schema.org\",\"@graph\":[{\"@type\":\"WebPage\",\"@id\":\"https:\\\/\\\/trackonline.com\\\/de\\\/offene-stellen\\\/\",\"url\":\"https:\\\/\\\/trackonline.com\\\/de\\\/offene-stellen\\\/\",\"name\":\"Stellenangebote bei TrackOnline: Werden Sie noch heute Teil unseres Teams - Trackonline\",\"isPartOf\":{\"@id\":\"https:\\\/\\\/trackonline.com\\\/de\\\/#website\"},\"primaryImageOfPage\":{\"@id\":\"https:\\\/\\\/trackonline.com\\\/de\\\/offene-stellen\\\/#primaryimage\"},\"image\":{\"@id\":\"https:\\\/\\\/trackonline.com\\\/de\\\/offene-stellen\\\/#primaryimage\"},\"thumbnailUrl\":\"https:\\\/\\\/trackonline.com\\\/wp-content\\\/uploads\\\/2025\\\/12\\\/Returnable-value-image.webp\",\"datePublished\":\"2026-01-08T12:23:16+00:00\",\"dateModified\":\"2026-01-09T09:20:53+00:00\",\"description\":\"Wir sind Perfektionisten und gleichzeitig sehr praxisorientiert. TrackOnline hat eine flache Organisation und eine kollegiale, informelle Arbeitsatmosph\u00e4re.\",\"breadcrumb\":{\"@id\":\"https:\\\/\\\/trackonline.com\\\/de\\\/offene-stellen\\\/#breadcrumb\"},\"inLanguage\":\"de\",\"potentialAction\":[{\"@type\":\"ReadAction\",\"target\":[\"https:\\\/\\\/trackonline.com\\\/de\\\/offene-stellen\\\/\"]}]},{\"@type\":\"ImageObject\",\"inLanguage\":\"de\",\"@id\":\"https:\\\/\\\/trackonline.com\\\/de\\\/offene-stellen\\\/#primaryimage\",\"url\":\"https:\\\/\\\/trackonline.com\\\/wp-content\\\/uploads\\\/2025\\\/12\\\/Returnable-value-image.webp\",\"contentUrl\":\"https:\\\/\\\/trackonline.com\\\/wp-content\\\/uploads\\\/2025\\\/12\\\/Returnable-value-image.webp\",\"width\":1200,\"height\":800},{\"@type\":\"BreadcrumbList\",\"@id\":\"https:\\\/\\\/trackonline.com\\\/de\\\/offene-stellen\\\/#breadcrumb\",\"itemListElement\":[{\"@type\":\"ListItem\",\"position\":1,\"name\":\"Home\",\"item\":\"https:\\\/\\\/trackonline.com\\\/de\\\/\"},{\"@type\":\"ListItem\",\"position\":2,\"name\":\"Offene Stellen\"}]},{\"@type\":\"WebSite\",\"@id\":\"https:\\\/\\\/trackonline.com\\\/de\\\/#website\",\"url\":\"https:\\\/\\\/trackonline.com\\\/de\\\/\",\"name\":\"Trackonline\",\"description\":\"\",\"potentialAction\":[{\"@type\":\"SearchAction\",\"target\":{\"@type\":\"EntryPoint\",\"urlTemplate\":\"https:\\\/\\\/trackonline.com\\\/de\\\/?s={search_term_string}\"},\"query-input\":{\"@type\":\"PropertyValueSpecification\",\"valueRequired\":true,\"valueName\":\"search_term_string\"}}],\"inLanguage\":\"de\"}]}<\/script>\n<!-- \/ Yoast SEO plugin. -->","yoast_head_json":{"title":"Stellenangebote bei TrackOnline: Werden Sie noch heute Teil unseres Teams - Trackonline","description":"Wir sind Perfektionisten und gleichzeitig sehr praxisorientiert. TrackOnline hat eine flache Organisation und eine kollegiale, informelle Arbeitsatmosph\u00e4re.","robots":{"index":"index","follow":"follow","max-snippet":"max-snippet:-1","max-image-preview":"max-image-preview:large","max-video-preview":"max-video-preview:-1"},"canonical":"https:\/\/trackonline.com\/de\/offene-stellen\/","og_locale":"de_DE","og_type":"article","og_title":"Vacancies at TrackOnline: Join Our Team Today - Trackonline","og_description":"We are perfectionists and at the same time very practice-oriented. TrackOnline has a flat organization and a collegial, informal working atmosphere.","og_url":"https:\/\/trackonline.com\/de\/offene-stellen\/","og_site_name":"Trackonline","article_modified_time":"2026-01-09T09:20:53+00:00","og_image":[{"width":768,"height":512,"url":"https:\/\/trackonline.com\/wp-content\/uploads\/2026\/01\/TrackOnline-ons-streven.webp","type":"image\/webp"}],"twitter_card":"summary_large_image","twitter_misc":{"Gesch\u00e4tzte Lesezeit":"2\u00a0Minuten"},"schema":{"@context":"https:\/\/schema.org","@graph":[{"@type":"WebPage","@id":"https:\/\/trackonline.com\/de\/offene-stellen\/","url":"https:\/\/trackonline.com\/de\/offene-stellen\/","name":"Stellenangebote bei TrackOnline: Werden Sie noch heute Teil unseres Teams - Trackonline","isPartOf":{"@id":"https:\/\/trackonline.com\/de\/#website"},"primaryImageOfPage":{"@id":"https:\/\/trackonline.com\/de\/offene-stellen\/#primaryimage"},"image":{"@id":"https:\/\/trackonline.com\/de\/offene-stellen\/#primaryimage"},"thumbnailUrl":"https:\/\/trackonline.com\/wp-content\/uploads\/2025\/12\/Returnable-value-image.webp","datePublished":"2026-01-08T12:23:16+00:00","dateModified":"2026-01-09T09:20:53+00:00","description":"Wir sind Perfektionisten und gleichzeitig sehr praxisorientiert. TrackOnline hat eine flache Organisation und eine kollegiale, informelle Arbeitsatmosph\u00e4re.","breadcrumb":{"@id":"https:\/\/trackonline.com\/de\/offene-stellen\/#breadcrumb"},"inLanguage":"de","potentialAction":[{"@type":"ReadAction","target":["https:\/\/trackonline.com\/de\/offene-stellen\/"]}]},{"@type":"ImageObject","inLanguage":"de","@id":"https:\/\/trackonline.com\/de\/offene-stellen\/#primaryimage","url":"https:\/\/trackonline.com\/wp-content\/uploads\/2025\/12\/Returnable-value-image.webp","contentUrl":"https:\/\/trackonline.com\/wp-content\/uploads\/2025\/12\/Returnable-value-image.webp","width":1200,"height":800},{"@type":"BreadcrumbList","@id":"https:\/\/trackonline.com\/de\/offene-stellen\/#breadcrumb","itemListElement":[{"@type":"ListItem","position":1,"name":"Home","item":"https:\/\/trackonline.com\/de\/"},{"@type":"ListItem","position":2,"name":"Offene Stellen"}]},{"@type":"WebSite","@id":"https:\/\/trackonline.com\/de\/#website","url":"https:\/\/trackonline.com\/de\/","name":"Trackonline","description":"","potentialAction":[{"@type":"SearchAction","target":{"@type":"EntryPoint","urlTemplate":"https:\/\/trackonline.com\/de\/?s={search_term_string}"},"query-input":{"@type":"PropertyValueSpecification","valueRequired":true,"valueName":"search_term_string"}}],"inLanguage":"de"}]}},"_links":{"self":[{"href":"https:\/\/trackonline.com\/de\/wp-json\/wp\/v2\/pages\/14479","targetHints":{"allow":["GET"]}}],"collection":[{"href":"https:\/\/trackonline.com\/de\/wp-json\/wp\/v2\/pages"}],"about":[{"href":"https:\/\/trackonline.com\/de\/wp-json\/wp\/v2\/types\/page"}],"author":[{"embeddable":true,"href":"https:\/\/trackonline.com\/de\/wp-json\/wp\/v2\/users\/1"}],"replies":[{"embeddable":true,"href":"https:\/\/trackonline.com\/de\/wp-json\/wp\/v2\/comments?post=14479"}],"version-history":[{"count":5,"href":"https:\/\/trackonline.com\/de\/wp-json\/wp\/v2\/pages\/14479\/revisions"}],"predecessor-version":[{"id":14648,"href":"https:\/\/trackonline.com\/de\/wp-json\/wp\/v2\/pages\/14479\/revisions\/14648"}],"wp:featuredmedia":[{"embeddable":true,"href":"https:\/\/trackonline.com\/de\/wp-json\/wp\/v2\/media\/14414"}],"wp:attachment":[{"href":"https:\/\/trackonline.com\/de\/wp-json\/wp\/v2\/media?parent=14479"}],"curies":[{"name":"wp","href":"https:\/\/api.w.org\/{rel}","templated":true}]}}