{"id":14676,"date":"2026-01-08T07:09:52","date_gmt":"2026-01-08T07:09:52","guid":{"rendered":"https:\/\/trackonline.com\/calculator\/"},"modified":"2026-02-04T08:47:22","modified_gmt":"2026-02-04T08:47:22","slug":"taschenrechner","status":"publish","type":"page","link":"https:\/\/trackonline.com\/de\/taschenrechner\/","title":{"rendered":"Taschenrechner"},"content":{"rendered":"\n\n\t<section class=\"section calculator-banner bg-arrows\" id=\"section_1429076701\">\n\t\t<div class=\"section-bg fill\" >\n\t\t\t\t\t\t\t\t\t\n\t\t\t\n\n\t\t<\/div>\n\n\t\t\n\n\t\t<div class=\"section-content relative\">\n\t\t\t\n\n\t<div id=\"gap-1093115751\" class=\"gap-element clearfix\" style=\"display:block; height:auto;\">\n\t\t\n<style>\n#gap-1093115751 {\n  padding-top: 95px;\n}\n@media (min-width:550px) {\n  #gap-1093115751 {\n    padding-top: 125px;\n  }\n}\n<\/style>\n\t<\/div>\n\t\n\n<div class=\"row breadcrumb-row\"  id=\"row-421701008\">\n\n\n\t<div id=\"col-1640622790\" class=\"col col-1 small-12 large-12\"  >\n\t\t\t\t<div class=\"col-inner\"  >\n\t\t\t\n\t\t\t\n\n\t\t<div class=\"white-text\">\n\t\t\t\t\n\n<span><span><a href=\"https:\/\/trackonline.com\/de\/\">Home<\/a><\/span><\/span>\n\t\t<\/div>\n\t\n\n\t\t<\/div>\n\t\t\t\t\t<\/div>\n\n\t\n\n<\/div>\n\t<div id=\"gap-1596878429\" class=\"gap-element clearfix sec-gap\" style=\"display:block; height:auto;\">\n\t\t\n<style>\n#gap-1596878429 {\n  padding-top: 30px;\n}\n<\/style>\n\t<\/div>\n\t\n\n<div class=\"row row-1\"  id=\"row-1853132540\">\n\n\n\t<div id=\"col-842780906\" class=\"col col-1 medium-8 small-12 large-9\"  >\n\t\t\t\t<div class=\"col-inner\"  >\n\t\t\t\n\t\t\t\n\n\t<div id=\"text-1818638007\" class=\"text h-large white-text\">\n\t\t\n\n<h1>Was kann TrackOnline f\u00fcr Ihr Unternehmen leisten?<\/h1>\n\t\t\t<\/div>\n\t\n\t\t<div class=\"buttons\">\n\t\t\t\t\n\n<a class=\"primary\" href=\"#calculate\">RO berechnen<\/a>\n\t\t<\/div>\n\t\n\n\t\t<\/div>\n\t\t\t\t\t<\/div>\n\n\t\n\n<\/div>\n\t<div id=\"gap-148900371\" class=\"gap-element clearfix sec-gap\" style=\"display:block; height:auto;\">\n\t\t\n<style>\n#gap-148900371 {\n  padding-top: 30px;\n}\n<\/style>\n\t<\/div>\n\t\n\n\t<div id=\"gap-1309093712\" class=\"gap-element clearfix sec-gap show-for-medium\" style=\"display:block; height:auto;\">\n\t\t\n<style>\n#gap-1309093712 {\n  padding-top: 30px;\n}\n<\/style>\n\t<\/div>\n\t\n\n\n\t\t<\/div>\n\n\t\t\n<style>\n#section_1429076701 {\n  padding-top: 0px;\n  padding-bottom: 0px;\n  background-color: rgb(0, 21, 62);\n}\n<\/style>\n\t<\/section>\n\t\n\n\t<section class=\"section calculator-section-1\" id=\"section_66770128\">\n\t\t<div class=\"section-bg fill\" >\n\t\t\t\t\t\t\t\t\t\n\t\t\t\n\n\t\t<\/div>\n\n\t\t\n\n\t\t<div class=\"section-content relative\">\n\t\t\t\n\n<div class=\"row row-1 wide\"  id=\"row-933903934\">\n\n\n\t<div id=\"col-399994900\" class=\"col col-1 small-12 large-12\"  >\n\t\t\t\t<div class=\"col-inner\" style=\"background-color:rgb(255,255,255);\" >\n\t\t\t\n\t\t\t\n\n<div class=\"row row-full-width align-equal row-1-inner\"  id=\"row-1961345453\">\n\n\n\t<div id=\"col-969484722\" class=\"col col-1 medium-12 small-12 large-6\"  >\n\t\t\t\t<div class=\"col-inner\"  >\n\t\t\t\n\t\t\t\n\n\t<div id=\"text-4128196074\" class=\"text h-medium-s\">\n\t\t\n\n<h2>Rechner,<br \/>\nBerechnen Sie hier Ihren ROI<\/h2>\n\t\t\t<\/div>\n\t\n<p><strong>Dieser Rechner soll helfen, den Rentabilit\u00e4t der Investition = ROI von TrackOnline zu berechnen. Durch diese Berechnung erh\u00e4lt man einen Einblick, wie viel ein Unternehmen durch den Einsatz von TrackOnline sparen kann.<\/strong><\/p>\n<p><strong>Die Verwendung des Rechners ist sehr einfach:<\/strong><br \/><strong>1.<\/strong>\u00a0Geben Sie an, wie viele Transportsendungen Sie j\u00e4hrlich versenden.<br \/><strong>2.<\/strong>\u00a0Geben Sie den durchschnittlichen Einkaufspreis f\u00fcr 1 Transportgut ein.<br \/><strong>3.<\/strong>\u00a0Tragen Sie schlie\u00dflich ein, wie viele % Transportg\u00fcter Sie j\u00e4hrlich verlieren.<\/p>\n<p>Nachdem alle Daten eingegeben wurden, zeigt der Rechner, wie viele Euro j\u00e4hrlich durch wiederverwendbare Transportg\u00fcter verloren gehen. Darunter steht der ROI. Der ROI gibt an, wie oft Sie die Standardlizenz von TrackOnline zur\u00fcckverdienen. Unter der Annahme, dass mit dem Einsatz von TrackOnline die Verpackungsregistrierung nun wasserdicht ist und Sie alle Mehrwegtransportg\u00fcter von den Kunden zur\u00fcckbekommen (oder die verlorenen G\u00fcter in Rechnung stellen k\u00f6nnen).<\/p>\n<p><em>BITTE BEACHTEN SIE: TrackOnline \u00fcbernimmt keine Garantie f\u00fcr das Ergebnis dieses Rechners.<\/em><\/p>\n\t\t<div class=\"buttons\">\n\t\t\t\t\n\n<a class=\"primary\" href=\"https:\/\/trackonline.com\/de\/kontakt\/\">Mehr Informationen?<\/a>\n\t\t<\/div>\n\t\n\n\t\t<\/div>\n\t\t\t\t\n<style>\n#col-969484722 > .col-inner {\n  margin: 0px 0px 30px 0px;\n}\n@media (min-width:550px) {\n  #col-969484722 > .col-inner {\n    margin: 0px 0px 0px 0px;\n  }\n}\n<\/style>\n\t<\/div>\n\n\t\n\n\t<div id=\"col-598042931\" class=\"col col-2 medium-5 small-12 large-6\"  >\n\t\t\t\t<div class=\"col-inner\"  >\n\t\t\t\n\t\t\t\n\n<span class=\"scroll-to\" data-label=\"Scroll to: #calculate\" data-bullet=\"false\" data-link=\"#calculate\" data-title=\"calculate\" ><a name=\"calculate\"><\/a><\/span>\n\n\n\n<div class=\"calconic-calculator\" data-calculatorid=\"64099bd3f5bc80001e6c139f\"><\/div>\n<script>\n  (function() { var qs,j,q,s,d=document, gi=d.getElementById,\n  ce=d.createElement, gt=d.getElementsByTagName,\n  id=\"calconic_\", b=\"https:\/\/cdn.calconic.com\/static\/js\/\";\n  if(!gi.call(d,id)) { j=ce.call(d,\"script\"); j.id=id; j.type=\"text\/javascript\"; j.async=true;\n  j.dataset.calconic=true;\n  j.src=b+\"calconic.min.js\"; q=gt.call(d,\"script\")[0]; q.parentNode.insertBefore(j,q) }\n})();\n<\/script>\n\n\n\t\t<\/div>\n\t\t\t\t\t<\/div>\n\n\t\n\n<\/div>\n\n\t\t<\/div>\n\t\t\t\t\n<style>\n#col-399994900 > .col-inner {\n  padding: 35px 30px 100px 30px;\n  margin: -25px 0px 0px 0px;\n  border-radius: 10px;\n}\n@media (min-width:550px) {\n  #col-399994900 > .col-inner {\n    padding: 35px 50px 100px 50px;\n  }\n}\n@media (min-width:850px) {\n  #col-399994900 > .col-inner {\n    padding: 75px 75px 100px 75px;\n    margin: -45px 0px 0px 0px;\n  }\n}\n<\/style>\n\t<\/div>\n\n\t\n\n<\/div>\n\n\t\t<\/div>\n\n\t\t\n<style>\n#section_66770128 {\n  padding-top: 0px;\n  padding-bottom: 0px;\n}\n<\/style>\n\t<\/section>\n\t\n\n\t<section class=\"section calculator-section-2 bg-arrows-light\" id=\"section_1444400504\">\n\t\t<div class=\"section-bg fill\" >\n\t\t\t\t\t\t\t\t\t\n\t\t\t\n\n\t\t<\/div>\n\n\t\t\n\n\t\t<div class=\"section-content relative\">\n\t\t\t\n\n\t<div id=\"gap-1829160319\" class=\"gap-element clearfix sec-gap\" style=\"display:block; height:auto;\">\n\t\t\n<style>\n#gap-1829160319 {\n  padding-top: 30px;\n}\n<\/style>\n\t<\/div>\n\t\n\n<div class=\"row align-equal row-1\"  id=\"row-481017268\">\n\n\n\t<div id=\"col-1682114332\" class=\"col col-1 hide-for-small medium-5 small-12 large-6\"  >\n\t\t\t\t<div class=\"col-inner\"  >\n\t\t\t\n\t\t\t\n\n\t<div class=\"img has-hover x md-x lg-x y md-y lg-y\" id=\"image_565708366\">\n\t\t\t\t\t\t\t\t<div class=\"img-inner dark\" >\n\t\t\t<img decoding=\"async\" width=\"1020\" height=\"574\" src=\"https:\/\/trackonline.com\/wp-content\/uploads\/2026\/01\/TrackOnline-28-landingspagina-website-goed-1024x576.webp\" class=\"attachment-large size-large\" alt=\"\" srcset=\"https:\/\/trackonline.com\/wp-content\/uploads\/2026\/01\/TrackOnline-28-landingspagina-website-goed-1024x576.webp 1024w, https:\/\/trackonline.com\/wp-content\/uploads\/2026\/01\/TrackOnline-28-landingspagina-website-goed-300x169.webp 300w, https:\/\/trackonline.com\/wp-content\/uploads\/2026\/01\/TrackOnline-28-landingspagina-website-goed-768x432.webp 768w, https:\/\/trackonline.com\/wp-content\/uploads\/2026\/01\/TrackOnline-28-landingspagina-website-goed.webp 1122w\" sizes=\"(max-width: 1020px) 100vw, 1020px\" \/>\t\t\t\t\t\t\n\t\t\t\t\t<\/div>\n\t\t\t\t\t\t\t\t\n<style>\n#image_565708366 {\n  width: 100%;\n}\n<\/style>\n\t<\/div>\n\t\n\n\n\t\t<\/div>\n\t\t\t\t\t<\/div>\n\n\t\n\n\t<div id=\"col-1052919063\" class=\"col col-2 medium-7 small-12 large-6\"  >\n\t\t\t\t<div class=\"col-inner\"  >\n\t\t\t\n\t\t\t\n\n\t<div id=\"text-3112859550\" class=\"text h-medium\">\n\t\t\n\n<h2>Verpackung Registrierung einer<br \/>Black Box\u201d<\/h2>\n\t\t\t<\/div>\n\t\n<p>Alles, was auf der Welt transportiert wird, kommt in oder auf etwas, nichts wird einfach so in einen Lastwagen geworfen. Oft ist der Ladungstr\u00e4ger wertvoller als die Waren selbst, und es wird immer wichtiger zu wissen, wo sie sich befinden und wer f\u00fcr sie verantwortlich ist.<\/p>\n<p>F\u00fcr viele Unternehmen ist die Verwaltung von Leihgut eine Blackbox. Mit TrackOnline erhalten Sie Einblick in die Verpackungsstr\u00f6me, Sie wissen, wo sich die Ladungstr\u00e4ger befinden, und Sie wissen, wer daf\u00fcr verantwortlich ist. TrackOnline kann mit anderen Softwarepaketen wie Buchhaltungs-, ERP-, TMS- und WMS-Systemen verkn\u00fcpft werden. Doppelte Eingaben und Verwaltung geh\u00f6ren damit der Vergangenheit an. Mit TrackOnline bekommen Sie Ihre Warenstr\u00f6me in den Griff und sparen Zeit.<\/p>\n\n\t\t<\/div>\n\t\t\t\t\n<style>\n#col-1052919063 > .col-inner {\n  padding: 0px 0px 0px 0px;\n}\n@media (min-width:850px) {\n  #col-1052919063 > .col-inner {\n    padding: 75px 0px 75px 50px;\n  }\n}\n<\/style>\n\t<\/div>\n\n\t\n\n<\/div>\n\t<div id=\"gap-376226575\" class=\"gap-element clearfix sec-gap\" style=\"display:block; height:auto;\">\n\t\t\n<style>\n#gap-376226575 {\n  padding-top: 30px;\n}\n<\/style>\n\t<\/div>\n\t\n\n\n\t\t<\/div>\n\n\t\t\n<style>\n#section_1444400504 {\n  padding-top: 0px;\n  padding-bottom: 0px;\n  background-color: rgb(186, 201, 255);\n}\n<\/style>\n\t<\/section>\n\t\n\n\t<section class=\"section calculator-section-3\" id=\"section_1824689914\">\n\t\t<div class=\"section-bg fill\" >\n\t\t\t\t\t\t\t\t\t\n\t\t\t\n\n\t\t<\/div>\n\n\t\t\n\n\t\t<div class=\"section-content relative\">\n\t\t\t\n\n\t<div id=\"gap-642194537\" class=\"gap-element clearfix sec-gap\" style=\"display:block; height:auto;\">\n\t\t\n<style>\n#gap-642194537 {\n  padding-top: 30px;\n}\n<\/style>\n\t<\/div>\n\t\n\n<div class=\"row row-1\"  id=\"row-1759248249\">\n\n\n\t<div id=\"col-469351995\" class=\"col col-1 small-12 large-12\"  >\n\t\t\t\t<div class=\"col-inner\"  >\n\t\t\t\n\t\t\t\n\n\t<div id=\"text-1853838290\" class=\"text h-medium\">\n\t\t\n\n<h2>Was genau ist<br \/>\nTrackOnline?<\/h2>\n\t\t\t<\/div>\n\t\n\n\t\t<\/div>\n\t\t\t\t\t<\/div>\n\n\t\n\n\t<div id=\"col-1915354386\" class=\"col col-2 medium-6 small-12 large-6\"  >\n\t\t\t\t<div class=\"col-inner\"  >\n\t\t\t\n\t\t\t\n\n<p>TrackOnline ist die Online-Plattform, auf der Verpackungen registriert werden. Behalten Sie den \u00dcberblick \u00fcber Ihre Ladungstr\u00e4ger, wie z.B.: Paletten- Container- D\u00e4nische Wagen- CC-Wagen- Stapelwagen- Platten- F\u00e4sser- Kisten- Dollies- IBC- F\u00e4sser- Trollies- Beh\u00e4lter usw. Alle Arten von Ladungstr\u00e4gern in einem Gesamtpaket registriert.<\/p>\n<p>Verpackungsengp\u00e4sse geh\u00f6ren der Vergangenheit an, dank der schl\u00fcssigen Verpackungsverwaltung in unserer cloudbasierten Plattform.<\/p>\n\n\t\t<\/div>\n\t\t\t\t\t<\/div>\n\n\t\n\n\t<div id=\"col-847760728\" class=\"col col-3 medium-6 small-12 large-6\"  >\n\t\t\t\t<div class=\"col-inner\"  >\n\t\t\t\n\t\t\t\n\n<p>Alle Verpackungstransaktionen mit Beziehungen sind in einem System und in Echtzeit verf\u00fcgbar. Packzettel, Packscheine, e-CMR, digitale Frachtbriefe und Transaktionsnotizen werden online gepflegt, so dass alle dieselben Daten einsehen k\u00f6nnen. Dar\u00fcber hinaus wird die gegenseitige Zusammenarbeit verbessert, indem die Salden mit Kunden und Lieferanten schnell online abgeglichen werden, um bestimmte Zeitr\u00e4ume abzuschlie\u00dfen.<\/p>\n\t\t<div class=\"buttons\">\n\t\t\t\t\n\n<a class=\"primary\" href=\"https:\/\/trackonline.com\/de\/demo-anfragen\/\">Demo anfragen<\/a>\n\t\t<\/div>\n\t\n\n\t\t<\/div>\n\t\t\t\t\t<\/div>\n\n\t\n\n<\/div>\n\t<div id=\"gap-200871351\" class=\"gap-element clearfix sec-gap\" style=\"display:block; height:auto;\">\n\t\t\n<style>\n#gap-200871351 {\n  padding-top: 30px;\n}\n<\/style>\n\t<\/div>\n\t\n\n<div class=\"row row-2\"  id=\"row-686829506\">\n\n\n\t<div id=\"col-1646018766\" class=\"col col-1 small-12 large-12\"  >\n\t\t\t\t<div class=\"col-inner\"  >\n\t\t\t\n\t\t\t\n\n\t<div id=\"text-476946788\" class=\"text h-small-s\">\n\t\t\n\n<h3>Organisationen, die<br \/>\nbereits auf TrackOnline setzen<\/h3>\n\t\t\t<\/div>\n\t\n\n\n<div class=\"splide\" role=\"group\" id=\"klanten_slider\">\n  <div class=\"splide__track\">\n<ul class=\"splide__list\">\n<li class=\"splide__slide\"><img decoding=\"async\" src=\"\/wp-content\/uploads\/2025\/12\/HB-RTS-logo.webp\"><\/li>\n<li class=\"splide__slide\"><img decoding=\"async\" src=\"\/wp-content\/uploads\/2026\/01\/bloomon-logo-transparant-cropped.png\"><\/li>\n<li class=\"splide__slide\"><img decoding=\"async\" src=\"\/wp-content\/uploads\/2026\/01\/logo-bakker-Fuite.webp\"><\/li>\n<li class=\"splide__slide\"><img decoding=\"async\" src=\"\/wp-content\/uploads\/2025\/12\/Royal-FloraHolland-Logo.webp\"><\/li>\n<\/ul>\n<\/div>\n<\/div>\n\n\n\t\t<\/div>\n\t\t\t\t\t<\/div>\n\n\t\n\n<\/div>\n\t<div id=\"gap-119325750\" class=\"gap-element clearfix sec-gap\" style=\"display:block; height:auto;\">\n\t\t\n<style>\n#gap-119325750 {\n  padding-top: 30px;\n}\n<\/style>\n\t<\/div>\n\t\n\n\n\t\t<\/div>\n\n\t\t\n<style>\n#section_1824689914 {\n  padding-top: 0px;\n  padding-bottom: 0px;\n}\n<\/style>\n\t<\/section>\n\t\n\n","protected":false},"excerpt":{"rendered":"","protected":false},"author":1,"featured_media":14678,"parent":0,"menu_order":1,"comment_status":"closed","ping_status":"closed","template":"page-transparent-header-light.php","meta":{"content-type":"","footnotes":""},"class_list":["post-14676","page","type-page","status-publish","has-post-thumbnail","hentry"],"yoast_head":"<!-- This site is optimized with the Yoast SEO plugin v27.3 - https:\/\/yoast.com\/product\/yoast-seo-wordpress\/ -->\n<title>Taschenrechner - TrackOnline<\/title>\n<meta name=\"description\" content=\"Sind Sie neugierig, was die Nutzung von TrackOnline bringen kann? Berechnen Sie den ROI und machen Sie den Rechner-Test unten.\" \/>\n<meta name=\"robots\" content=\"index, follow, max-snippet:-1, max-image-preview:large, max-video-preview:-1\" \/>\n<link rel=\"canonical\" href=\"https:\/\/trackonline.com\/de\/taschenrechner\/\" \/>\n<meta property=\"og:locale\" content=\"de_DE\" \/>\n<meta property=\"og:type\" content=\"article\" \/>\n<meta property=\"og:title\" content=\"Calculator - TrackOnline\" \/>\n<meta property=\"og:description\" content=\"TrackOnline ensures that you can never lose your packaging again. The system shows where it is. You can read information about us here\" \/>\n<meta property=\"og:url\" content=\"https:\/\/trackonline.com\/de\/taschenrechner\/\" \/>\n<meta property=\"og:site_name\" content=\"Trackonline\" \/>\n<meta property=\"article:modified_time\" content=\"2026-02-04T08:47:22+00:00\" \/>\n<meta property=\"og:image\" content=\"https:\/\/trackonline.com\/wp-content\/uploads\/2021\/07\/hp-eerste-vlak.jpg\" \/>\n\t<meta property=\"og:image:width\" content=\"1618\" \/>\n\t<meta property=\"og:image:height\" content=\"1080\" \/>\n\t<meta property=\"og:image:type\" content=\"image\/jpeg\" \/>\n<meta name=\"twitter:card\" content=\"summary_large_image\" \/>\n<meta name=\"twitter:label1\" content=\"Gesch\u00e4tzte Lesezeit\" \/>\n\t<meta name=\"twitter:data1\" content=\"4\u00a0Minuten\" \/>\n<script type=\"application\/ld+json\" class=\"yoast-schema-graph\">{\"@context\":\"https:\\\/\\\/schema.org\",\"@graph\":[{\"@type\":\"WebPage\",\"@id\":\"https:\\\/\\\/trackonline.com\\\/de\\\/taschenrechner\\\/\",\"url\":\"https:\\\/\\\/trackonline.com\\\/de\\\/taschenrechner\\\/\",\"name\":\"Taschenrechner - TrackOnline\",\"isPartOf\":{\"@id\":\"https:\\\/\\\/trackonline.com\\\/de\\\/#website\"},\"primaryImageOfPage\":{\"@id\":\"https:\\\/\\\/trackonline.com\\\/de\\\/taschenrechner\\\/#primaryimage\"},\"image\":{\"@id\":\"https:\\\/\\\/trackonline.com\\\/de\\\/taschenrechner\\\/#primaryimage\"},\"thumbnailUrl\":\"https:\\\/\\\/trackonline.com\\\/wp-content\\\/uploads\\\/2021\\\/07\\\/hp-eerste-vlak.jpg\",\"datePublished\":\"2026-01-08T07:09:52+00:00\",\"dateModified\":\"2026-02-04T08:47:22+00:00\",\"description\":\"Sind Sie neugierig, was die Nutzung von TrackOnline bringen kann? Berechnen Sie den ROI und machen Sie den Rechner-Test unten.\",\"breadcrumb\":{\"@id\":\"https:\\\/\\\/trackonline.com\\\/de\\\/taschenrechner\\\/#breadcrumb\"},\"inLanguage\":\"de\",\"potentialAction\":[{\"@type\":\"ReadAction\",\"target\":[\"https:\\\/\\\/trackonline.com\\\/de\\\/taschenrechner\\\/\"]}]},{\"@type\":\"ImageObject\",\"inLanguage\":\"de\",\"@id\":\"https:\\\/\\\/trackonline.com\\\/de\\\/taschenrechner\\\/#primaryimage\",\"url\":\"https:\\\/\\\/trackonline.com\\\/wp-content\\\/uploads\\\/2021\\\/07\\\/hp-eerste-vlak.jpg\",\"contentUrl\":\"https:\\\/\\\/trackonline.com\\\/wp-content\\\/uploads\\\/2021\\\/07\\\/hp-eerste-vlak.jpg\",\"width\":1618,\"height\":1080,\"caption\":\"hp eerste vlak\"},{\"@type\":\"BreadcrumbList\",\"@id\":\"https:\\\/\\\/trackonline.com\\\/de\\\/taschenrechner\\\/#breadcrumb\",\"itemListElement\":[{\"@type\":\"ListItem\",\"position\":1,\"name\":\"Home\",\"item\":\"https:\\\/\\\/trackonline.com\\\/de\\\/\"},{\"@type\":\"ListItem\",\"position\":2,\"name\":\"Taschenrechner\"}]},{\"@type\":\"WebSite\",\"@id\":\"https:\\\/\\\/trackonline.com\\\/de\\\/#website\",\"url\":\"https:\\\/\\\/trackonline.com\\\/de\\\/\",\"name\":\"Trackonline\",\"description\":\"\",\"potentialAction\":[{\"@type\":\"SearchAction\",\"target\":{\"@type\":\"EntryPoint\",\"urlTemplate\":\"https:\\\/\\\/trackonline.com\\\/de\\\/?s={search_term_string}\"},\"query-input\":{\"@type\":\"PropertyValueSpecification\",\"valueRequired\":true,\"valueName\":\"search_term_string\"}}],\"inLanguage\":\"de\"}]}<\/script>\n<!-- \/ Yoast SEO plugin. -->","yoast_head_json":{"title":"Taschenrechner - TrackOnline","description":"Sind Sie neugierig, was die Nutzung von TrackOnline bringen kann? Berechnen Sie den ROI und machen Sie den Rechner-Test unten.","robots":{"index":"index","follow":"follow","max-snippet":"max-snippet:-1","max-image-preview":"max-image-preview:large","max-video-preview":"max-video-preview:-1"},"canonical":"https:\/\/trackonline.com\/de\/taschenrechner\/","og_locale":"de_DE","og_type":"article","og_title":"Calculator - TrackOnline","og_description":"TrackOnline ensures that you can never lose your packaging again. The system shows where it is. You can read information about us here","og_url":"https:\/\/trackonline.com\/de\/taschenrechner\/","og_site_name":"Trackonline","article_modified_time":"2026-02-04T08:47:22+00:00","og_image":[{"width":1618,"height":1080,"url":"https:\/\/trackonline.com\/wp-content\/uploads\/2021\/07\/hp-eerste-vlak.jpg","type":"image\/jpeg"}],"twitter_card":"summary_large_image","twitter_misc":{"Gesch\u00e4tzte Lesezeit":"4\u00a0Minuten"},"schema":{"@context":"https:\/\/schema.org","@graph":[{"@type":"WebPage","@id":"https:\/\/trackonline.com\/de\/taschenrechner\/","url":"https:\/\/trackonline.com\/de\/taschenrechner\/","name":"Taschenrechner - TrackOnline","isPartOf":{"@id":"https:\/\/trackonline.com\/de\/#website"},"primaryImageOfPage":{"@id":"https:\/\/trackonline.com\/de\/taschenrechner\/#primaryimage"},"image":{"@id":"https:\/\/trackonline.com\/de\/taschenrechner\/#primaryimage"},"thumbnailUrl":"https:\/\/trackonline.com\/wp-content\/uploads\/2021\/07\/hp-eerste-vlak.jpg","datePublished":"2026-01-08T07:09:52+00:00","dateModified":"2026-02-04T08:47:22+00:00","description":"Sind Sie neugierig, was die Nutzung von TrackOnline bringen kann? Berechnen Sie den ROI und machen Sie den Rechner-Test unten.","breadcrumb":{"@id":"https:\/\/trackonline.com\/de\/taschenrechner\/#breadcrumb"},"inLanguage":"de","potentialAction":[{"@type":"ReadAction","target":["https:\/\/trackonline.com\/de\/taschenrechner\/"]}]},{"@type":"ImageObject","inLanguage":"de","@id":"https:\/\/trackonline.com\/de\/taschenrechner\/#primaryimage","url":"https:\/\/trackonline.com\/wp-content\/uploads\/2021\/07\/hp-eerste-vlak.jpg","contentUrl":"https:\/\/trackonline.com\/wp-content\/uploads\/2021\/07\/hp-eerste-vlak.jpg","width":1618,"height":1080,"caption":"hp eerste vlak"},{"@type":"BreadcrumbList","@id":"https:\/\/trackonline.com\/de\/taschenrechner\/#breadcrumb","itemListElement":[{"@type":"ListItem","position":1,"name":"Home","item":"https:\/\/trackonline.com\/de\/"},{"@type":"ListItem","position":2,"name":"Taschenrechner"}]},{"@type":"WebSite","@id":"https:\/\/trackonline.com\/de\/#website","url":"https:\/\/trackonline.com\/de\/","name":"Trackonline","description":"","potentialAction":[{"@type":"SearchAction","target":{"@type":"EntryPoint","urlTemplate":"https:\/\/trackonline.com\/de\/?s={search_term_string}"},"query-input":{"@type":"PropertyValueSpecification","valueRequired":true,"valueName":"search_term_string"}}],"inLanguage":"de"}]}},"_links":{"self":[{"href":"https:\/\/trackonline.com\/de\/wp-json\/wp\/v2\/pages\/14676","targetHints":{"allow":["GET"]}}],"collection":[{"href":"https:\/\/trackonline.com\/de\/wp-json\/wp\/v2\/pages"}],"about":[{"href":"https:\/\/trackonline.com\/de\/wp-json\/wp\/v2\/types\/page"}],"author":[{"embeddable":true,"href":"https:\/\/trackonline.com\/de\/wp-json\/wp\/v2\/users\/1"}],"replies":[{"embeddable":true,"href":"https:\/\/trackonline.com\/de\/wp-json\/wp\/v2\/comments?post=14676"}],"version-history":[{"count":7,"href":"https:\/\/trackonline.com\/de\/wp-json\/wp\/v2\/pages\/14676\/revisions"}],"predecessor-version":[{"id":17047,"href":"https:\/\/trackonline.com\/de\/wp-json\/wp\/v2\/pages\/14676\/revisions\/17047"}],"wp:featuredmedia":[{"embeddable":true,"href":"https:\/\/trackonline.com\/de\/wp-json\/wp\/v2\/media\/14678"}],"wp:attachment":[{"href":"https:\/\/trackonline.com\/de\/wp-json\/wp\/v2\/media?parent=14676"}],"curies":[{"name":"wp","href":"https:\/\/api.w.org\/{rel}","templated":true}]}}