{"id":14689,"date":"2026-01-07T07:12:24","date_gmt":"2026-01-07T07:12:24","guid":{"rendered":"https:\/\/trackonline.com\/industries\/"},"modified":"2026-01-09T09:27:41","modified_gmt":"2026-01-09T09:27:41","slug":"industries","status":"publish","type":"page","link":"https:\/\/trackonline.com\/de\/industries\/","title":{"rendered":"Industries"},"content":{"rendered":"\n\n\t<section class=\"section sectoren-banner\" id=\"section_2019724002\">\n\t\t<div class=\"section-bg fill\" >\n\t\t\t\t\t\t\t\t\t\n\t\t\t\n\n\t\t<\/div>\n\n\t\t\n\n\t\t<div class=\"section-content relative\">\n\t\t\t\n\n\t<div id=\"gap-875094131\" class=\"gap-element clearfix\" style=\"display:block; height:auto;\">\n\t\t\n<style>\n#gap-875094131 {\n  padding-top: 95px;\n}\n@media (min-width:550px) {\n  #gap-875094131 {\n    padding-top: 125px;\n  }\n}\n<\/style>\n\t<\/div>\n\t\n\n<div class=\"row breadcrumb-row\"  id=\"row-1798104394\">\n\n\n\t<div id=\"col-301918975\" class=\"col col-1 small-12 large-12\"  >\n\t\t\t\t<div class=\"col-inner\"  >\n\t\t\t\n\t\t\t\n\n\t\t<div class=\"white-text\">\n\t\t\t\t\n\n<span><span><a href=\"https:\/\/trackonline.com\/de\/\">Home<\/a><\/span><\/span>\n\t\t<\/div>\n\t\n\n\t\t<\/div>\n\t\t\t\t\t<\/div>\n\n\t\n\n<\/div>\n\t<div id=\"gap-558306158\" class=\"gap-element clearfix sec-gap\" style=\"display:block; height:auto;\">\n\t\t\n<style>\n#gap-558306158 {\n  padding-top: 30px;\n}\n<\/style>\n\t<\/div>\n\t\n\n<div class=\"row row-1\"  id=\"row-1244997633\">\n\n\n\t<div id=\"col-1721042223\" class=\"col col-1 medium-8 small-12 large-9\"  >\n\t\t\t\t<div class=\"col-inner\"  >\n\t\t\t\n\t\t\t\n\n\t<div id=\"text-2457863149\" class=\"text h-large white-text\">\n\t\t\n\n<p>W\u00e4hlen Sie Ihre Branche<\/p>\n\n\t\t\t<\/div>\n\t\n\t<div id=\"text-1222631934\" class=\"text white-text\">\n\t\t\n\n<p>Jede Branche arbeitet mit ihren eigenen spezifischen Ladungstr\u00e4gern. Ein Gro\u00dfb\u00e4cker arbeitet mit B\u00e4ckereikisten, w\u00e4hrend in der Gartenbau Container und Stapelwagen genutzt werden. Ein Logistikdienstleister verwaltet oft verschiedene Ladungstr\u00e4ger in einem Pool. Mit TrackOnline werden alle Arten von Ladungstr\u00e4gern verwaltet und auf einer Plattform zusammengef\u00fchrt.<\/p>\n\n\t\t\t<\/div>\n\t\n\n\t\t<\/div>\n\t\t\t\t\t<\/div>\n\n\t\n\n<\/div>\n\t<div id=\"gap-1603416497\" class=\"gap-element clearfix sec-gap\" style=\"display:block; height:auto;\">\n\t\t\n<style>\n#gap-1603416497 {\n  padding-top: 30px;\n}\n<\/style>\n\t<\/div>\n\t\n\n\n\t\t<\/div>\n\n\t\t\n<style>\n#section_2019724002 {\n  padding-top: 0px;\n  padding-bottom: 0px;\n  background-color: rgb(0, 21, 62);\n}\n<\/style>\n\t<\/section>\n\t\n\n\t<section class=\"section wat-is-section-1\" id=\"section_1993508982\">\n\t\t<div class=\"section-bg fill\" >\n\t\t\t\t\t\t\t\t\t\n\t\t\t\n\n\t\t<\/div>\n\n\t\t\n\n\t\t<div class=\"section-content relative\">\n\t\t\t\n\n<div class=\"row row-1 wide\"  id=\"row-2033095843\">\n\n\n\t<div id=\"col-354731959\" class=\"col col-1 small-12 large-12\"  >\n\t\t\t\t<div class=\"col-inner\" style=\"background-color:rgb(255,255,255);\" >\n\t\t\t\n\t\t\t\n\n\t<div id=\"text-689798918\" class=\"text h-medium-s\">\n\t\t\n\n<h2>Einblicke, die f\u00fcr Ihre Branche funktionieren<\/h2>\n\n\t\t\t<\/div>\n\t\n\t\t<div class=\"sectoren-list-template\">\n\t\t\t\t\n\n<a class=\"sector-list-item\" href=\"https:\/\/trackonline.com\/de\/industry\/pooling\/\" aria-label=\"Meer lezen over Pooling\">\r\n\t<img decoding=\"async\" alt=\"\" src=\"https:\/\/trackonline.com\/wp-content\/uploads\/2026\/01\/Pooling-sector-1024x576.webp\">\r\n\t<div class=\"text-container\">\r\n\t\t<div class=\"text p-large\">\r\n\t\t\t<p>Pooling<\/p>\r\n\t\t<\/div>\r\n\t\t<svg xmlns=\"http:\/\/www.w3.org\/2000\/svg\" width=\"29\" height=\"29\" viewBox=\"0 0 29 29\" fill=\"none\">\r\n\t\t\t<rect y=\"0.00012207\" width=\"28.2837\" height=\"28.2837\" rx=\"5\" fill=\"#0C173E\"\/>\r\n\t\t\t<path d=\"M8.31738 14.1415L19.9665 14.1415\" stroke=\"white\"\/>\r\n\t\t\t<path d=\"M15.8242 9.99988L19.9661 14.1418L15.8242 18.2837\" stroke=\"white\"\/>\r\n\t\t<\/svg>\r\n\t<\/div>\r\n<\/a><a class=\"sector-list-item\" href=\"https:\/\/trackonline.com\/de\/industry\/logistikdienstleister\/\" aria-label=\"Meer lezen over Logistikdienstleister\">\r\n\t<img decoding=\"async\" alt=\"\" src=\"https:\/\/trackonline.com\/wp-content\/uploads\/2026\/01\/Freight-forwarding-sector-1024x576.webp\">\r\n\t<div class=\"text-container\">\r\n\t\t<div class=\"text p-large\">\r\n\t\t\t<p>Logistikdienstleister<\/p>\r\n\t\t<\/div>\r\n\t\t<svg xmlns=\"http:\/\/www.w3.org\/2000\/svg\" width=\"29\" height=\"29\" viewBox=\"0 0 29 29\" fill=\"none\">\r\n\t\t\t<rect y=\"0.00012207\" width=\"28.2837\" height=\"28.2837\" rx=\"5\" fill=\"#0C173E\"\/>\r\n\t\t\t<path d=\"M8.31738 14.1415L19.9665 14.1415\" stroke=\"white\"\/>\r\n\t\t\t<path d=\"M15.8242 9.99988L19.9661 14.1418L15.8242 18.2837\" stroke=\"white\"\/>\r\n\t\t<\/svg>\r\n\t<\/div>\r\n<\/a><a class=\"sector-list-item\" href=\"https:\/\/trackonline.com\/de\/industry\/lebensmittel-einzelhandel\/\" aria-label=\"Meer lezen over Lebensmittel-Einzelhandel\">\r\n\t<img decoding=\"async\" alt=\"\" src=\"https:\/\/trackonline.com\/wp-content\/uploads\/2026\/01\/Food-retail-1024x576.webp\">\r\n\t<div class=\"text-container\">\r\n\t\t<div class=\"text p-large\">\r\n\t\t\t<p>Lebensmittel-Einzelhandel<\/p>\r\n\t\t<\/div>\r\n\t\t<svg xmlns=\"http:\/\/www.w3.org\/2000\/svg\" width=\"29\" height=\"29\" viewBox=\"0 0 29 29\" fill=\"none\">\r\n\t\t\t<rect y=\"0.00012207\" width=\"28.2837\" height=\"28.2837\" rx=\"5\" fill=\"#0C173E\"\/>\r\n\t\t\t<path d=\"M8.31738 14.1415L19.9665 14.1415\" stroke=\"white\"\/>\r\n\t\t\t<path d=\"M15.8242 9.99988L19.9661 14.1418L15.8242 18.2837\" stroke=\"white\"\/>\r\n\t\t<\/svg>\r\n\t<\/div>\r\n<\/a><a class=\"sector-list-item\" href=\"https:\/\/trackonline.com\/de\/industry\/lebensmittel-lieferant\/\" aria-label=\"Meer lezen over Lebensmittel-Lieferant\">\r\n\t<img decoding=\"async\" alt=\"\" src=\"https:\/\/trackonline.com\/wp-content\/uploads\/2026\/01\/Foodsupplier-sector-1024x576.webp\">\r\n\t<div class=\"text-container\">\r\n\t\t<div class=\"text p-large\">\r\n\t\t\t<p>Lebensmittel-Lieferant<\/p>\r\n\t\t<\/div>\r\n\t\t<svg xmlns=\"http:\/\/www.w3.org\/2000\/svg\" width=\"29\" height=\"29\" viewBox=\"0 0 29 29\" fill=\"none\">\r\n\t\t\t<rect y=\"0.00012207\" width=\"28.2837\" height=\"28.2837\" rx=\"5\" fill=\"#0C173E\"\/>\r\n\t\t\t<path d=\"M8.31738 14.1415L19.9665 14.1415\" stroke=\"white\"\/>\r\n\t\t\t<path d=\"M15.8242 9.99988L19.9661 14.1418L15.8242 18.2837\" stroke=\"white\"\/>\r\n\t\t<\/svg>\r\n\t<\/div>\r\n<\/a><a class=\"sector-list-item\" href=\"https:\/\/trackonline.com\/de\/industry\/horticulture\/\" aria-label=\"Meer lezen over Gartenbau\">\r\n\t<img decoding=\"async\" alt=\"\" src=\"https:\/\/trackonline.com\/wp-content\/uploads\/2025\/12\/Floriculture-image.webp\">\r\n\t<div class=\"text-container\">\r\n\t\t<div class=\"text p-large\">\r\n\t\t\t<p>Gartenbau<\/p>\r\n\t\t<\/div>\r\n\t\t<svg xmlns=\"http:\/\/www.w3.org\/2000\/svg\" width=\"29\" height=\"29\" viewBox=\"0 0 29 29\" fill=\"none\">\r\n\t\t\t<rect y=\"0.00012207\" width=\"28.2837\" height=\"28.2837\" rx=\"5\" fill=\"#0C173E\"\/>\r\n\t\t\t<path d=\"M8.31738 14.1415L19.9665 14.1415\" stroke=\"white\"\/>\r\n\t\t\t<path d=\"M15.8242 9.99988L19.9661 14.1418L15.8242 18.2837\" stroke=\"white\"\/>\r\n\t\t<\/svg>\r\n\t<\/div>\r\n<\/a>\n\t\t<\/div>\n\t\n\n\t\t<\/div>\n\t\t\t\t\n<style>\n#col-354731959 > .col-inner {\n  padding: 35px 30px 50px 30px;\n  margin: -45px 0px 0px 0px;\n  border-radius: 10px;\n}\n@media (min-width:550px) {\n  #col-354731959 > .col-inner {\n    padding: 50px 30px 50px 30px;\n  }\n}\n@media (min-width:850px) {\n  #col-354731959 > .col-inner {\n    padding: 125px 75px 100px 75px;\n  }\n}\n<\/style>\n\t<\/div>\n\n\t\n\n<\/div>\n\n\t\t<\/div>\n\n\t\t\n<style>\n#section_1993508982 {\n  padding-top: 0px;\n  padding-bottom: 0px;\n}\n<\/style>\n\t<\/section>\n\t\n\n","protected":false},"excerpt":{"rendered":"","protected":false},"author":1,"featured_media":0,"parent":0,"menu_order":2,"comment_status":"closed","ping_status":"closed","template":"page-transparent-header-light.php","meta":{"content-type":"","footnotes":""},"class_list":["post-14689","page","type-page","status-publish","hentry"],"yoast_head":"<!-- This site is optimized with the Yoast SEO plugin v27.3 - https:\/\/yoast.com\/product\/yoast-seo-wordpress\/ -->\n<title>Industries - Trackonline<\/title>\n<meta name=\"robots\" content=\"index, follow, max-snippet:-1, max-image-preview:large, max-video-preview:-1\" \/>\n<link rel=\"canonical\" href=\"https:\/\/trackonline.com\/de\/industries\/\" \/>\n<meta property=\"og:locale\" content=\"de_DE\" \/>\n<meta property=\"og:type\" content=\"article\" \/>\n<meta property=\"og:title\" content=\"Industries - Trackonline\" \/>\n<meta property=\"og:url\" content=\"https:\/\/trackonline.com\/de\/industries\/\" \/>\n<meta property=\"og:site_name\" content=\"Trackonline\" \/>\n<meta property=\"article:modified_time\" content=\"2026-01-09T09:27:41+00:00\" \/>\n<meta name=\"twitter:card\" content=\"summary_large_image\" \/>\n<meta name=\"twitter:label1\" content=\"Gesch\u00e4tzte Lesezeit\" \/>\n\t<meta name=\"twitter:data1\" content=\"1\u00a0Minute\" \/>\n<script type=\"application\/ld+json\" class=\"yoast-schema-graph\">{\"@context\":\"https:\\\/\\\/schema.org\",\"@graph\":[{\"@type\":\"WebPage\",\"@id\":\"https:\\\/\\\/trackonline.com\\\/de\\\/industries\\\/\",\"url\":\"https:\\\/\\\/trackonline.com\\\/de\\\/industries\\\/\",\"name\":\"Industries - Trackonline\",\"isPartOf\":{\"@id\":\"https:\\\/\\\/trackonline.com\\\/de\\\/#website\"},\"datePublished\":\"2026-01-07T07:12:24+00:00\",\"dateModified\":\"2026-01-09T09:27:41+00:00\",\"breadcrumb\":{\"@id\":\"https:\\\/\\\/trackonline.com\\\/de\\\/industries\\\/#breadcrumb\"},\"inLanguage\":\"de\",\"potentialAction\":[{\"@type\":\"ReadAction\",\"target\":[\"https:\\\/\\\/trackonline.com\\\/de\\\/industries\\\/\"]}]},{\"@type\":\"BreadcrumbList\",\"@id\":\"https:\\\/\\\/trackonline.com\\\/de\\\/industries\\\/#breadcrumb\",\"itemListElement\":[{\"@type\":\"ListItem\",\"position\":1,\"name\":\"Home\",\"item\":\"https:\\\/\\\/trackonline.com\\\/de\\\/\"},{\"@type\":\"ListItem\",\"position\":2,\"name\":\"Industries\"}]},{\"@type\":\"WebSite\",\"@id\":\"https:\\\/\\\/trackonline.com\\\/de\\\/#website\",\"url\":\"https:\\\/\\\/trackonline.com\\\/de\\\/\",\"name\":\"Trackonline\",\"description\":\"\",\"potentialAction\":[{\"@type\":\"SearchAction\",\"target\":{\"@type\":\"EntryPoint\",\"urlTemplate\":\"https:\\\/\\\/trackonline.com\\\/de\\\/?s={search_term_string}\"},\"query-input\":{\"@type\":\"PropertyValueSpecification\",\"valueRequired\":true,\"valueName\":\"search_term_string\"}}],\"inLanguage\":\"de\"}]}<\/script>\n<!-- \/ Yoast SEO plugin. -->","yoast_head_json":{"title":"Industries - Trackonline","robots":{"index":"index","follow":"follow","max-snippet":"max-snippet:-1","max-image-preview":"max-image-preview:large","max-video-preview":"max-video-preview:-1"},"canonical":"https:\/\/trackonline.com\/de\/industries\/","og_locale":"de_DE","og_type":"article","og_title":"Industries - Trackonline","og_url":"https:\/\/trackonline.com\/de\/industries\/","og_site_name":"Trackonline","article_modified_time":"2026-01-09T09:27:41+00:00","twitter_card":"summary_large_image","twitter_misc":{"Gesch\u00e4tzte Lesezeit":"1\u00a0Minute"},"schema":{"@context":"https:\/\/schema.org","@graph":[{"@type":"WebPage","@id":"https:\/\/trackonline.com\/de\/industries\/","url":"https:\/\/trackonline.com\/de\/industries\/","name":"Industries - Trackonline","isPartOf":{"@id":"https:\/\/trackonline.com\/de\/#website"},"datePublished":"2026-01-07T07:12:24+00:00","dateModified":"2026-01-09T09:27:41+00:00","breadcrumb":{"@id":"https:\/\/trackonline.com\/de\/industries\/#breadcrumb"},"inLanguage":"de","potentialAction":[{"@type":"ReadAction","target":["https:\/\/trackonline.com\/de\/industries\/"]}]},{"@type":"BreadcrumbList","@id":"https:\/\/trackonline.com\/de\/industries\/#breadcrumb","itemListElement":[{"@type":"ListItem","position":1,"name":"Home","item":"https:\/\/trackonline.com\/de\/"},{"@type":"ListItem","position":2,"name":"Industries"}]},{"@type":"WebSite","@id":"https:\/\/trackonline.com\/de\/#website","url":"https:\/\/trackonline.com\/de\/","name":"Trackonline","description":"","potentialAction":[{"@type":"SearchAction","target":{"@type":"EntryPoint","urlTemplate":"https:\/\/trackonline.com\/de\/?s={search_term_string}"},"query-input":{"@type":"PropertyValueSpecification","valueRequired":true,"valueName":"search_term_string"}}],"inLanguage":"de"}]}},"_links":{"self":[{"href":"https:\/\/trackonline.com\/de\/wp-json\/wp\/v2\/pages\/14689","targetHints":{"allow":["GET"]}}],"collection":[{"href":"https:\/\/trackonline.com\/de\/wp-json\/wp\/v2\/pages"}],"about":[{"href":"https:\/\/trackonline.com\/de\/wp-json\/wp\/v2\/types\/page"}],"author":[{"embeddable":true,"href":"https:\/\/trackonline.com\/de\/wp-json\/wp\/v2\/users\/1"}],"replies":[{"embeddable":true,"href":"https:\/\/trackonline.com\/de\/wp-json\/wp\/v2\/comments?post=14689"}],"version-history":[{"count":2,"href":"https:\/\/trackonline.com\/de\/wp-json\/wp\/v2\/pages\/14689\/revisions"}],"predecessor-version":[{"id":14703,"href":"https:\/\/trackonline.com\/de\/wp-json\/wp\/v2\/pages\/14689\/revisions\/14703"}],"wp:attachment":[{"href":"https:\/\/trackonline.com\/de\/wp-json\/wp\/v2\/media?parent=14689"}],"curies":[{"name":"wp","href":"https:\/\/api.w.org\/{rel}","templated":true}]}}