{"id":14809,"date":"2026-01-09T09:18:35","date_gmt":"2026-01-09T09:18:35","guid":{"rendered":"https:\/\/trackonline.com\/pooling-solutions\/"},"modified":"2026-01-12T10:28:54","modified_gmt":"2026-01-12T10:28:54","slug":"pooling-loesungen","status":"publish","type":"page","link":"https:\/\/trackonline.com\/de\/loesungen\/pooling-loesungen\/","title":{"rendered":"Pooling-L\u00f6sungen"},"content":{"rendered":"\n\n\t<section class=\"section solutions-banner\" id=\"section_1482730860\">\n\t\t<div class=\"section-bg fill\" >\n\t\t\t\t\t\t\t\t\t\n\t\t\t\n\n\t\t<\/div>\n\n\t\t\n\n\t\t<div class=\"section-content relative\">\n\t\t\t\n\n\t<div id=\"gap-1224636075\" class=\"gap-element clearfix\" style=\"display:block; height:auto;\">\n\t\t\n<style>\n#gap-1224636075 {\n  padding-top: 95px;\n}\n@media (min-width:550px) {\n  #gap-1224636075 {\n    padding-top: 125px;\n  }\n}\n<\/style>\n\t<\/div>\n\t\n\n<div class=\"row breadcrumb-row\"  id=\"row-1324756480\">\n\n\n\t<div id=\"col-847824616\" class=\"col col-1 small-12 large-12\"  >\n\t\t\t\t<div class=\"col-inner\"  >\n\t\t\t\n\t\t\t\n\n\t\t<div class=\"white-text\">\n\t\t\t\t\n\n<span><span><a href=\"https:\/\/trackonline.com\/de\/\">Home<\/a><\/span><\/span>\n\t\t<\/div>\n\t\n\n\t\t<\/div>\n\t\t\t\t\t<\/div>\n\n\t\n\n<\/div>\n\t<div id=\"gap-1958593258\" class=\"gap-element clearfix\" style=\"display:block; height:auto;\">\n\t\t\n<style>\n#gap-1958593258 {\n  padding-top: 75px;\n}\n<\/style>\n\t<\/div>\n\t\n\n<div class=\"row align-right row-1\"  id=\"row-175399003\">\n\n\n\t<div id=\"col-71959276\" class=\"col col-1 medium-8 small-12 large-12\"  >\n\t\t\t\t<div class=\"col-inner\"  >\n\t\t\t\n\t\t\t\n\n\t<div id=\"text-3285082353\" class=\"text h-large white-text\">\n\t\t\n\n<h1>Pooling-L\u00f6sungen<\/h1>\n\n\t\t\t<\/div>\n\t\n\n\t\t<\/div>\n\t\t\t\t\t<\/div>\n\n\t\n\n<\/div>\n\t<div id=\"gap-191923587\" class=\"gap-element clearfix\" style=\"display:block; height:auto;\">\n\t\t\n<style>\n#gap-191923587 {\n  padding-top: 125px;\n}\n<\/style>\n\t<\/div>\n\t\n\n\t<div id=\"gap-1772145581\" class=\"gap-element clearfix sec-gap show-for-medium\" style=\"display:block; height:auto;\">\n\t\t\n<style>\n#gap-1772145581 {\n  padding-top: 30px;\n}\n<\/style>\n\t<\/div>\n\t\n\n\n\t\t<\/div>\n\n\t\t\n<style>\n#section_1482730860 {\n  padding-top: 0px;\n  padding-bottom: 0px;\n  background-color: rgb(0, 21, 62);\n}\n<\/style>\n\t<\/section>\n\t\n\n\t<section class=\"section solutions-section-1\" id=\"section_1181114742\">\n\t\t<div class=\"section-bg fill\" >\n\t\t\t\t\t\t\t\t\t\n\t\t\t\n\n\t\t<\/div>\n\n\t\t\n\n\t\t<div class=\"section-content relative\">\n\t\t\t\n\n<div class=\"row row-1 wide\"  id=\"row-354840264\">\n\n\n\t<div id=\"col-1232653767\" class=\"col col-1 small-12 large-12\"  >\n\t\t\t\t<div class=\"col-inner\" style=\"background-color:rgb(255,255,255);\" >\n\t\t\t\n\t\t\t\n\n\t<div id=\"text-2468158687\" class=\"text h-small\">\n\t\t\n\n<h2>W\u00e4hlen Sie Ihre L\u00f6sung<\/h2>\n\n\t\t\t<\/div>\n\t\n\t\t<div class=\"buttons\">\n\t\t\t\t\n\n<a class=\"black outline\" href=\"#pooling-api-verbindung\">API-Verbindung<\/a><a class=\"black outline\" href=\"#pooling-kundenportal\">Kundenportal<\/a><a class=\"black outline\" href=\"#pooling-prozessmanagement\">Prozessmanagement<\/a><a class=\"black outline\" href=\"#pooling-rfid-und-iot\">RFID und IoT<\/a><a class=\"black outline\" href=\"#pooling-transaktionsgebuehren\">Transaktionsgeb\u00fchren<\/a>\n\t\t<\/div>\n\t\n\n\n<div class=\"solution-container\">\r\n\t<span class=\"scroll-to\" data-label=\"Scroll to: #pooling-api-verbindung\" data-bullet=\"false\" data-link=\"#pooling-api-verbindung\" data-title=\"API-Verbindung\"><a name=\"pooling-api-verbindung\"><\/a><\/span>\r\n\t<div class=\"solution-content-wrapper\">\r\n\t\t<div class=\"text h-small\">\r\n\t\t\t<h3>API-Verbindung<\/h3>\r\n\t\t<\/div>\r\n\t\t<div class=\"text-container\">\r\n\t\t\t<h2 id=\"titleBlockRest\">Verkn\u00fcpfungen \u00fcber unsere REST API<\/h2>\n<p>Externe ERP-, TMS- und WMS-Systeme k\u00f6nnen \u00fcber die REST-API einfach mit TrackOnline verbunden werden. Auf diese Weise werden Auftr\u00e4ge automatisch weitergeleitet und die weitere Bearbeitung der Verpackungen wird in TrackOnline verwaltet.<\/p>\n<p>Transaktionen und Auftr\u00e4ge werden automatisch aus externen Systemen in TrackOnline importiert, wodurch Sie viel manuelle Arbeit einsparen. So wird beispielsweise verhindert, dass Eintr\u00e4ge in zwei verschiedenen Systemen vorgenommen werden oder dass Informationen zwischen den Systemen nicht konsistent sind. Die Verpackungsdaten k\u00f6nnen auch f\u00fcr weitere Zwecke in ein BI-Tool exportiert werden.<\/p>\n<p>Ein Anwendungsbeispiel k\u00f6nnte sein, dass Transaktionen sowohl vom Pooler als auch von den Kunden des Poolers \u00fcber das Kundenportal in TrackOnline registriert werden. Diese Transaktionen sind mit einer bestimmten Geb\u00fchr oder Abrechnung verbunden, die an ein Rechnungsprogramm weitergeleitet werden muss. Die breite Kopplungsm\u00f6glichkeit von TrackOnline bietet eine L\u00f6sung f\u00fcr diese Herausforderung.<\/p>\n<p>Eine weitere gesch\u00e4tzte Funktion ist die Verwendung einer Verbindung zu TrackOnline, um bestimmte Bilanz- oder Transaktionsdaten an eine Dashboard-Anwendung, wie z. B. ein BI-Tool, zu senden. Mit unserer REST-API erm\u00f6glichen wir Poolern, Informationen aus ihrem Finanzsystem mit TrackOnline zu verkn\u00fcpfen, sodass Sie in Echtzeit Einblick in KPIs erhalten, die zuvor nur schwer zu erfassen waren. Durch die Verwendung der REST-API in Kombination mit Ihren anderen Gesch\u00e4ftsanwendungen k\u00f6nnen Sie die Mehrwegverpackungsplattform TrackOnline noch besser nutzen.<\/p>\n\r\n\t\t<\/div>\r\n\t<\/div>\r\n<\/div><div class=\"solution-container\">\r\n\t<span class=\"scroll-to\" data-label=\"Scroll to: #pooling-kundenportal\" data-bullet=\"false\" data-link=\"#pooling-kundenportal\" data-title=\"Kundenportal\"><a name=\"pooling-kundenportal\"><\/a><\/span>\r\n\t<div class=\"solution-content-wrapper\">\r\n\t\t<div class=\"text h-small\">\r\n\t\t\t<h3>Kundenportal<\/h3>\r\n\t\t<\/div>\r\n\t\t<div class=\"text-container\">\r\n\t\t\t<p>Als Pooler verwalten Sie Ladungstr\u00e4ger verschiedener Parteien, wie z. B. Kunststoffpaletten, Kisten und andere Verpackungsmittel, die f\u00fcr den Betrieb unerl\u00e4sslich sind. Ohne diese Ladungstr\u00e4ger besteht die Gefahr, dass grundlegende Gesch\u00e4ftsprozesse ins Stocken geraten, was sehr kostspielig sein kann. Aus diesem Grund sind Aktualit\u00e4t, Transparenz und Verf\u00fcgbarkeit von Daten eine entscheidende Voraussetzung f\u00fcr ein Pooling- Unternehmen.<\/p>\n<p>Durch die Nutzung des Kundenportals von TrackOnline bieten Sie als Pooler Ihren Kunden zum Beispiel die M\u00f6glichkeit, selbst Bestellungen aufzugeben. Dies ist f\u00fcr eine vorw\u00e4rtsgerichtete Planung unerl\u00e4sslich. Ihre Partner k\u00f6nnen sich bei ihrer eigenen TrackOnline-Umgebung anmelden. Die Umgebung ist speziell f\u00fcr die Kunden, denen Zugang gew\u00e4hrt wird. Diese Kunden haben nur Zugriff auf die f\u00fcr sie relevanten Informationen.<\/p>\n<p><img decoding=\"async\" class=\"alignnone wp-image-14606 size-full\" src=\"https:\/\/trackonline.com\/wp-content\/uploads\/2026\/01\/Solutions-Dashboard-overzicht-EN-1400x638-1.gif\" alt=\"\" width=\"1400\" height=\"638\" \/><\/p>\n<p>Im weiteren Sinne geht es dabei um die Aktualit\u00e4t von Informationen, die Verf\u00fcgbarkeit von Daten und die Transparenz innerhalb der Supply Chain. Da sich die Kettenpartner direkt selbst anmelden k\u00f6nnen, um die Ladungstr\u00e4gerstr\u00f6me zu sehen und selbst Bestellungen aufzugeben, nimmt dies dem Pooler Arbeit ab. Auf diese Weise erhalten Sie keine unn\u00f6tigen E-Mails oder Anrufe. Bei dieser Arbeitsweise wird alles auf ein und derselben Plattform registriert und verwaltet.<\/p>\n\r\n\t\t<\/div>\r\n\t<\/div>\r\n<\/div><div class=\"solution-container\">\r\n\t<span class=\"scroll-to\" data-label=\"Scroll to: #pooling-prozessmanagement\" data-bullet=\"false\" data-link=\"#pooling-prozessmanagement\" data-title=\"Prozessmanagement\"><a name=\"pooling-prozessmanagement\"><\/a><\/span>\r\n\t<div class=\"solution-content-wrapper\">\r\n\t\t<div class=\"text h-small\">\r\n\t\t\t<h3>Prozessmanagement<\/h3>\r\n\t\t<\/div>\r\n\t\t<div class=\"text-container\">\r\n\t\t\t<p>Mit dem Prozessmanagement in TrackOnline werden Ihre Logistikprozesse durch verschiedene Status, Rechte, Statusverl\u00e4ufe und aufeinanderfolgende Aktionen in die Bestandsverwaltung \u00fcbersetzt. So werden Prozesse gesichert und Sie wissen, welche Aktion von wem durchgef\u00fchrt werden muss. Sie erhalten einen klaren \u00dcberblick dar\u00fcber, wo sich die Ladungstr\u00e4ger innerhalb des Logistikprozesses befinden.<\/p>\n<p>Wenn ein Unternehmen verschiedene Bestell- oder Lieferprozesse definiert hat, k\u00f6nnen Sie mit dieser Funktion ganz einfach diese Prozesse einrichten. Anhand verschiedener Statusmeldungen wird deutlich, wo sich die Ladungstr\u00e4ger innerhalb des Logistikprozesses befinden.<\/p>\n<p>Nachfolgend sehen Sie ein Beispiel f\u00fcr verschiedene Statusmeldungen in einem Logistikprozess, die in TrackOnline definiert wurden. Mit Hilfe eines solchen Verfahrens pr\u00fcft der Pooler, ob die Bestellung durchf\u00fchrbar ist. Durch den Einsatz der Zuweisungsfunktion kann dies auch vollst\u00e4ndig automatisiert vorgenommen werden. Durch die Definition von Benutzerrechten kann jedem Benutzer eine eigene Umgebung mit entsprechenden Rechten zugewiesen werden. Der Logistikprozess kann in TrackOnline vollst\u00e4ndig nachverfolgt und kontrolliert werden.<\/p>\n<p><img decoding=\"async\" class=\"alignnone wp-image-14652 size-full\" src=\"https:\/\/trackonline.com\/wp-content\/uploads\/2026\/01\/Solution-klantlogin-connect-NLEN.webp\" alt=\"\" width=\"1920\" height=\"847\" srcset=\"https:\/\/trackonline.com\/wp-content\/uploads\/2026\/01\/Solution-klantlogin-connect-NLEN.webp 1920w, https:\/\/trackonline.com\/wp-content\/uploads\/2026\/01\/Solution-klantlogin-connect-NLEN-300x132.webp 300w, https:\/\/trackonline.com\/wp-content\/uploads\/2026\/01\/Solution-klantlogin-connect-NLEN-1024x452.webp 1024w, https:\/\/trackonline.com\/wp-content\/uploads\/2026\/01\/Solution-klantlogin-connect-NLEN-768x339.webp 768w, https:\/\/trackonline.com\/wp-content\/uploads\/2026\/01\/Solution-klantlogin-connect-NLEN-1536x678.webp 1536w\" sizes=\"(max-width: 1920px) 100vw, 1920px\" \/><\/p>\n\r\n\t\t<\/div>\r\n\t<\/div>\r\n<\/div><div class=\"solution-container\">\r\n\t<span class=\"scroll-to\" data-label=\"Scroll to: #pooling-rfid-und-iot\" data-bullet=\"false\" data-link=\"#pooling-rfid-und-iot\" data-title=\"RFID und IoT\"><a name=\"pooling-rfid-und-iot\"><\/a><\/span>\r\n\t<div class=\"solution-content-wrapper\">\r\n\t\t<div class=\"text h-small\">\r\n\t\t\t<h3>RFID und IoT<\/h3>\r\n\t\t<\/div>\r\n\t\t<div class=\"text-container\">\r\n\t\t\t<h2>Verfolgen Sie Ladungstr\u00e4ger mit RFID oder IoT<\/h2>\n<p>Mit Hilfe des Internets der Dinge (IoT) und RFID lassen sich Ladungstr\u00e4ger in TrackOnline leicht verfolgen und \u00fcberwachen. Durch den Einsatz von IoT und RFID werden Transaktionen automatisch in TrackOnline erstellt und Sie k\u00f6nnen sofort sehen, wo sich Ihre Kisten und Karren befinden.<\/p>\n<p><strong>RFID<\/strong><br \/>\nkann vollst\u00e4ndig in TrackOnline integriert werden. F\u00fcr Logistikdienstleister, die einen Asset-Pool oder einen Pool von Mehrweg-Ladungstr\u00e4gern f\u00fcr verschiedene Kunden verwalten, ist es sinnvoll, jede Bewegung dieser Ladungstr\u00e4ger zu verfolgen, zum Beispiel vom Distributionszentrum zu einer Kistenw\u00e4scherei. Mit Hilfe von Tags, Handscannern und Smart-Spots werden die Ladungstr\u00e4ger gescannt. Die Informationen aus diesem Scan werden an TrackOnline weitergeleitet. Wenn Sie als Pooling-Unternehmen viele verschiedene Arten von Ladungstr\u00e4gern von verschiedenen Kunden verwalten, automatisiert eine RFID-Anwendung viele manuelle Vorg\u00e4nge.<\/p>\n<p><strong>IoT<\/strong><br \/>\nMit IoT in TrackOnline k\u00f6nnen Sie Sendungen verfolgen, wiederfinden und die effizienteste Route w\u00e4hlen. Dar\u00fcber hinaus k\u00f6nnen Sie die Temperatur von Ladungstr\u00e4gern an einem bestimmten Ort ablesen und sehen, ob eine T\u00fcr ge\u00f6ffnet oder geschlossen ist. Auch die Konditionierung von Frischwaren kann anhand des Temperaturverlaufs verwaltet werden.<\/p>\n<div id=\"image_109594038\" class=\"img has-hover x md-x lg-x y md-y lg-y\"><img decoding=\"async\" class=\"alignnone wp-image-14660 size-full\" src=\"https:\/\/trackonline.com\/wp-content\/uploads\/2026\/01\/Solutions-trackandtrace-RFID-1200x800-1.webp\" alt=\"\" width=\"1200\" height=\"800\" srcset=\"https:\/\/trackonline.com\/wp-content\/uploads\/2026\/01\/Solutions-trackandtrace-RFID-1200x800-1.webp 1200w, https:\/\/trackonline.com\/wp-content\/uploads\/2026\/01\/Solutions-trackandtrace-RFID-1200x800-1-300x200.webp 300w, https:\/\/trackonline.com\/wp-content\/uploads\/2026\/01\/Solutions-trackandtrace-RFID-1200x800-1-1024x683.webp 1024w, https:\/\/trackonline.com\/wp-content\/uploads\/2026\/01\/Solutions-trackandtrace-RFID-1200x800-1-768x512.webp 768w\" sizes=\"(max-width: 1200px) 100vw, 1200px\" \/><\/div>\n<div><\/div>\n<div><\/div>\n\r\n\t\t<\/div>\r\n\t<\/div>\r\n<\/div><div class=\"solution-container\">\r\n\t<span class=\"scroll-to\" data-label=\"Scroll to: #pooling-transaktionsgebuehren\" data-bullet=\"false\" data-link=\"#pooling-transaktionsgebuehren\" data-title=\"Transaktionsgeb\u00fchren\"><a name=\"pooling-transaktionsgebuehren\"><\/a><\/span>\r\n\t<div class=\"solution-content-wrapper\">\r\n\t\t<div class=\"text h-small\">\r\n\t\t\t<h3>Transaktionsgeb\u00fchren<\/h3>\r\n\t\t<\/div>\r\n\t\t<div class=\"text-container\">\r\n\t\t\t<h2>Transaktionsgeb\u00fchren berechnen<\/h2>\n<p>Berechnen Sie Ihren Kunden Transaktionsgeb\u00fchren auf der Grundlage Ihrer spezifischen Gesch\u00e4ftsprozesse und arbeiten Sie effizienter. Mit dieser Funktion k\u00f6nnen Sie die Kosten automatisiert weitergeben. Es ist m\u00f6glich, eine Geb\u00fchr auf der Grundlage eines bestimmten Kunden oder einer bestimmten Art von Ladungstr\u00e4ger, z. B. einer Kiste, zu berechnen. Die Kisten m\u00fcssen regelm\u00e4\u00dfig gereinigt werden und die Reinigungskosten k\u00f6nnen \u00fcber eine Geb\u00fchr in TrackOnline weitergegeben werden.<\/p>\n<p>Es ist auch m\u00f6glich, Verwaltungskosten weiterzugeben. Eine andere M\u00f6glichkeit, Transaktionsgeb\u00fchren zu verwenden, ist die Weitergabe von Reise- oder Kraftstoffkosten. Die Plattform bietet die M\u00f6glichkeit, diese Transaktionsgeb\u00fchr pro Kunde oder pro Kundengruppe festzulegen. Ein Unterschied besteht zum Beispiel in der Entfernung, der Reisezeit oder dem Umfang, in dem Unternehmen Ladungstr\u00e4ger rechtzeitig zur\u00fcckgeben. Die Transaktionsgeb\u00fchr, die an einen Kunden weitergegeben wird, ist konfigurierbar und vollst\u00e4ndig anpassbar, individuell basierend auf Ihren internen Gesch\u00e4ftsprozessen.<\/p>\n<div style=\"width: 1020px;\" class=\"wp-video\"><video class=\"wp-video-shortcode\" id=\"video-14809-1\" width=\"1020\" height=\"574\" preload=\"metadata\" controls=\"controls\"><source type=\"video\/mp4\" src=\"https:\/\/trackonline.com\/wp-content\/uploads\/2026\/01\/Solutions-transactievergoedingen-1.mp4?_=1\" \/><a href=\"https:\/\/trackonline.com\/wp-content\/uploads\/2026\/01\/Solutions-transactievergoedingen-1.mp4\">https:\/\/trackonline.com\/wp-content\/uploads\/2026\/01\/Solutions-transactievergoedingen-1.mp4<\/a><\/video><\/div>\n<p>Das Zusammenstellen und Festlegen von Transaktionsgeb\u00fchren wurde benutzerfreundlich eingerichtet. In TrackOnline k\u00f6nnen verschiedene Transaktionsarten ausgew\u00e4hlt werden, um unterschiedliche Gesch\u00e4ftsprozesse in eines Unternehmens abzubilden. Eine \u201eAusgabe\u201c wird zum Beispiel haupts\u00e4chlich dazu verwendet, ausgehende Bewegungen zu registrieren. Bei einer Transaktionsgeb\u00fchr besteht die M\u00f6glichkeit, einen Festpreis zu verwenden, beispielsweise wenn Verwaltungskosten weitergegeben werden sollen. Au\u00dferdem ist es m\u00f6glich, die Geb\u00fchr auf der Grundlage einer Staffelung zu berechnen. Auch ist es m\u00f6glich, eine Geb\u00fchr f\u00fcr das Waschen von Ladungstr\u00e4gern zu erheben. Durch die Arbeit mit Transaktionsgeb\u00fchren in TrackOnline wird die Effizienz gesteigert und durch die Reduzierung manueller Vorg\u00e4nge Zeit gespart.<\/p>\n\r\n\t\t<\/div>\r\n\t<\/div>\r\n<\/div>\n\n\n\t\t<\/div>\n\t\t\t\t\n<style>\n#col-1232653767 > .col-inner {\n  padding: 35px 30px 50px 30px;\n  margin: -25px 0px 0px 0px;\n  border-radius: 10px;\n}\n@media (min-width:550px) {\n  #col-1232653767 > .col-inner {\n    padding: 35px 30px 75px 30px;\n  }\n}\n@media (min-width:850px) {\n  #col-1232653767 > .col-inner {\n    padding: 75px 75px 100px 75px;\n    margin: -45px 0px 0px 0px;\n  }\n}\n<\/style>\n\t<\/div>\n\n\t\n\n<\/div>\n\n\t\t<\/div>\n\n\t\t\n<style>\n#section_1181114742 {\n  padding-top: 0px;\n  padding-bottom: 0px;\n}\n<\/style>\n\t<\/section>\n\t\n\n","protected":false},"excerpt":{"rendered":"","protected":false},"author":1,"featured_media":14539,"parent":15141,"menu_order":1,"comment_status":"closed","ping_status":"closed","template":"page-transparent-header-light.php","meta":{"content-type":"","footnotes":""},"class_list":["post-14809","page","type-page","status-publish","has-post-thumbnail","hentry"],"yoast_head":"<!-- This site is optimized with the Yoast SEO plugin v27.3 - https:\/\/yoast.com\/product\/yoast-seo-wordpress\/ -->\n<title>Pooling-L\u00f6sungen<\/title>\n<meta name=\"description\" content=\"Mit dem Pooling verwalten Sie die Verpackung verschiedener Parteien, wie z. B. Kunststoffpaletten, Kisten und andere wichtige G\u00fcter f\u00fcr Ihren Gesch\u00e4ftsbetrieb.\" \/>\n<meta name=\"robots\" content=\"index, follow, max-snippet:-1, max-image-preview:large, max-video-preview:-1\" \/>\n<link rel=\"canonical\" href=\"https:\/\/trackonline.com\/de\/loesungen\/pooling-loesungen\/\" \/>\n<meta property=\"og:locale\" content=\"de_DE\" \/>\n<meta property=\"og:type\" content=\"article\" \/>\n<meta property=\"og:title\" content=\"Request a Demo for TrackOnline Solutions\" \/>\n<meta property=\"og:description\" content=\"Curious about the possibilities TrackOnline offers for your company? Request a free demo session and receive a personal tour from one of our TrackOnline experts.\" \/>\n<meta property=\"og:url\" content=\"https:\/\/trackonline.com\/de\/loesungen\/pooling-loesungen\/\" \/>\n<meta property=\"og:site_name\" content=\"Trackonline\" \/>\n<meta property=\"article:modified_time\" content=\"2026-01-12T10:28:54+00:00\" \/>\n<meta property=\"og:image\" content=\"https:\/\/trackonline.com\/wp-content\/uploads\/2026\/01\/hp-tweede-vlak-achtergrond-solutions-scaled-1-1024x682.webp\" \/>\n<meta name=\"twitter:card\" content=\"summary_large_image\" \/>\n<meta name=\"twitter:label1\" content=\"Gesch\u00e4tzte Lesezeit\" \/>\n\t<meta name=\"twitter:data1\" content=\"1\u00a0Minute\" \/>\n<script type=\"application\/ld+json\" class=\"yoast-schema-graph\">{\"@context\":\"https:\\\/\\\/schema.org\",\"@graph\":[{\"@type\":\"WebPage\",\"@id\":\"https:\\\/\\\/trackonline.com\\\/de\\\/loesungen\\\/pooling-loesungen\\\/\",\"url\":\"https:\\\/\\\/trackonline.com\\\/de\\\/loesungen\\\/pooling-loesungen\\\/\",\"name\":\"Pooling-L\u00f6sungen\",\"isPartOf\":{\"@id\":\"https:\\\/\\\/trackonline.com\\\/de\\\/#website\"},\"primaryImageOfPage\":{\"@id\":\"https:\\\/\\\/trackonline.com\\\/de\\\/loesungen\\\/pooling-loesungen\\\/#primaryimage\"},\"image\":{\"@id\":\"https:\\\/\\\/trackonline.com\\\/de\\\/loesungen\\\/pooling-loesungen\\\/#primaryimage\"},\"thumbnailUrl\":\"https:\\\/\\\/trackonline.com\\\/wp-content\\\/uploads\\\/2026\\\/01\\\/hp-tweede-vlak-achtergrond-solutions-scaled-1.webp\",\"datePublished\":\"2026-01-09T09:18:35+00:00\",\"dateModified\":\"2026-01-12T10:28:54+00:00\",\"description\":\"Mit dem Pooling verwalten Sie die Verpackung verschiedener Parteien, wie z. B. Kunststoffpaletten, Kisten und andere wichtige G\u00fcter f\u00fcr Ihren Gesch\u00e4ftsbetrieb.\",\"breadcrumb\":{\"@id\":\"https:\\\/\\\/trackonline.com\\\/de\\\/loesungen\\\/pooling-loesungen\\\/#breadcrumb\"},\"inLanguage\":\"de\",\"potentialAction\":[{\"@type\":\"ReadAction\",\"target\":[\"https:\\\/\\\/trackonline.com\\\/de\\\/loesungen\\\/pooling-loesungen\\\/\"]}]},{\"@type\":\"ImageObject\",\"inLanguage\":\"de\",\"@id\":\"https:\\\/\\\/trackonline.com\\\/de\\\/loesungen\\\/pooling-loesungen\\\/#primaryimage\",\"url\":\"https:\\\/\\\/trackonline.com\\\/wp-content\\\/uploads\\\/2026\\\/01\\\/hp-tweede-vlak-achtergrond-solutions-scaled-1.webp\",\"contentUrl\":\"https:\\\/\\\/trackonline.com\\\/wp-content\\\/uploads\\\/2026\\\/01\\\/hp-tweede-vlak-achtergrond-solutions-scaled-1.webp\",\"width\":2560,\"height\":1705},{\"@type\":\"BreadcrumbList\",\"@id\":\"https:\\\/\\\/trackonline.com\\\/de\\\/loesungen\\\/pooling-loesungen\\\/#breadcrumb\",\"itemListElement\":[{\"@type\":\"ListItem\",\"position\":1,\"name\":\"Home\",\"item\":\"https:\\\/\\\/trackonline.com\\\/de\\\/\"},{\"@type\":\"ListItem\",\"position\":2,\"name\":\"L\u00f6sungen\",\"item\":\"https:\\\/\\\/trackonline.com\\\/de\\\/loesungen\\\/\"},{\"@type\":\"ListItem\",\"position\":3,\"name\":\"Pooling-L\u00f6sungen\"}]},{\"@type\":\"WebSite\",\"@id\":\"https:\\\/\\\/trackonline.com\\\/de\\\/#website\",\"url\":\"https:\\\/\\\/trackonline.com\\\/de\\\/\",\"name\":\"Trackonline\",\"description\":\"\",\"potentialAction\":[{\"@type\":\"SearchAction\",\"target\":{\"@type\":\"EntryPoint\",\"urlTemplate\":\"https:\\\/\\\/trackonline.com\\\/de\\\/?s={search_term_string}\"},\"query-input\":{\"@type\":\"PropertyValueSpecification\",\"valueRequired\":true,\"valueName\":\"search_term_string\"}}],\"inLanguage\":\"de\"}]}<\/script>\n<!-- \/ Yoast SEO plugin. -->","yoast_head_json":{"title":"Pooling-L\u00f6sungen","description":"Mit dem Pooling verwalten Sie die Verpackung verschiedener Parteien, wie z. B. Kunststoffpaletten, Kisten und andere wichtige G\u00fcter f\u00fcr Ihren Gesch\u00e4ftsbetrieb.","robots":{"index":"index","follow":"follow","max-snippet":"max-snippet:-1","max-image-preview":"max-image-preview:large","max-video-preview":"max-video-preview:-1"},"canonical":"https:\/\/trackonline.com\/de\/loesungen\/pooling-loesungen\/","og_locale":"de_DE","og_type":"article","og_title":"Request a Demo for TrackOnline Solutions","og_description":"Curious about the possibilities TrackOnline offers for your company? Request a free demo session and receive a personal tour from one of our TrackOnline experts.","og_url":"https:\/\/trackonline.com\/de\/loesungen\/pooling-loesungen\/","og_site_name":"Trackonline","article_modified_time":"2026-01-12T10:28:54+00:00","og_image":[{"url":"https:\/\/trackonline.com\/wp-content\/uploads\/2026\/01\/hp-tweede-vlak-achtergrond-solutions-scaled-1-1024x682.webp","type":"","width":"","height":""}],"twitter_card":"summary_large_image","twitter_misc":{"Gesch\u00e4tzte Lesezeit":"1\u00a0Minute"},"schema":{"@context":"https:\/\/schema.org","@graph":[{"@type":"WebPage","@id":"https:\/\/trackonline.com\/de\/loesungen\/pooling-loesungen\/","url":"https:\/\/trackonline.com\/de\/loesungen\/pooling-loesungen\/","name":"Pooling-L\u00f6sungen","isPartOf":{"@id":"https:\/\/trackonline.com\/de\/#website"},"primaryImageOfPage":{"@id":"https:\/\/trackonline.com\/de\/loesungen\/pooling-loesungen\/#primaryimage"},"image":{"@id":"https:\/\/trackonline.com\/de\/loesungen\/pooling-loesungen\/#primaryimage"},"thumbnailUrl":"https:\/\/trackonline.com\/wp-content\/uploads\/2026\/01\/hp-tweede-vlak-achtergrond-solutions-scaled-1.webp","datePublished":"2026-01-09T09:18:35+00:00","dateModified":"2026-01-12T10:28:54+00:00","description":"Mit dem Pooling verwalten Sie die Verpackung verschiedener Parteien, wie z. B. Kunststoffpaletten, Kisten und andere wichtige G\u00fcter f\u00fcr Ihren Gesch\u00e4ftsbetrieb.","breadcrumb":{"@id":"https:\/\/trackonline.com\/de\/loesungen\/pooling-loesungen\/#breadcrumb"},"inLanguage":"de","potentialAction":[{"@type":"ReadAction","target":["https:\/\/trackonline.com\/de\/loesungen\/pooling-loesungen\/"]}]},{"@type":"ImageObject","inLanguage":"de","@id":"https:\/\/trackonline.com\/de\/loesungen\/pooling-loesungen\/#primaryimage","url":"https:\/\/trackonline.com\/wp-content\/uploads\/2026\/01\/hp-tweede-vlak-achtergrond-solutions-scaled-1.webp","contentUrl":"https:\/\/trackonline.com\/wp-content\/uploads\/2026\/01\/hp-tweede-vlak-achtergrond-solutions-scaled-1.webp","width":2560,"height":1705},{"@type":"BreadcrumbList","@id":"https:\/\/trackonline.com\/de\/loesungen\/pooling-loesungen\/#breadcrumb","itemListElement":[{"@type":"ListItem","position":1,"name":"Home","item":"https:\/\/trackonline.com\/de\/"},{"@type":"ListItem","position":2,"name":"L\u00f6sungen","item":"https:\/\/trackonline.com\/de\/loesungen\/"},{"@type":"ListItem","position":3,"name":"Pooling-L\u00f6sungen"}]},{"@type":"WebSite","@id":"https:\/\/trackonline.com\/de\/#website","url":"https:\/\/trackonline.com\/de\/","name":"Trackonline","description":"","potentialAction":[{"@type":"SearchAction","target":{"@type":"EntryPoint","urlTemplate":"https:\/\/trackonline.com\/de\/?s={search_term_string}"},"query-input":{"@type":"PropertyValueSpecification","valueRequired":true,"valueName":"search_term_string"}}],"inLanguage":"de"}]}},"_links":{"self":[{"href":"https:\/\/trackonline.com\/de\/wp-json\/wp\/v2\/pages\/14809","targetHints":{"allow":["GET"]}}],"collection":[{"href":"https:\/\/trackonline.com\/de\/wp-json\/wp\/v2\/pages"}],"about":[{"href":"https:\/\/trackonline.com\/de\/wp-json\/wp\/v2\/types\/page"}],"author":[{"embeddable":true,"href":"https:\/\/trackonline.com\/de\/wp-json\/wp\/v2\/users\/1"}],"replies":[{"embeddable":true,"href":"https:\/\/trackonline.com\/de\/wp-json\/wp\/v2\/comments?post=14809"}],"version-history":[{"count":5,"href":"https:\/\/trackonline.com\/de\/wp-json\/wp\/v2\/pages\/14809\/revisions"}],"predecessor-version":[{"id":16085,"href":"https:\/\/trackonline.com\/de\/wp-json\/wp\/v2\/pages\/14809\/revisions\/16085"}],"up":[{"embeddable":true,"href":"https:\/\/trackonline.com\/de\/wp-json\/wp\/v2\/pages\/15141"}],"wp:featuredmedia":[{"embeddable":true,"href":"https:\/\/trackonline.com\/de\/wp-json\/wp\/v2\/media\/14539"}],"wp:attachment":[{"href":"https:\/\/trackonline.com\/de\/wp-json\/wp\/v2\/media?parent=14809"}],"curies":[{"name":"wp","href":"https:\/\/api.w.org\/{rel}","templated":true}]}}