{"id":14840,"date":"2026-01-09T09:54:43","date_gmt":"2026-01-09T09:54:43","guid":{"rendered":"https:\/\/trackonline.com\/horticulture-solutions\/"},"modified":"2026-01-12T12:48:49","modified_gmt":"2026-01-12T12:48:49","slug":"loesungen-fuer-den-gartenbau","status":"publish","type":"page","link":"https:\/\/trackonline.com\/de\/loesungen\/loesungen-fuer-den-gartenbau\/","title":{"rendered":"L\u00f6sungen f\u00fcr den Gartenbau"},"content":{"rendered":"\n\n\t<section class=\"section solutions-banner\" id=\"section_1443867335\">\n\t\t<div class=\"section-bg fill\" >\n\t\t\t\t\t\t\t\t\t\n\t\t\t\n\n\t\t<\/div>\n\n\t\t\n\n\t\t<div class=\"section-content relative\">\n\t\t\t\n\n\t<div id=\"gap-2126305215\" class=\"gap-element clearfix\" style=\"display:block; height:auto;\">\n\t\t\n<style>\n#gap-2126305215 {\n  padding-top: 95px;\n}\n@media (min-width:550px) {\n  #gap-2126305215 {\n    padding-top: 125px;\n  }\n}\n<\/style>\n\t<\/div>\n\t\n\n<div class=\"row breadcrumb-row\"  id=\"row-1213717092\">\n\n\n\t<div id=\"col-2045010925\" class=\"col col-1 small-12 large-12\"  >\n\t\t\t\t<div class=\"col-inner\"  >\n\t\t\t\n\t\t\t\n\n\t\t<div class=\"white-text\">\n\t\t\t\t\n\n<span><span><a href=\"https:\/\/trackonline.com\/de\/\">Home<\/a><\/span><\/span>\n\t\t<\/div>\n\t\n\n\t\t<\/div>\n\t\t\t\t\t<\/div>\n\n\t\n\n<\/div>\n\t<div id=\"gap-601146419\" class=\"gap-element clearfix\" style=\"display:block; height:auto;\">\n\t\t\n<style>\n#gap-601146419 {\n  padding-top: 75px;\n}\n<\/style>\n\t<\/div>\n\t\n\n<div class=\"row align-right row-1\"  id=\"row-257337972\">\n\n\n\t<div id=\"col-2028909678\" class=\"col col-1 medium-8 small-12 large-12\"  >\n\t\t\t\t<div class=\"col-inner\"  >\n\t\t\t\n\t\t\t\n\n\t<div id=\"text-2634906981\" class=\"text h-large white-text\">\n\t\t\n\n<h1> L\u00f6sungen f\u00fcr den Gartenbau<\/h1>\n\t\t\t<\/div>\n\t\n\n\t\t<\/div>\n\t\t\t\t\t<\/div>\n\n\t\n\n<\/div>\n\t<div id=\"gap-346893459\" class=\"gap-element clearfix\" style=\"display:block; height:auto;\">\n\t\t\n<style>\n#gap-346893459 {\n  padding-top: 125px;\n}\n<\/style>\n\t<\/div>\n\t\n\n\t<div id=\"gap-576857239\" class=\"gap-element clearfix sec-gap show-for-medium\" style=\"display:block; height:auto;\">\n\t\t\n<style>\n#gap-576857239 {\n  padding-top: 30px;\n}\n<\/style>\n\t<\/div>\n\t\n\n\n\t\t<\/div>\n\n\t\t\n<style>\n#section_1443867335 {\n  padding-top: 0px;\n  padding-bottom: 0px;\n  background-color: rgb(0, 21, 62);\n}\n<\/style>\n\t<\/section>\n\t\n\n\t<section class=\"section solutions-section-1\" id=\"section_782533755\">\n\t\t<div class=\"section-bg fill\" >\n\t\t\t\t\t\t\t\t\t\n\t\t\t\n\n\t\t<\/div>\n\n\t\t\n\n\t\t<div class=\"section-content relative\">\n\t\t\t\n\n<div class=\"row row-1 wide\"  id=\"row-104488278\">\n\n\n\t<div id=\"col-1727262116\" class=\"col col-1 small-12 large-12\"  >\n\t\t\t\t<div class=\"col-inner\" style=\"background-color:rgb(255,255,255);\" >\n\t\t\t\n\t\t\t\n\n\t<div id=\"text-211319862\" class=\"text h-small\">\n\t\t\n\n<h2>W\u00e4hlen Sie Ihre L\u00f6sung<\/h2>\n\t\t\t<\/div>\n\t\n\t\t<div class=\"buttons\">\n\t\t\t\t\n\n<a class=\"black outline\" href=\"#gartenbau-api-verbindung\">API Verbindung<\/a><a class=\"black outline\" href=\"#gartenbau-connect\">CONNECT<\/a><a class=\"black outline\" href=\"#gartenbau-rfh-import\">RFH import<\/a><a class=\"black outline\" href=\"#gartenbau-saldenabstimmung\">Saldenabstimmung<\/a><a class=\"black outline\" href=\"#gartenbau-tagesmiete\">Tagesmiete<\/a>\n\t\t<\/div>\n\t\n\n\n<div class=\"solution-container\">\r\n\t<span class=\"scroll-to\" data-label=\"Scroll to: #gartenbau-api-verbindung\" data-bullet=\"false\" data-link=\"#gartenbau-api-verbindung\" data-title=\"API Verbindung\"><a name=\"gartenbau-api-verbindung\"><\/a><\/span>\r\n\t<div class=\"solution-content-wrapper\">\r\n\t\t<div class=\"text h-small\">\r\n\t\t\t<h3>API Verbindung<\/h3>\r\n\t\t<\/div>\r\n\t\t<div class=\"text-container\">\r\n\t\t\t<h2>Verkn\u00fcpfen Sie Ihr ERP-, TMS- und WMS-System<\/h2>\n<p>Verschiedene externe ERP-, TMS- und WMS-Systeme k\u00f6nnen mit TrackOnline verkn\u00fcpft werden. Dadurch werden Bestellungen automatisch weitergeleitet und die weitere Bearbeitung der Ladungstr\u00e4ger in TrackOnline verwaltet. Transaktionen und Bestellungen werden automatisch aus dem ERP-, WMS- oder TMS-System in TrackOnline importiert. Dadurch werden viele manuelle Aufgaben automatisiert.<\/p>\n<p>TrackOnline verf\u00fcgt \u00fcber eine gut beschriebene REST-API, die eine schnelle Verkn\u00fcpfung erm\u00f6glicht. Durch die Verkn\u00fcpfung sind immer die richtigen Daten in TrackOnline vorhanden. Es gibt Standardverkn\u00fcpfungen mit Navision, MatchOnline, SAP und Florisoft.<\/p>\n<p>Eine Verkn\u00fcpfung mit TrackOnline automatisiert viele manuelle Vorg\u00e4nge. Dadurch wird verhindert, dass Buchungen in zwei verschiedenen Systemen vorgenommen werden oder dass Informationen zwischen den Systemen nicht \u00fcbereinstimmen. Die Verkn\u00fcpfung importiert automatisch Daten aus dem ERP-System in TrackOnline. Dies verhindert die manuelle Eingabe und verringert die Wahrscheinlichkeit von Eingabefehlern. Mit der API-Verbindung liegt der Schwerpunkt auf der Ladungstr\u00e4gerverwaltung und nicht auf der Buchung von Belegen.<\/p>\n\r\n\t\t<\/div>\r\n\t<\/div>\r\n<\/div><div class=\"solution-container\">\r\n\t<span class=\"scroll-to\" data-label=\"Scroll to: #gartenbau-connect\" data-bullet=\"false\" data-link=\"#gartenbau-connect\" data-title=\"CONNECT\"><a name=\"gartenbau-connect\"><\/a><\/span>\r\n\t<div class=\"solution-content-wrapper\">\r\n\t\t<div class=\"text h-small\">\r\n\t\t\t<h3>CONNECT<\/h3>\r\n\t\t<\/div>\r\n\t\t<div class=\"text-container\">\r\n\t\t\t<h2>Kundenlogin \/ CONNECT<\/h2>\n<p>Erm\u00f6glichen Sie Ihren Partnern die Einsicht in gemeinsame Transaktionen und Ladungstr\u00e4gerdaten \u00fcber ein kostenloses Konto mit\u00a0<a href=\"https:\/\/trackonline.com\/de\/\">TrackOnline<\/a>\u00a0CONNECT. So k\u00f6nnen gemeinsame Transaktionen und Ladungstr\u00e4gersalden kostenlos eingesehen werden. Buchungen und Dokumente werden geteilt, wodurch sich der Verwaltungsaufwand verringert. Dies f\u00fchrt zudem zu weniger Anrufen und E-Mails im Ladungstr\u00e4germanagement.\u00a0<a href=\"https:\/\/www.quattroplant.nl\/de\/\" target=\"_blank\" rel=\"noopener\">Gemeinsam<\/a>\u00a0schauen Sie auf dieselben Daten und f\u00f6rdern die Zusammenarbeit!<\/p>\n<p>Mit TrackOnline CONNECT erhalten Ihre Partner Zugang zu ihrem eigenen TrackOnline-Konto und erhalten Zugang zu den Daten, die zwischen den Betrieben eine Rolle spielen. Verbinden Sie die Supply Chain , indem Sie daf\u00fcr sorgen, dass jedes Kettenglied die gleichen Ladungstr\u00e4gerdaten sieht.<\/p>\n<p><img decoding=\"async\" class=\"alignnone wp-image-14687 size-large\" src=\"https:\/\/trackonline.com\/wp-content\/uploads\/2026\/01\/Solution-klantlogin-connect-NLEN-1-1024x452.webp\" alt=\"\" width=\"1020\" height=\"450\" srcset=\"https:\/\/trackonline.com\/wp-content\/uploads\/2026\/01\/Solution-klantlogin-connect-NLEN-1-1024x452.webp 1024w, https:\/\/trackonline.com\/wp-content\/uploads\/2026\/01\/Solution-klantlogin-connect-NLEN-1-300x132.webp 300w, https:\/\/trackonline.com\/wp-content\/uploads\/2026\/01\/Solution-klantlogin-connect-NLEN-1-768x339.webp 768w, https:\/\/trackonline.com\/wp-content\/uploads\/2026\/01\/Solution-klantlogin-connect-NLEN-1.webp 1360w\" sizes=\"(max-width: 1020px) 100vw, 1020px\" \/><\/p>\n<p>Verringern Sie das Risiko von Fehlern, indem Sie die praktische Chat-Funktion in TrackOnline nutzen. Durch den gegenseitigen Kontakt k\u00f6nnen Sie schnell auf m\u00f6gliche Fehler bei einer Transaktion reagieren. Das Hin- und Herschicken von Bewegungs\u00fcbersichten ist nicht mehr n\u00f6tig, denn mit TrackOnline CONNECT werden die Bestandsverwaltungen der Partner sofort aktualisiert. Auf diese Weise bleiben die Kommunikationswege zwischen Ihnen und Ihren Kunden kurz und Sie sparen Zeit und Ressourcen!<\/p>\n<p>&nbsp;<\/p>\n<p>&nbsp;<\/p>\n\r\n\t\t<\/div>\r\n\t<\/div>\r\n<\/div><div class=\"solution-container\">\r\n\t<span class=\"scroll-to\" data-label=\"Scroll to: #gartenbau-rfh-import\" data-bullet=\"false\" data-link=\"#gartenbau-rfh-import\" data-title=\"RFH import\"><a name=\"gartenbau-rfh-import\"><\/a><\/span>\r\n\t<div class=\"solution-content-wrapper\">\r\n\t\t<div class=\"text h-small\">\r\n\t\t\t<h3>RFH import<\/h3>\r\n\t\t<\/div>\r\n\t\t<div class=\"text-container\">\r\n\t\t\t<h2>Royal FloraHolland Import<\/h2>\n<p>F\u00fcr Unternehmen, die mit Royal FloraHolland zusammenarbeiten, gibt es eine praktische Funktion, die den Import von Daten in TrackOnline erleichtert und viele manuelle Vorg\u00e4nge automatisiert. Beim Importieren der FloraHolland-Transaktionen in TrackOnline werden die physischen Mengen sofort mit den administrativen Mengen verglichen.<\/p>\n<p>Viele Gartenbaubetriebe haben D\u00e4nenkarren, (Schloss-)Platten und Transportverpackungen registriert und nutzen dazu das Portal von Royal FloraHolland mit dem Namen \u201eLogistikmittel Online\u201c. Mit diesem Dienst k\u00f6nnen Transaktionen in eine standardisierte XML-Datei exportiert werden. Diese Royal FloraHolland XML-Datei l\u00e4sst sich leicht in TrackOnline importieren.<\/p>\n<p>Dies erm\u00f6glicht den Einblick in alle Ladungstr\u00e4gertransaktionen mit Kunden, Lieferanten, Auktionen und Transporteuren mit nur wenigen Klicks. Behalten Sie Ihre Ladungstr\u00e4gerstr\u00f6me im Blick und reduzieren Sie Ladungstr\u00e4gerverluste. Durch Automatisierung und Prozessoptimierung verbessern Sie die Qualit\u00e4t Ihrer Dienstleistungen f\u00fcr Ihre Kunden!<\/p>\n<p><img decoding=\"async\" class=\"alignnone wp-image-14723 size-full\" src=\"https:\/\/trackonline.com\/wp-content\/uploads\/2026\/01\/Solutions-Royalfloraholland-import.gif\" alt=\"\" width=\"1911\" height=\"932\" \/><\/p>\n\r\n\t\t<\/div>\r\n\t<\/div>\r\n<\/div><div class=\"solution-container\">\r\n\t<span class=\"scroll-to\" data-label=\"Scroll to: #gartenbau-saldenabstimmung\" data-bullet=\"false\" data-link=\"#gartenbau-saldenabstimmung\" data-title=\"Saldenabstimmung\"><a name=\"gartenbau-saldenabstimmung\"><\/a><\/span>\r\n\t<div class=\"solution-content-wrapper\">\r\n\t\t<div class=\"text h-small\">\r\n\t\t\t<h3>Saldenabstimmung<\/h3>\r\n\t\t<\/div>\r\n\t\t<div class=\"text-container\">\r\n\t\t\t<p>rackOnline erstellt Berichte \u00fcber die Ladungstr\u00e4gersalden. \u00dcber die Plattform k\u00f6nnen Sie diese Dokumente ganz einfach erstellen und an Ihre Partner senden. So ist jeder \u00fcber die Mengen der CC-Container und Bretter sowie anderer Transportverpackungen an jedem Standort genau informiert!<\/p>\n<p>Beim Hin- und R\u00fccktransport von Ladungstr\u00e4gern bleiben D\u00e4nenkarren, CC-Container oder andere Ladungstr\u00e4ger in der Regel am Entladeort. Im Laufe der Zeit baut sich so an jedem Standort ein gewisser Bestand auf. Entweder muss der Standort noch Einheiten zur\u00fcckgeben, oder der Standort erh\u00e4lt noch Ladungstr\u00e4ger von Ihrer Organisation. In den Saldenberichten von TrackOnline ist dies f\u00fcr jeden Standort deutlich zu sehen. Dank Filtern k\u00f6nnen Sie spezifische Berichte erstellen und die jeweils ben\u00f6tigte Information abrufen.<\/p>\n<p>Informieren Sie Ihre Partner \u00fcber die genauen Ladungstr\u00e4germengen, indem Sie die \u00dcbersicht direkt weiterleiten. Die Daten k\u00f6nnen in einen gew\u00fcnschten Dateityp exportiert werden. Mit den Saldenberichten ist jeder \u00fcber die korrekte Anzahl von D\u00e4nenkarren, CC-Containern und -Brettern sowie allen anderen Ladungstr\u00e4gern an jedem Standort informiert.<\/p>\n\r\n\t\t<\/div>\r\n\t<\/div>\r\n<\/div><div class=\"solution-container\">\r\n\t<span class=\"scroll-to\" data-label=\"Scroll to: #gartenbau-tagesmiete\" data-bullet=\"false\" data-link=\"#gartenbau-tagesmiete\" data-title=\"Tagesmiete\"><a name=\"gartenbau-tagesmiete\"><\/a><\/span>\r\n\t<div class=\"solution-content-wrapper\">\r\n\t\t<div class=\"text h-small\">\r\n\t\t\t<h3>Tagesmiete<\/h3>\r\n\t\t<\/div>\r\n\t\t<div class=\"text-container\">\r\n\t\t\t<h2>Tagesmiete einrichten<\/h2>\n<p>Legen Sie ganz einfach Mieten f\u00fcr Ladungstr\u00e4ger fest und entscheiden Sie, ab wann die Mietberechnung beginnt. Die Verf\u00fcgbarkeit von Karren und Containern, vor allem in Spitzenzeiten, ist ein wichtiges Element des Karrenmanagements im Gartenbau. Sie m\u00f6chten immer (gen\u00fcgend) Karren zur Verf\u00fcgung haben, um Ihre Kunden zu bedienen. Eine immer wiederkehrende Herausforderung ist, dass das CC-Container und dD\u00e4nenkarren nicht immer sofort 1 zu 1 zur\u00fcckgegeben werden, wenn Produkte geliefert werden. Dies kann zu einem Engpass in Ihren Best\u00e4nden f\u00fchren. Durch die Einrichtung einer Tagesmiete in TrackOnline werden die Kunden auf die rechtzeitige R\u00fcckgabe von (D\u00e4nen-)Karren und Transportverpackungen aufmerksam gemacht.<\/p>\n<p><img decoding=\"async\" class=\"alignnone wp-image-14730 size-full\" src=\"https:\/\/trackonline.com\/wp-content\/uploads\/2026\/01\/Solutions-daghuur-optimized-1-1200x800-1.webp\" alt=\"\" width=\"1200\" height=\"800\" srcset=\"https:\/\/trackonline.com\/wp-content\/uploads\/2026\/01\/Solutions-daghuur-optimized-1-1200x800-1.webp 1200w, https:\/\/trackonline.com\/wp-content\/uploads\/2026\/01\/Solutions-daghuur-optimized-1-1200x800-1-300x200.webp 300w, https:\/\/trackonline.com\/wp-content\/uploads\/2026\/01\/Solutions-daghuur-optimized-1-1200x800-1-1024x683.webp 1024w, https:\/\/trackonline.com\/wp-content\/uploads\/2026\/01\/Solutions-daghuur-optimized-1-1200x800-1-768x512.webp 768w\" sizes=\"(max-width: 1200px) 100vw, 1200px\" \/><\/p>\n<p>Bez\u00fcglich der Tagesmiete k\u00f6nnen verschiedene Regeln festgelegt werden. Dazu geh\u00f6ren die Anzahl der Berechnungstage (Arbeitswoche, 7 Tage Woche, Wochenenden),bestimmte (Spitzen-)Zeiten und Staffeltarife. Die Regeln f\u00fcr die Tagesmiete k\u00f6nnen komplett nach Ihren eigenen W\u00fcnschen konfiguriert werden.<\/p>\n<p>Durch das in Rechnung stellen von Tagesmiete, erhalten Sie Einheiten schneller zur\u00fcck und k\u00f6nnen so auf einen gr\u00f6sseren verf\u00fcgbaren Bestand Ihrer Ladungstr\u00e4ger zur\u00fcckgreifen. Es ist auch m\u00f6glich, \u00dcbersichten auf Basis der Mietberechnung zu erstellen und die Rechnungsregeln \u00fcber die REST-API an ein Buchhaltungspaket weiterzuleiten, sodass auch die finanzielle Abwicklung gew\u00e4hrleistet ist. Alle finanziellen Aspekte Ihrer Ladungstr\u00e4ger auf einer einzigen Plattform mit TrackOnline.<\/p>\n\r\n\t\t<\/div>\r\n\t<\/div>\r\n<\/div>\n\n\n\t\t<\/div>\n\t\t\t\t\n<style>\n#col-1727262116 > .col-inner {\n  padding: 35px 30px 50px 30px;\n  margin: -25px 0px 0px 0px;\n  border-radius: 10px;\n}\n@media (min-width:550px) {\n  #col-1727262116 > .col-inner {\n    padding: 35px 30px 75px 30px;\n  }\n}\n@media (min-width:850px) {\n  #col-1727262116 > .col-inner {\n    padding: 75px 75px 100px 75px;\n    margin: -45px 0px 0px 0px;\n  }\n}\n<\/style>\n\t<\/div>\n\n\t\n\n<\/div>\n\n\t\t<\/div>\n\n\t\t\n<style>\n#section_782533755 {\n  padding-top: 0px;\n  padding-bottom: 0px;\n}\n<\/style>\n\t<\/section>\n\t\n\n","protected":false},"excerpt":{"rendered":"","protected":false},"author":1,"featured_media":14539,"parent":15141,"menu_order":1,"comment_status":"closed","ping_status":"closed","template":"page-transparent-header-light.php","meta":{"content-type":"","footnotes":""},"class_list":["post-14840","page","type-page","status-publish","has-post-thumbnail","hentry"],"yoast_head":"<!-- This site is optimized with the Yoast SEO plugin v27.3 - https:\/\/yoast.com\/product\/yoast-seo-wordpress\/ -->\n<title>L\u00f6sungen f\u00fcr die Blumenzucht - TrackOnline<\/title>\n<meta name=\"description\" content=\"TrackOnline ist ein Online-Verpackungsmanagement-System, mit dem Sie den \u00dcberblick \u00fcber Ihr Mehrwegmaterial behalten. Wir bieten die besten L\u00f6sungen f\u00fcr die Blumenzucht.\" \/>\n<meta name=\"robots\" content=\"index, follow, max-snippet:-1, max-image-preview:large, max-video-preview:-1\" \/>\n<link rel=\"canonical\" href=\"https:\/\/trackonline.com\/de\/loesungen\/loesungen-fuer-den-gartenbau\/\" \/>\n<meta property=\"og:locale\" content=\"de_DE\" \/>\n<meta property=\"og:type\" content=\"article\" \/>\n<meta property=\"og:title\" content=\"Request a Demo for TrackOnline Solutions\" \/>\n<meta property=\"og:description\" content=\"Curious about the possibilities TrackOnline offers for your company? Request a free demo session and receive a personal tour from one of our TrackOnline experts.\" \/>\n<meta property=\"og:url\" content=\"https:\/\/trackonline.com\/de\/loesungen\/loesungen-fuer-den-gartenbau\/\" \/>\n<meta property=\"og:site_name\" content=\"Trackonline\" \/>\n<meta property=\"article:modified_time\" content=\"2026-01-12T12:48:49+00:00\" \/>\n<meta property=\"og:image\" content=\"https:\/\/trackonline.com\/wp-content\/uploads\/2026\/01\/hp-tweede-vlak-achtergrond-solutions-scaled-1-1024x682.webp\" \/>\n<meta name=\"twitter:card\" content=\"summary_large_image\" \/>\n<meta name=\"twitter:label1\" content=\"Gesch\u00e4tzte Lesezeit\" \/>\n\t<meta name=\"twitter:data1\" content=\"1\u00a0Minute\" \/>\n<script type=\"application\/ld+json\" class=\"yoast-schema-graph\">{\"@context\":\"https:\\\/\\\/schema.org\",\"@graph\":[{\"@type\":\"WebPage\",\"@id\":\"https:\\\/\\\/trackonline.com\\\/de\\\/loesungen\\\/loesungen-fuer-den-gartenbau\\\/\",\"url\":\"https:\\\/\\\/trackonline.com\\\/de\\\/loesungen\\\/loesungen-fuer-den-gartenbau\\\/\",\"name\":\"L\u00f6sungen f\u00fcr die Blumenzucht - TrackOnline\",\"isPartOf\":{\"@id\":\"https:\\\/\\\/trackonline.com\\\/de\\\/#website\"},\"primaryImageOfPage\":{\"@id\":\"https:\\\/\\\/trackonline.com\\\/de\\\/loesungen\\\/loesungen-fuer-den-gartenbau\\\/#primaryimage\"},\"image\":{\"@id\":\"https:\\\/\\\/trackonline.com\\\/de\\\/loesungen\\\/loesungen-fuer-den-gartenbau\\\/#primaryimage\"},\"thumbnailUrl\":\"https:\\\/\\\/trackonline.com\\\/wp-content\\\/uploads\\\/2026\\\/01\\\/hp-tweede-vlak-achtergrond-solutions-scaled-1.webp\",\"datePublished\":\"2026-01-09T09:54:43+00:00\",\"dateModified\":\"2026-01-12T12:48:49+00:00\",\"description\":\"TrackOnline ist ein Online-Verpackungsmanagement-System, mit dem Sie den \u00dcberblick \u00fcber Ihr Mehrwegmaterial behalten. Wir bieten die besten L\u00f6sungen f\u00fcr die Blumenzucht.\",\"breadcrumb\":{\"@id\":\"https:\\\/\\\/trackonline.com\\\/de\\\/loesungen\\\/loesungen-fuer-den-gartenbau\\\/#breadcrumb\"},\"inLanguage\":\"de\",\"potentialAction\":[{\"@type\":\"ReadAction\",\"target\":[\"https:\\\/\\\/trackonline.com\\\/de\\\/loesungen\\\/loesungen-fuer-den-gartenbau\\\/\"]}]},{\"@type\":\"ImageObject\",\"inLanguage\":\"de\",\"@id\":\"https:\\\/\\\/trackonline.com\\\/de\\\/loesungen\\\/loesungen-fuer-den-gartenbau\\\/#primaryimage\",\"url\":\"https:\\\/\\\/trackonline.com\\\/wp-content\\\/uploads\\\/2026\\\/01\\\/hp-tweede-vlak-achtergrond-solutions-scaled-1.webp\",\"contentUrl\":\"https:\\\/\\\/trackonline.com\\\/wp-content\\\/uploads\\\/2026\\\/01\\\/hp-tweede-vlak-achtergrond-solutions-scaled-1.webp\",\"width\":2560,\"height\":1705},{\"@type\":\"BreadcrumbList\",\"@id\":\"https:\\\/\\\/trackonline.com\\\/de\\\/loesungen\\\/loesungen-fuer-den-gartenbau\\\/#breadcrumb\",\"itemListElement\":[{\"@type\":\"ListItem\",\"position\":1,\"name\":\"Home\",\"item\":\"https:\\\/\\\/trackonline.com\\\/de\\\/\"},{\"@type\":\"ListItem\",\"position\":2,\"name\":\"L\u00f6sungen\",\"item\":\"https:\\\/\\\/trackonline.com\\\/de\\\/loesungen\\\/\"},{\"@type\":\"ListItem\",\"position\":3,\"name\":\"L\u00f6sungen f\u00fcr den Gartenbau\"}]},{\"@type\":\"WebSite\",\"@id\":\"https:\\\/\\\/trackonline.com\\\/de\\\/#website\",\"url\":\"https:\\\/\\\/trackonline.com\\\/de\\\/\",\"name\":\"Trackonline\",\"description\":\"\",\"potentialAction\":[{\"@type\":\"SearchAction\",\"target\":{\"@type\":\"EntryPoint\",\"urlTemplate\":\"https:\\\/\\\/trackonline.com\\\/de\\\/?s={search_term_string}\"},\"query-input\":{\"@type\":\"PropertyValueSpecification\",\"valueRequired\":true,\"valueName\":\"search_term_string\"}}],\"inLanguage\":\"de\"}]}<\/script>\n<!-- \/ Yoast SEO plugin. -->","yoast_head_json":{"title":"L\u00f6sungen f\u00fcr die Blumenzucht - TrackOnline","description":"TrackOnline ist ein Online-Verpackungsmanagement-System, mit dem Sie den \u00dcberblick \u00fcber Ihr Mehrwegmaterial behalten. Wir bieten die besten L\u00f6sungen f\u00fcr die Blumenzucht.","robots":{"index":"index","follow":"follow","max-snippet":"max-snippet:-1","max-image-preview":"max-image-preview:large","max-video-preview":"max-video-preview:-1"},"canonical":"https:\/\/trackonline.com\/de\/loesungen\/loesungen-fuer-den-gartenbau\/","og_locale":"de_DE","og_type":"article","og_title":"Request a Demo for TrackOnline Solutions","og_description":"Curious about the possibilities TrackOnline offers for your company? Request a free demo session and receive a personal tour from one of our TrackOnline experts.","og_url":"https:\/\/trackonline.com\/de\/loesungen\/loesungen-fuer-den-gartenbau\/","og_site_name":"Trackonline","article_modified_time":"2026-01-12T12:48:49+00:00","og_image":[{"url":"https:\/\/trackonline.com\/wp-content\/uploads\/2026\/01\/hp-tweede-vlak-achtergrond-solutions-scaled-1-1024x682.webp","type":"","width":"","height":""}],"twitter_card":"summary_large_image","twitter_misc":{"Gesch\u00e4tzte Lesezeit":"1\u00a0Minute"},"schema":{"@context":"https:\/\/schema.org","@graph":[{"@type":"WebPage","@id":"https:\/\/trackonline.com\/de\/loesungen\/loesungen-fuer-den-gartenbau\/","url":"https:\/\/trackonline.com\/de\/loesungen\/loesungen-fuer-den-gartenbau\/","name":"L\u00f6sungen f\u00fcr die Blumenzucht - TrackOnline","isPartOf":{"@id":"https:\/\/trackonline.com\/de\/#website"},"primaryImageOfPage":{"@id":"https:\/\/trackonline.com\/de\/loesungen\/loesungen-fuer-den-gartenbau\/#primaryimage"},"image":{"@id":"https:\/\/trackonline.com\/de\/loesungen\/loesungen-fuer-den-gartenbau\/#primaryimage"},"thumbnailUrl":"https:\/\/trackonline.com\/wp-content\/uploads\/2026\/01\/hp-tweede-vlak-achtergrond-solutions-scaled-1.webp","datePublished":"2026-01-09T09:54:43+00:00","dateModified":"2026-01-12T12:48:49+00:00","description":"TrackOnline ist ein Online-Verpackungsmanagement-System, mit dem Sie den \u00dcberblick \u00fcber Ihr Mehrwegmaterial behalten. Wir bieten die besten L\u00f6sungen f\u00fcr die Blumenzucht.","breadcrumb":{"@id":"https:\/\/trackonline.com\/de\/loesungen\/loesungen-fuer-den-gartenbau\/#breadcrumb"},"inLanguage":"de","potentialAction":[{"@type":"ReadAction","target":["https:\/\/trackonline.com\/de\/loesungen\/loesungen-fuer-den-gartenbau\/"]}]},{"@type":"ImageObject","inLanguage":"de","@id":"https:\/\/trackonline.com\/de\/loesungen\/loesungen-fuer-den-gartenbau\/#primaryimage","url":"https:\/\/trackonline.com\/wp-content\/uploads\/2026\/01\/hp-tweede-vlak-achtergrond-solutions-scaled-1.webp","contentUrl":"https:\/\/trackonline.com\/wp-content\/uploads\/2026\/01\/hp-tweede-vlak-achtergrond-solutions-scaled-1.webp","width":2560,"height":1705},{"@type":"BreadcrumbList","@id":"https:\/\/trackonline.com\/de\/loesungen\/loesungen-fuer-den-gartenbau\/#breadcrumb","itemListElement":[{"@type":"ListItem","position":1,"name":"Home","item":"https:\/\/trackonline.com\/de\/"},{"@type":"ListItem","position":2,"name":"L\u00f6sungen","item":"https:\/\/trackonline.com\/de\/loesungen\/"},{"@type":"ListItem","position":3,"name":"L\u00f6sungen f\u00fcr den Gartenbau"}]},{"@type":"WebSite","@id":"https:\/\/trackonline.com\/de\/#website","url":"https:\/\/trackonline.com\/de\/","name":"Trackonline","description":"","potentialAction":[{"@type":"SearchAction","target":{"@type":"EntryPoint","urlTemplate":"https:\/\/trackonline.com\/de\/?s={search_term_string}"},"query-input":{"@type":"PropertyValueSpecification","valueRequired":true,"valueName":"search_term_string"}}],"inLanguage":"de"}]}},"_links":{"self":[{"href":"https:\/\/trackonline.com\/de\/wp-json\/wp\/v2\/pages\/14840","targetHints":{"allow":["GET"]}}],"collection":[{"href":"https:\/\/trackonline.com\/de\/wp-json\/wp\/v2\/pages"}],"about":[{"href":"https:\/\/trackonline.com\/de\/wp-json\/wp\/v2\/types\/page"}],"author":[{"embeddable":true,"href":"https:\/\/trackonline.com\/de\/wp-json\/wp\/v2\/users\/1"}],"replies":[{"embeddable":true,"href":"https:\/\/trackonline.com\/de\/wp-json\/wp\/v2\/comments?post=14840"}],"version-history":[{"count":4,"href":"https:\/\/trackonline.com\/de\/wp-json\/wp\/v2\/pages\/14840\/revisions"}],"predecessor-version":[{"id":16357,"href":"https:\/\/trackonline.com\/de\/wp-json\/wp\/v2\/pages\/14840\/revisions\/16357"}],"up":[{"embeddable":true,"href":"https:\/\/trackonline.com\/de\/wp-json\/wp\/v2\/pages\/15141"}],"wp:featuredmedia":[{"embeddable":true,"href":"https:\/\/trackonline.com\/de\/wp-json\/wp\/v2\/media\/14539"}],"wp:attachment":[{"href":"https:\/\/trackonline.com\/de\/wp-json\/wp\/v2\/media?parent=14840"}],"curies":[{"name":"wp","href":"https:\/\/api.w.org\/{rel}","templated":true}]}}