{"id":14911,"date":"2026-01-09T09:48:40","date_gmt":"2026-01-09T09:48:40","guid":{"rendered":"https:\/\/trackonline.com\/freight-forwarding-solutions\/"},"modified":"2026-01-12T10:57:51","modified_gmt":"2026-01-12T10:57:51","slug":"logistische-loesungen","status":"publish","type":"page","link":"https:\/\/trackonline.com\/de\/loesungen\/logistische-loesungen\/","title":{"rendered":"Transport L\u00f6sungen"},"content":{"rendered":"\n\n\t<section class=\"section solutions-banner\" id=\"section_163577700\">\n\t\t<div class=\"section-bg fill\" >\n\t\t\t\t\t\t\t\t\t\n\t\t\t\n\n\t\t<\/div>\n\n\t\t\n\n\t\t<div class=\"section-content relative\">\n\t\t\t\n\n\t<div id=\"gap-1690514585\" class=\"gap-element clearfix\" style=\"display:block; height:auto;\">\n\t\t\n<style>\n#gap-1690514585 {\n  padding-top: 95px;\n}\n@media (min-width:550px) {\n  #gap-1690514585 {\n    padding-top: 125px;\n  }\n}\n<\/style>\n\t<\/div>\n\t\n\n<div class=\"row breadcrumb-row\"  id=\"row-801434923\">\n\n\n\t<div id=\"col-1421548829\" class=\"col col-1 small-12 large-12\"  >\n\t\t\t\t<div class=\"col-inner\"  >\n\t\t\t\n\t\t\t\n\n\t\t<div class=\"white-text\">\n\t\t\t\t\n\n<span><span><a href=\"https:\/\/trackonline.com\/de\/\">Home<\/a><\/span><\/span>\n\t\t<\/div>\n\t\n\n\t\t<\/div>\n\t\t\t\t\t<\/div>\n\n\t\n\n<\/div>\n\t<div id=\"gap-460388303\" class=\"gap-element clearfix\" style=\"display:block; height:auto;\">\n\t\t\n<style>\n#gap-460388303 {\n  padding-top: 75px;\n}\n<\/style>\n\t<\/div>\n\t\n\n<div class=\"row align-right row-1\"  id=\"row-1732040316\">\n\n\n\t<div id=\"col-773247056\" class=\"col col-1 medium-8 small-12 large-12\"  >\n\t\t\t\t<div class=\"col-inner\"  >\n\t\t\t\n\t\t\t\n\n\t<div id=\"text-4058690769\" class=\"text h-large white-text\">\n\t\t\n\n<h1>Logistische L\u00f6sungen<\/h1>\n\n\t\t\t<\/div>\n\t\n\n\t\t<\/div>\n\t\t\t\t\t<\/div>\n\n\t\n\n<\/div>\n\t<div id=\"gap-1342525568\" class=\"gap-element clearfix\" style=\"display:block; height:auto;\">\n\t\t\n<style>\n#gap-1342525568 {\n  padding-top: 125px;\n}\n<\/style>\n\t<\/div>\n\t\n\n\t<div id=\"gap-636013199\" class=\"gap-element clearfix sec-gap show-for-medium\" style=\"display:block; height:auto;\">\n\t\t\n<style>\n#gap-636013199 {\n  padding-top: 30px;\n}\n<\/style>\n\t<\/div>\n\t\n\n\n\t\t<\/div>\n\n\t\t\n<style>\n#section_163577700 {\n  padding-top: 0px;\n  padding-bottom: 0px;\n  background-color: rgb(0, 21, 62);\n}\n<\/style>\n\t<\/section>\n\t\n\n\t<section class=\"section solutions-section-1\" id=\"section_87852601\">\n\t\t<div class=\"section-bg fill\" >\n\t\t\t\t\t\t\t\t\t\n\t\t\t\n\n\t\t<\/div>\n\n\t\t\n\n\t\t<div class=\"section-content relative\">\n\t\t\t\n\n<div class=\"row row-1 wide\"  id=\"row-1468551541\">\n\n\n\t<div id=\"col-1902937503\" class=\"col col-1 small-12 large-12\"  >\n\t\t\t\t<div class=\"col-inner\" style=\"background-color:rgb(255,255,255);\" >\n\t\t\t\n\t\t\t\n\n\t<div id=\"text-1731376678\" class=\"text h-small\">\n\t\t\n\n<h2>W\u00e4hlen Sie Ihre L\u00f6sung<\/h2>\n\n\t\t\t<\/div>\n\t\n\t\t<div class=\"buttons\">\n\t\t\t\t\n\n<a class=\"black outline\" href=\"#api-connection-4\">API-Verbindung<\/a><a class=\"black outline\" href=\"#automatisierung\">Automatisierung<\/a><a class=\"black outline\" href=\"#digital-waybill\">Digitaler Frachtbrief<\/a><a class=\"black outline\" href=\"#fahrtenmanagement\">Fahrtenmanagement<\/a><a class=\"black outline\" href=\"#mobiele-applicatie\">Mobile Anwendung<\/a>\n\t\t<\/div>\n\t\n\n\n<div class=\"solution-container\">\r\n\t<span class=\"scroll-to\" data-label=\"Scroll to: #api-connection-4\" data-bullet=\"false\" data-link=\"#api-connection-4\" data-title=\"API-Verbindung\"><a name=\"api-connection-4\"><\/a><\/span>\r\n\t<div class=\"solution-content-wrapper\">\r\n\t\t<div class=\"text h-small\">\r\n\t\t\t<h3>API-Verbindung<\/h3>\r\n\t\t<\/div>\r\n\t\t<div class=\"text-container\">\r\n\t\t\t<h2>Verkn\u00fcpfen Sie das TMS-System mit TrackOnline<\/h2>\n<p>Das Transport-Management-System und andere externe Systeme wie ERP und WMS k\u00f6nnen mit TrackOnline verkn\u00fcpft werden. Dadurch werden Bestellungen automatisch weitergeleitet und die weitere Bearbeitung der Ladungstr\u00e4ger in TrackOnline verwaltet. Bestellungen werden automatisch aus dem externen System in TrackOnline importiert, wodurch ein Gro\u00dfteil der manuellen Arbeit automatisiert wird.<\/p>\n<p>TrackOnline verf\u00fcgt \u00fcber eine gut beschriebene REST-API, die eine schnelle Verkn\u00fcpfung erm\u00f6glicht. Durch die Verkn\u00fcpfung sind immer die richtigen Daten in TrackOnline vorhanden. So wird vermieden, dass Buchungen in verschiedenen Systemen vorgenommen werden oder Informationen zwischen Systemen nicht schl\u00fcssig sind. Dies reduziert manuelle Buchungen und verringert Eingabefehler. Mit der API-Verbindung liegt der Schwerpunkt auf der Ladungstr\u00e4gerverwaltung und nicht auf der Eingabe von Belegen.<\/p>\n<p><strong>Empfohlene Trackonline-Lizenz<\/strong><\/p>\n<p><a style=\"display: inline-block;padding: 6px 16px;border: 2px solid #e84c5c;border-radius: 10px;color: #e84c5c;font-weight: bold;font-family: Arial, Helvetica, sans-serif;font-size: 14px;letter-spacing: 1px;background: white;text-decoration: none\" href=\"\/de\/was-is-trackonline\">PRO<br \/>\n<\/a><\/p>\n\r\n\t\t<\/div>\r\n\t<\/div>\r\n<\/div><div class=\"solution-container\">\r\n\t<span class=\"scroll-to\" data-label=\"Scroll to: #automatisierung\" data-bullet=\"false\" data-link=\"#automatisierung\" data-title=\"Automatisierung\"><a name=\"automatisierung\"><\/a><\/span>\r\n\t<div class=\"solution-content-wrapper\">\r\n\t\t<div class=\"text h-small\">\r\n\t\t\t<h3>Automatisierung<\/h3>\r\n\t\t<\/div>\r\n\t\t<div class=\"text-container\">\r\n\t\t\t<h2>Automatisierungen<\/h2>\n<p>Mit der Automatisierung von Gesch\u00e4ftsprozessen schaffen Sie mehr Effizienz in Ihrem Unternehmen. In vielen F\u00e4llen k\u00f6nnen die meisten manuellen Vorg\u00e4nge mit Hilfe von Prozessregeln in TrackOnline automatisiert werden. Dies bietet die M\u00f6glichkeit, viele der oftmals zeitintensiven manuellen Aufgaben zu eliminieren. Dabei handelt es sich zum Beispiel um die Weiterleitung von Mails, die Bearbeitung einer Transaktion oder die einfache Aktualisierung des Transaktionsstatus. Es k\u00f6nnen auch automatische Buchungen eingestellt werden, wenn z.B. ein bestimmtes Lager keinen (administrativen) Saldo aufbauen soll und\/oder Best\u00e4nde immer sofort weitergeleitet werden soll.<\/p>\n<p>Wenn TrackOnline in einer Produktionsumgebung oder an einem Ort eingesetzt wird, an dem die Ladungstr\u00e4ger eine wichtige Rolle im Kerngesch\u00e4ft des Unternehmens spielen, bieten die Automatisierungsfunktionen von TrackOnline einen gro\u00dfen Mehrwert. Ladungstr\u00e4ger helfen, Produkte sicher und ohne Besch\u00e4digung zu transportieren. Um eine gute Bestands\u00fcbersicht zu behalten, arbeitet TrackOnline mit verschiedenen Statusmeldungen. In Kombination mit dem Status der Einheiten wird ein Gro\u00dfteil der manuellen Arbeit automatisiert.<\/p>\n<p>So erkennen Sie auf einen Blick, ob ein Ladungstr\u00e4ger verf\u00fcgbar ist und\/oder weitere Aktionen dazu erforderlich sind. Die Automatisierung der Arbeit verringert das Risiko von manuellen Fehlern und macht Ihre Arbeit effizienter!<\/p>\n<p><img decoding=\"async\" class=\"alignnone wp-image-14764 size-full\" src=\"https:\/\/trackonline.com\/wp-content\/uploads\/2026\/01\/Solutions-automatisering-optimized-1203x800-1.webp\" alt=\"\" width=\"1203\" height=\"800\" srcset=\"https:\/\/trackonline.com\/wp-content\/uploads\/2026\/01\/Solutions-automatisering-optimized-1203x800-1.webp 1203w, https:\/\/trackonline.com\/wp-content\/uploads\/2026\/01\/Solutions-automatisering-optimized-1203x800-1-300x200.webp 300w, https:\/\/trackonline.com\/wp-content\/uploads\/2026\/01\/Solutions-automatisering-optimized-1203x800-1-1024x681.webp 1024w, https:\/\/trackonline.com\/wp-content\/uploads\/2026\/01\/Solutions-automatisering-optimized-1203x800-1-768x511.webp 768w\" sizes=\"(max-width: 1203px) 100vw, 1203px\" \/><\/p>\n<p><strong>Empfohlene Trackonline-Lizenz<\/strong><\/p>\n<p><a style=\"display: inline-block;padding: 6px 16px;border: 2px solid #e84c5c;border-radius: 10px;color: #e84c5c;font-weight: bold;font-family: Arial, Helvetica, sans-serif;font-size: 14px;letter-spacing: 1px;background: white;text-decoration: none\" href=\"\/de\/was-ist-trackonline\/\">PRO<br \/>\n<\/a><\/p>\n\r\n\t\t<\/div>\r\n\t<\/div>\r\n<\/div><div class=\"solution-container\">\r\n\t<span class=\"scroll-to\" data-label=\"Scroll to: #digital-waybill\" data-bullet=\"false\" data-link=\"#digital-waybill\" data-title=\"Digitaler Frachtbrief\"><a name=\"digital-waybill\"><\/a><\/span>\r\n\t<div class=\"solution-content-wrapper\">\r\n\t\t<div class=\"text h-small\">\r\n\t\t\t<h3>Digitaler Frachtbrief<\/h3>\r\n\t\t<\/div>\r\n\t\t<div class=\"text-container\">\r\n\t\t\t<h2>Digitaler Frachtbrief<\/h2>\n<p>Mit einem integrierten digitalen Frachtbrief ist die Transaktion vollst\u00e4ndig digitalisiert und die Waren sind bereit f\u00fcr den grenz\u00fcberschreitenden Transport. Dank der Verkn\u00fcpfung zwischen Transfollow und TrackOnline haben Transporteure immer die richtigen und aktuellsten digitalen Dokumente zur Verf\u00fcgung. Sprachbarrieren oder unleserliche Frachtbriefe geh\u00f6ren damit der Vergangenheit an. Mit der Integration des digitalen Frachtbriefs in TrackOnline kann die Bestandsverwaltung direkt und korrekt mit einem offiziellen e-CMR bearbeitet werden.<\/p>\n<p>Die Daten sind rechtsverbindlich registriert und jeder in der Lieferkette kann dieselben Daten einsehen. Dies schafft Transparenz im Logistikprozess. Die Ladungstr\u00e4gerinformationen werden automatisch weitergeleitet. Die Wahrscheinlichkeit, dass manuelle Fehler auftreten oder Papierfrachtbriefe auf dem Transportweg verloren gehen, wird auf ein Minimum reduziert. Der e-CMR in der Ladungstr\u00e4gerplattform stellt alle relevanten Informationen f\u00fcr Transporteure an einem zentralen Ort bereit.<\/p>\n<p><img decoding=\"async\" class=\"alignnone size-full wp-image-15965\" src=\"https:\/\/trackonline.com\/wp-content\/uploads\/2026\/01\/Solution-digitale-handtekening-mobile-app-e1627463007423-991x800-1.webp\" alt=\"\" width=\"991\" height=\"800\" srcset=\"https:\/\/trackonline.com\/wp-content\/uploads\/2026\/01\/Solution-digitale-handtekening-mobile-app-e1627463007423-991x800-1.webp 991w, https:\/\/trackonline.com\/wp-content\/uploads\/2026\/01\/Solution-digitale-handtekening-mobile-app-e1627463007423-991x800-1-300x242.webp 300w, https:\/\/trackonline.com\/wp-content\/uploads\/2026\/01\/Solution-digitale-handtekening-mobile-app-e1627463007423-991x800-1-768x620.webp 768w\" sizes=\"(max-width: 991px) 100vw, 991px\" \/><\/p>\n<p><strong>Empfohlene Trackonline-Lizenz<\/strong><\/p>\n<p><a style=\"display: inline-block;padding: 6px 16px;border: 2px solid #e84c5c;border-radius: 10px;color: #e84c5c;font-weight: bold;font-family: Arial, Helvetica, sans-serif;font-size: 14px;letter-spacing: 1px;background: white;text-decoration: none\" href=\"\/de\/was-ist-trackonline\/\">PRO<\/a><\/p>\n\r\n\t\t<\/div>\r\n\t<\/div>\r\n<\/div><div class=\"solution-container\">\r\n\t<span class=\"scroll-to\" data-label=\"Scroll to: #fahrtenmanagement\" data-bullet=\"false\" data-link=\"#fahrtenmanagement\" data-title=\"Fahrtenmanagement\"><a name=\"fahrtenmanagement\"><\/a><\/span>\r\n\t<div class=\"solution-content-wrapper\">\r\n\t\t<div class=\"text h-small\">\r\n\t\t\t<h3>Fahrtenmanagement<\/h3>\r\n\t\t<\/div>\r\n\t\t<div class=\"text-container\">\r\n\t\t\t<h2>Fahrtenmanagement<\/h2>\n<p>Erhalten Sie Einblick in die verschiedenen Arten von Ladungstr\u00e4gern pro LKW mit dem Fahrtenmanagement in TrackOnline. W\u00e4hrend einer Fahrt besucht ein Transporteur oft mehrere Standorte. Wenn die Ladungstr\u00e4ger an diesen Orten abgeholt werden, k\u00f6nnen die Verladungen zu einer einzigen Fahrt zusammengefasst werden. So k\u00f6nnen Sie ganz einfach Informationen zu einer spezifischen Fahrtennummer abrufen.<\/p>\n<p>Wenn verschiedene Kundenbestellungen eingehen, werden diese \u00fcber die API-Verbindung in TrackOnline \u00fcbertragen. Alle transportierten Bestellungen werden in TrackOnline unter einer gemeinsamen Fahrtennummer zusammengefasst. Hier sind alle wichtigen Informationen zu dieser Fahrt aufgef\u00fchrt, wie z.B. die Arten von Ladungstr\u00e4gern sowie deren Mengen und Ladeadressen.<\/p>\n<p>Mit dem Fahrtenmanagement erhalten die Transporteure einen klaren Einblick in die verschiedenen Bestellungen und die entsprechenden Ladungstr\u00e4germengen und -Typen. So l\u00e4sst sich leicht \u00fcberpr\u00fcfen, ob die Fahrt vollst\u00e4ndig an die verschiedenen Kunden ausgeliefert wurde. TrackOnline macht Ihre Arbeit einfacher und effizienter.<\/p>\n<p><img decoding=\"async\" class=\"alignnone wp-image-14827 size-full\" src=\"https:\/\/trackonline.com\/wp-content\/uploads\/2026\/01\/Solutions-Ritmanagement-EN-e1626190828551.webp\" alt=\"\" width=\"1881\" height=\"892\" srcset=\"https:\/\/trackonline.com\/wp-content\/uploads\/2026\/01\/Solutions-Ritmanagement-EN-e1626190828551.webp 1881w, https:\/\/trackonline.com\/wp-content\/uploads\/2026\/01\/Solutions-Ritmanagement-EN-e1626190828551-300x142.webp 300w, https:\/\/trackonline.com\/wp-content\/uploads\/2026\/01\/Solutions-Ritmanagement-EN-e1626190828551-1024x486.webp 1024w, https:\/\/trackonline.com\/wp-content\/uploads\/2026\/01\/Solutions-Ritmanagement-EN-e1626190828551-768x364.webp 768w, https:\/\/trackonline.com\/wp-content\/uploads\/2026\/01\/Solutions-Ritmanagement-EN-e1626190828551-1536x728.webp 1536w\" sizes=\"(max-width: 1881px) 100vw, 1881px\" \/><\/p>\n<p><strong>Empfohlene TrackOnline-Lizenz<\/strong><\/p>\n<p><a style=\"display: inline-block;padding: 6px 16px;border: 2px solid #e84c5c;border-radius: 10px;color: #e84c5c;font-weight: bold;font-family: Arial, Helvetica, sans-serif;font-size: 14px;letter-spacing: 1px;background: white;text-decoration: none\" href=\"\/de\/was-ist-trackonline\/\">PRO<br \/>\n<\/a><\/p>\n\r\n\t\t<\/div>\r\n\t<\/div>\r\n<\/div><div class=\"solution-container\">\r\n\t<span class=\"scroll-to\" data-label=\"Scroll to: #mobiele-applicatie\" data-bullet=\"false\" data-link=\"#mobiele-applicatie\" data-title=\"Mobile Anwendung\"><a name=\"mobiele-applicatie\"><\/a><\/span>\r\n\t<div class=\"solution-content-wrapper\">\r\n\t\t<div class=\"text h-small\">\r\n\t\t\t<h3>Mobile Anwendung<\/h3>\r\n\t\t<\/div>\r\n\t\t<div class=\"text-container\">\r\n\t\t\t<h2>Schnelle Verwaltung mit einer mobilen Anwendung<\/h2>\n<p><a href=\"https:\/\/trackonline.com\/de\/\">TrackOnline<\/a>\u00a0ist auf Desktop, Smartphone und Tablet verf\u00fcgbar. So hat jeder Benutzer jederzeit und \u00fcberall Einblick in die Menge der Ladungstr\u00e4ger an jedem Standort. Mit der mobilen App haben\u00a0<a href=\"https:\/\/smartload.co\/\" target=\"_blank\" rel=\"noopener\">Fahrer<\/a>\u00a0alle Informationen immer zur Hand. Auf diese Weise k\u00f6nnen sie alle notwendigen Informationen \u00fcber die jeweilige Transaktion an jedem Standort einsehen.<\/p>\n<p>In der mobilen Anwendung sehen Sie sofort alle relevanten Informationen. So k\u00f6nnen Sie an jedem Ort, den Sie als Transporteur besuchen, die Menge und die Art der Ladungstr\u00e4ger einsehen. Sie m\u00fcssen keine unn\u00f6tigen Kilometer mehr fahren und wissen genau, wo sich die Ladungstr\u00e4ger befinden.<\/p>\n<p>Die mobile App erm\u00f6glicht die sofortige digitale Empfangsbest\u00e4tigung und ads Buchen m\u00f6glicher Differenzen. Auch Dritte k\u00f6nnen den Empfang best\u00e4tigen. Papierkram und zus\u00e4tzlicher Verwaltungsaufwand werden dadurch deutlich reduziert. Mit der mobilen Anwendung von TrackOnline ist Ihre Ladungstr\u00e4gerverwaltung immer auf dem aktuellsten Stand.<\/p>\n<p>in der mobilen Anwendung ist es m\u00f6glich, zus\u00e4tzliche Dokumente zu einer Transaktion hinzuzuf\u00fcgen, z. B. ein Exportdokument oder ein Foto. Der e-CMR (digitaler Frachtbrief) kann auch direkt \u00fcber die mobile App unterzeichnet werden. So sind alle Informationen in TrackOnline digital und zentral.<\/p>\n<p><img decoding=\"async\" class=\"alignnone size-full wp-image-15965\" src=\"https:\/\/trackonline.com\/wp-content\/uploads\/2026\/01\/Solution-digitale-handtekening-mobile-app-e1627463007423-991x800-1.webp\" alt=\"\" width=\"991\" height=\"800\" srcset=\"https:\/\/trackonline.com\/wp-content\/uploads\/2026\/01\/Solution-digitale-handtekening-mobile-app-e1627463007423-991x800-1.webp 991w, https:\/\/trackonline.com\/wp-content\/uploads\/2026\/01\/Solution-digitale-handtekening-mobile-app-e1627463007423-991x800-1-300x242.webp 300w, https:\/\/trackonline.com\/wp-content\/uploads\/2026\/01\/Solution-digitale-handtekening-mobile-app-e1627463007423-991x800-1-768x620.webp 768w\" sizes=\"(max-width: 991px) 100vw, 991px\" \/><\/p>\n<p><strong>Empfohlene Trackonline-Lizenz<\/strong><\/p>\n<p><a style=\"display: inline-block;padding: 6px 16px;border: 2px solid #e84c5c;border-radius: 10px;color: #e84c5c;font-weight: bold;font-family: Arial, Helvetica, sans-serif;font-size: 14px;letter-spacing: 1px;background: white;text-decoration: none\" href=\"\/de\/was-ist-trackonline\/\">PRO<\/a><\/p>\n<p>&nbsp;<\/p>\n\r\n\t\t<\/div>\r\n\t<\/div>\r\n<\/div>\n\n\n\t\t<\/div>\n\t\t\t\t\n<style>\n#col-1902937503 > .col-inner {\n  padding: 35px 30px 50px 30px;\n  margin: -25px 0px 0px 0px;\n  border-radius: 10px;\n}\n@media (min-width:550px) {\n  #col-1902937503 > .col-inner {\n    padding: 35px 30px 75px 30px;\n  }\n}\n@media (min-width:850px) {\n  #col-1902937503 > .col-inner {\n    padding: 75px 75px 100px 75px;\n    margin: -45px 0px 0px 0px;\n  }\n}\n<\/style>\n\t<\/div>\n\n\t\n\n<\/div>\n\n\t\t<\/div>\n\n\t\t\n<style>\n#section_87852601 {\n  padding-top: 0px;\n  padding-bottom: 0px;\n}\n<\/style>\n\t<\/section>\n\t\n\n","protected":false},"excerpt":{"rendered":"","protected":false},"author":1,"featured_media":14539,"parent":15141,"menu_order":1,"comment_status":"closed","ping_status":"closed","template":"page-transparent-header-light.php","meta":{"content-type":"","footnotes":""},"class_list":["post-14911","page","type-page","status-publish","has-post-thumbnail","hentry"],"yoast_head":"<!-- This site is optimized with the Yoast SEO plugin v27.3 - https:\/\/yoast.com\/product\/yoast-seo-wordpress\/ -->\n<title>Logistische L\u00f6sungen - TrackOnline<\/title>\n<meta name=\"description\" content=\"TrackOnline bietet die Logistikl\u00f6sung, die Ihrem Unternehmen helfen wird. Dieses System bietet Ihnen alle Informationen \u00fcber die Lieferung\" \/>\n<meta name=\"robots\" content=\"index, follow, max-snippet:-1, max-image-preview:large, max-video-preview:-1\" \/>\n<link rel=\"canonical\" href=\"https:\/\/trackonline.com\/de\/loesungen\/logistische-loesungen\/\" \/>\n<meta property=\"og:locale\" content=\"de_DE\" \/>\n<meta property=\"og:type\" content=\"article\" \/>\n<meta property=\"og:title\" content=\"Request a Demo for TrackOnline Solutions\" \/>\n<meta property=\"og:description\" content=\"Curious about the possibilities TrackOnline offers for your company? Request a free demo session and receive a personal tour from one of our TrackOnline experts.\" \/>\n<meta property=\"og:url\" content=\"https:\/\/trackonline.com\/de\/loesungen\/logistische-loesungen\/\" \/>\n<meta property=\"og:site_name\" content=\"Trackonline\" \/>\n<meta property=\"article:modified_time\" content=\"2026-01-12T10:57:51+00:00\" \/>\n<meta property=\"og:image\" content=\"https:\/\/trackonline.com\/wp-content\/uploads\/2026\/01\/hp-tweede-vlak-achtergrond-solutions-scaled-1-1024x682.webp\" \/>\n<meta name=\"twitter:card\" content=\"summary_large_image\" \/>\n<meta name=\"twitter:label1\" content=\"Gesch\u00e4tzte Lesezeit\" \/>\n\t<meta name=\"twitter:data1\" content=\"1\u00a0Minute\" \/>\n<script type=\"application\/ld+json\" class=\"yoast-schema-graph\">{\"@context\":\"https:\\\/\\\/schema.org\",\"@graph\":[{\"@type\":\"WebPage\",\"@id\":\"https:\\\/\\\/trackonline.com\\\/de\\\/loesungen\\\/logistische-loesungen\\\/\",\"url\":\"https:\\\/\\\/trackonline.com\\\/de\\\/loesungen\\\/logistische-loesungen\\\/\",\"name\":\"Logistische L\u00f6sungen - TrackOnline\",\"isPartOf\":{\"@id\":\"https:\\\/\\\/trackonline.com\\\/de\\\/#website\"},\"primaryImageOfPage\":{\"@id\":\"https:\\\/\\\/trackonline.com\\\/de\\\/loesungen\\\/logistische-loesungen\\\/#primaryimage\"},\"image\":{\"@id\":\"https:\\\/\\\/trackonline.com\\\/de\\\/loesungen\\\/logistische-loesungen\\\/#primaryimage\"},\"thumbnailUrl\":\"https:\\\/\\\/trackonline.com\\\/wp-content\\\/uploads\\\/2026\\\/01\\\/hp-tweede-vlak-achtergrond-solutions-scaled-1.webp\",\"datePublished\":\"2026-01-09T09:48:40+00:00\",\"dateModified\":\"2026-01-12T10:57:51+00:00\",\"description\":\"TrackOnline bietet die Logistikl\u00f6sung, die Ihrem Unternehmen helfen wird. Dieses System bietet Ihnen alle Informationen \u00fcber die Lieferung\",\"breadcrumb\":{\"@id\":\"https:\\\/\\\/trackonline.com\\\/de\\\/loesungen\\\/logistische-loesungen\\\/#breadcrumb\"},\"inLanguage\":\"de\",\"potentialAction\":[{\"@type\":\"ReadAction\",\"target\":[\"https:\\\/\\\/trackonline.com\\\/de\\\/loesungen\\\/logistische-loesungen\\\/\"]}]},{\"@type\":\"ImageObject\",\"inLanguage\":\"de\",\"@id\":\"https:\\\/\\\/trackonline.com\\\/de\\\/loesungen\\\/logistische-loesungen\\\/#primaryimage\",\"url\":\"https:\\\/\\\/trackonline.com\\\/wp-content\\\/uploads\\\/2026\\\/01\\\/hp-tweede-vlak-achtergrond-solutions-scaled-1.webp\",\"contentUrl\":\"https:\\\/\\\/trackonline.com\\\/wp-content\\\/uploads\\\/2026\\\/01\\\/hp-tweede-vlak-achtergrond-solutions-scaled-1.webp\",\"width\":2560,\"height\":1705},{\"@type\":\"BreadcrumbList\",\"@id\":\"https:\\\/\\\/trackonline.com\\\/de\\\/loesungen\\\/logistische-loesungen\\\/#breadcrumb\",\"itemListElement\":[{\"@type\":\"ListItem\",\"position\":1,\"name\":\"Home\",\"item\":\"https:\\\/\\\/trackonline.com\\\/de\\\/\"},{\"@type\":\"ListItem\",\"position\":2,\"name\":\"L\u00f6sungen\",\"item\":\"https:\\\/\\\/trackonline.com\\\/de\\\/loesungen\\\/\"},{\"@type\":\"ListItem\",\"position\":3,\"name\":\"Transport L\u00f6sungen\"}]},{\"@type\":\"WebSite\",\"@id\":\"https:\\\/\\\/trackonline.com\\\/de\\\/#website\",\"url\":\"https:\\\/\\\/trackonline.com\\\/de\\\/\",\"name\":\"Trackonline\",\"description\":\"\",\"potentialAction\":[{\"@type\":\"SearchAction\",\"target\":{\"@type\":\"EntryPoint\",\"urlTemplate\":\"https:\\\/\\\/trackonline.com\\\/de\\\/?s={search_term_string}\"},\"query-input\":{\"@type\":\"PropertyValueSpecification\",\"valueRequired\":true,\"valueName\":\"search_term_string\"}}],\"inLanguage\":\"de\"}]}<\/script>\n<!-- \/ Yoast SEO plugin. -->","yoast_head_json":{"title":"Logistische L\u00f6sungen - TrackOnline","description":"TrackOnline bietet die Logistikl\u00f6sung, die Ihrem Unternehmen helfen wird. Dieses System bietet Ihnen alle Informationen \u00fcber die Lieferung","robots":{"index":"index","follow":"follow","max-snippet":"max-snippet:-1","max-image-preview":"max-image-preview:large","max-video-preview":"max-video-preview:-1"},"canonical":"https:\/\/trackonline.com\/de\/loesungen\/logistische-loesungen\/","og_locale":"de_DE","og_type":"article","og_title":"Request a Demo for TrackOnline Solutions","og_description":"Curious about the possibilities TrackOnline offers for your company? Request a free demo session and receive a personal tour from one of our TrackOnline experts.","og_url":"https:\/\/trackonline.com\/de\/loesungen\/logistische-loesungen\/","og_site_name":"Trackonline","article_modified_time":"2026-01-12T10:57:51+00:00","og_image":[{"url":"https:\/\/trackonline.com\/wp-content\/uploads\/2026\/01\/hp-tweede-vlak-achtergrond-solutions-scaled-1-1024x682.webp","type":"","width":"","height":""}],"twitter_card":"summary_large_image","twitter_misc":{"Gesch\u00e4tzte Lesezeit":"1\u00a0Minute"},"schema":{"@context":"https:\/\/schema.org","@graph":[{"@type":"WebPage","@id":"https:\/\/trackonline.com\/de\/loesungen\/logistische-loesungen\/","url":"https:\/\/trackonline.com\/de\/loesungen\/logistische-loesungen\/","name":"Logistische L\u00f6sungen - TrackOnline","isPartOf":{"@id":"https:\/\/trackonline.com\/de\/#website"},"primaryImageOfPage":{"@id":"https:\/\/trackonline.com\/de\/loesungen\/logistische-loesungen\/#primaryimage"},"image":{"@id":"https:\/\/trackonline.com\/de\/loesungen\/logistische-loesungen\/#primaryimage"},"thumbnailUrl":"https:\/\/trackonline.com\/wp-content\/uploads\/2026\/01\/hp-tweede-vlak-achtergrond-solutions-scaled-1.webp","datePublished":"2026-01-09T09:48:40+00:00","dateModified":"2026-01-12T10:57:51+00:00","description":"TrackOnline bietet die Logistikl\u00f6sung, die Ihrem Unternehmen helfen wird. Dieses System bietet Ihnen alle Informationen \u00fcber die Lieferung","breadcrumb":{"@id":"https:\/\/trackonline.com\/de\/loesungen\/logistische-loesungen\/#breadcrumb"},"inLanguage":"de","potentialAction":[{"@type":"ReadAction","target":["https:\/\/trackonline.com\/de\/loesungen\/logistische-loesungen\/"]}]},{"@type":"ImageObject","inLanguage":"de","@id":"https:\/\/trackonline.com\/de\/loesungen\/logistische-loesungen\/#primaryimage","url":"https:\/\/trackonline.com\/wp-content\/uploads\/2026\/01\/hp-tweede-vlak-achtergrond-solutions-scaled-1.webp","contentUrl":"https:\/\/trackonline.com\/wp-content\/uploads\/2026\/01\/hp-tweede-vlak-achtergrond-solutions-scaled-1.webp","width":2560,"height":1705},{"@type":"BreadcrumbList","@id":"https:\/\/trackonline.com\/de\/loesungen\/logistische-loesungen\/#breadcrumb","itemListElement":[{"@type":"ListItem","position":1,"name":"Home","item":"https:\/\/trackonline.com\/de\/"},{"@type":"ListItem","position":2,"name":"L\u00f6sungen","item":"https:\/\/trackonline.com\/de\/loesungen\/"},{"@type":"ListItem","position":3,"name":"Transport L\u00f6sungen"}]},{"@type":"WebSite","@id":"https:\/\/trackonline.com\/de\/#website","url":"https:\/\/trackonline.com\/de\/","name":"Trackonline","description":"","potentialAction":[{"@type":"SearchAction","target":{"@type":"EntryPoint","urlTemplate":"https:\/\/trackonline.com\/de\/?s={search_term_string}"},"query-input":{"@type":"PropertyValueSpecification","valueRequired":true,"valueName":"search_term_string"}}],"inLanguage":"de"}]}},"_links":{"self":[{"href":"https:\/\/trackonline.com\/de\/wp-json\/wp\/v2\/pages\/14911","targetHints":{"allow":["GET"]}}],"collection":[{"href":"https:\/\/trackonline.com\/de\/wp-json\/wp\/v2\/pages"}],"about":[{"href":"https:\/\/trackonline.com\/de\/wp-json\/wp\/v2\/types\/page"}],"author":[{"embeddable":true,"href":"https:\/\/trackonline.com\/de\/wp-json\/wp\/v2\/users\/1"}],"replies":[{"embeddable":true,"href":"https:\/\/trackonline.com\/de\/wp-json\/wp\/v2\/comments?post=14911"}],"version-history":[{"count":7,"href":"https:\/\/trackonline.com\/de\/wp-json\/wp\/v2\/pages\/14911\/revisions"}],"predecessor-version":[{"id":16195,"href":"https:\/\/trackonline.com\/de\/wp-json\/wp\/v2\/pages\/14911\/revisions\/16195"}],"up":[{"embeddable":true,"href":"https:\/\/trackonline.com\/de\/wp-json\/wp\/v2\/pages\/15141"}],"wp:featuredmedia":[{"embeddable":true,"href":"https:\/\/trackonline.com\/de\/wp-json\/wp\/v2\/media\/14539"}],"wp:attachment":[{"href":"https:\/\/trackonline.com\/de\/wp-json\/wp\/v2\/media?parent=14911"}],"curies":[{"name":"wp","href":"https:\/\/api.w.org\/{rel}","templated":true}]}}