{"id":14934,"date":"2026-01-09T09:53:20","date_gmt":"2026-01-09T09:53:20","guid":{"rendered":"https:\/\/trackonline.com\/food-supplier-solutions\/"},"modified":"2026-01-13T09:15:12","modified_gmt":"2026-01-13T09:15:12","slug":"lebensmittellieferanten","status":"publish","type":"page","link":"https:\/\/trackonline.com\/de\/loesungen\/lebensmittellieferanten\/","title":{"rendered":"L\u00f6sungen f\u00fcr Lebensmittellieferanten"},"content":{"rendered":"\n\n\t<section class=\"section solutions-banner\" id=\"section_1236408423\">\n\t\t<div class=\"section-bg fill\" >\n\t\t\t\t\t\t\t\t\t\n\t\t\t\n\n\t\t<\/div>\n\n\t\t\n\n\t\t<div class=\"section-content relative\">\n\t\t\t\n\n\t<div id=\"gap-1028822201\" class=\"gap-element clearfix\" style=\"display:block; height:auto;\">\n\t\t\n<style>\n#gap-1028822201 {\n  padding-top: 95px;\n}\n@media (min-width:550px) {\n  #gap-1028822201 {\n    padding-top: 125px;\n  }\n}\n<\/style>\n\t<\/div>\n\t\n\n<div class=\"row breadcrumb-row\"  id=\"row-904605370\">\n\n\n\t<div id=\"col-1601759272\" class=\"col col-1 small-12 large-12\"  >\n\t\t\t\t<div class=\"col-inner\"  >\n\t\t\t\n\t\t\t\n\n\t\t<div class=\"white-text\">\n\t\t\t\t\n\n<span><span><a href=\"https:\/\/trackonline.com\/de\/\">Home<\/a><\/span><\/span>\n\t\t<\/div>\n\t\n\n\t\t<\/div>\n\t\t\t\t\t<\/div>\n\n\t\n\n<\/div>\n\t<div id=\"gap-1251182606\" class=\"gap-element clearfix\" style=\"display:block; height:auto;\">\n\t\t\n<style>\n#gap-1251182606 {\n  padding-top: 75px;\n}\n<\/style>\n\t<\/div>\n\t\n\n<div class=\"row align-right row-1\"  id=\"row-2023550619\">\n\n\n\t<div id=\"col-1984011365\" class=\"col col-1 medium-8 small-12 large-12\"  >\n\t\t\t\t<div class=\"col-inner\"  >\n\t\t\t\n\t\t\t\n\n\t<div id=\"text-3381488300\" class=\"text h-large white-text\">\n\t\t\n\n<h1>L\u00f6sungen f\u00fcr Lebensmittellieferanten<\/h1>\n\n\t\t\t<\/div>\n\t\n\n\t\t<\/div>\n\t\t\t\t\t<\/div>\n\n\t\n\n<\/div>\n\t<div id=\"gap-619945910\" class=\"gap-element clearfix\" style=\"display:block; height:auto;\">\n\t\t\n<style>\n#gap-619945910 {\n  padding-top: 125px;\n}\n<\/style>\n\t<\/div>\n\t\n\n\t<div id=\"gap-1236712320\" class=\"gap-element clearfix sec-gap show-for-medium\" style=\"display:block; height:auto;\">\n\t\t\n<style>\n#gap-1236712320 {\n  padding-top: 30px;\n}\n<\/style>\n\t<\/div>\n\t\n\n\n\t\t<\/div>\n\n\t\t\n<style>\n#section_1236408423 {\n  padding-top: 0px;\n  padding-bottom: 0px;\n  background-color: rgb(0, 21, 62);\n}\n<\/style>\n\t<\/section>\n\t\n\n\t<section class=\"section solutions-section-1\" id=\"section_2123320539\">\n\t\t<div class=\"section-bg fill\" >\n\t\t\t\t\t\t\t\t\t\n\t\t\t\n\n\t\t<\/div>\n\n\t\t\n\n\t\t<div class=\"section-content relative\">\n\t\t\t\n\n<div class=\"row row-1 wide\"  id=\"row-245660645\">\n\n\n\t<div id=\"col-1161046629\" class=\"col col-1 small-12 large-12\"  >\n\t\t\t\t<div class=\"col-inner\" style=\"background-color:rgb(255,255,255);\" >\n\t\t\t\n\t\t\t\n\n\t<div id=\"text-1220689686\" class=\"text h-small\">\n\t\t\n\n<h2>W\u00e4hlen Sie Ihre L\u00f6sung<\/h2>\n\n\t\t\t<\/div>\n\t\n\t\t<div class=\"buttons\">\n\t\t\t\t\n\n<a class=\"black outline\" href=\"#lebensmittellieferanten-api-verbindung\">API-Verbindung<\/a><a class=\"black outline\" href=\"#lebensmittellieferanten-automatiseren\">Automatiseren<\/a><a class=\"black outline\" href=\"#lebensmittellieferanten-rfid-und-iot\">RFID und IoT<\/a><a class=\"black outline\" href=\"#lebensmittellieferanten-ubersicht\">\u00dcbersicht<\/a>\n\t\t<\/div>\n\t\n\n\n<div class=\"solution-container\">\r\n\t<span class=\"scroll-to\" data-label=\"Scroll to: #lebensmittellieferanten-api-verbindung\" data-bullet=\"false\" data-link=\"#lebensmittellieferanten-api-verbindung\" data-title=\"API-Verbindung\"><a name=\"lebensmittellieferanten-api-verbindung\"><\/a><\/span>\r\n\t<div class=\"solution-content-wrapper\">\r\n\t\t<div class=\"text h-small\">\r\n\t\t\t<h3>API-Verbindung<\/h3>\r\n\t\t<\/div>\r\n\t\t<div class=\"text-container\">\r\n\t\t\t<p>Das Transportmanagementsystem und andere externe Systeme wie ERP und WMS k\u00f6nnen mit TrackOnline verkn\u00fcpft werden. Auftr\u00e4ge werden automatisch weitergeleitet und die weitere Bearbeitung der Verpackungen wird in TrackOnline verwaltet. Transaktionen und Auftr\u00e4ge werden automatisch aus dem ERP-, WMS- oder TMS-System importiert, sodass Sie viele manuelle Arbeiten automatisieren k\u00f6nnen.<\/p>\n<p>TrackOnline verf\u00fcgt \u00fcber eine gut beschriebene REST-API, mit der Sie als Transportunternehmen schnell eine Verbindung zu Ihrer eigenen spezifischen Software herstellen k\u00f6nnen. Standardverbindungen wurden mit Navision, MatchOnline, SAP und Florisoft realisiert. Durch die Einrichtung der Verbindung erhalten Sie immer die richtigen Daten in der Verpackungsplattform. Dadurch wird verhindert, dass Buchungen in zwei verschiedenen Systemen vorgenommen werden oder dass Informationen zwischen den Systemen nicht \u00fcbereinstimmen. Eine Verbindung mit TrackOnline ersetzt mehrere manuelle Aktionen und minimiert die M\u00f6glichkeit von (manuellen) Fehlern. Mit der API-Verbindung k\u00f6nnen Sie sich auf das Verpackungsmanagement konzentrieren, anstatt Verpackungen zu importieren.<\/p>\n\r\n\t\t<\/div>\r\n\t<\/div>\r\n<\/div><div class=\"solution-container\">\r\n\t<span class=\"scroll-to\" data-label=\"Scroll to: #lebensmittellieferanten-automatiseren\" data-bullet=\"false\" data-link=\"#lebensmittellieferanten-automatiseren\" data-title=\"Automatiseren\"><a name=\"lebensmittellieferanten-automatiseren\"><\/a><\/span>\r\n\t<div class=\"solution-content-wrapper\">\r\n\t\t<div class=\"text h-small\">\r\n\t\t\t<h3>Automatiseren<\/h3>\r\n\t\t<\/div>\r\n\t\t<div class=\"text-container\">\r\n\t\t\t<p>Automation of business processes ensures more efficiency in your organization. Most of the manual tasks can be automated with process rules in TrackOnline. In TrackOnline there are several possibilities to automate, in order to maximize the automation of your packaging processes. This gives you the opportunity to eliminate many, often time consuming, manual tasks. Some examples are forwarding of reports, the processing of a transaction or simply updating the status of a transaction.<\/p>\n<p>When TrackOnline is deployed in a production environment or a place where packaging plays an important role for the company\u2019s core business, TrackOnline\u2019s automation capabilities offer a lot of added value. Packaging contributes to the safe transport of your products without damage. To keep track of where your packaging is located, TrackOnline works with different statuses. In combination with these statuses, you can automate a lot of manual work.<\/p>\n<p>In this way, you create an automatic business process, where you can immediately see if something is available per status and\/or if further action needs to be taken. Automating work reduces the chance of (manual) errors and makes work more efficient!<\/p>\n<p><img decoding=\"async\" class=\"alignnone size-medium wp-image-14764\" src=\"https:\/\/trackonline.com\/wp-content\/uploads\/2026\/01\/Solutions-automatisering-optimized-1203x800-1-300x200.webp\" alt=\"\" width=\"300\" height=\"200\" srcset=\"https:\/\/trackonline.com\/wp-content\/uploads\/2026\/01\/Solutions-automatisering-optimized-1203x800-1-300x200.webp 300w, https:\/\/trackonline.com\/wp-content\/uploads\/2026\/01\/Solutions-automatisering-optimized-1203x800-1-1024x681.webp 1024w, https:\/\/trackonline.com\/wp-content\/uploads\/2026\/01\/Solutions-automatisering-optimized-1203x800-1-768x511.webp 768w, https:\/\/trackonline.com\/wp-content\/uploads\/2026\/01\/Solutions-automatisering-optimized-1203x800-1.webp 1203w\" sizes=\"(max-width: 300px) 100vw, 300px\" \/><\/p>\n\r\n\t\t<\/div>\r\n\t<\/div>\r\n<\/div><div class=\"solution-container\">\r\n\t<span class=\"scroll-to\" data-label=\"Scroll to: #lebensmittellieferanten-rfid-und-iot\" data-bullet=\"false\" data-link=\"#lebensmittellieferanten-rfid-und-iot\" data-title=\"RFID und IoT\"><a name=\"lebensmittellieferanten-rfid-und-iot\"><\/a><\/span>\r\n\t<div class=\"solution-content-wrapper\">\r\n\t\t<div class=\"text h-small\">\r\n\t\t\t<h3>RFID und IoT<\/h3>\r\n\t\t<\/div>\r\n\t\t<div class=\"text-container\">\r\n\t\t\t<p>The TrackOnline packaging platform offers the possibility to track returnable assets, using an RFID-tag or an IoT GPS-device. This is mainly used to gain insight into where the returnable assets are located and to avoid losing valuable or customized load carriers.<br \/>\n<strong>RFID for load carriers<\/strong><br \/>\nAs a packaging registration platform, TrackOnline is directly deployable to make use of RFID applications. By using RFID in combination with TrackOnline, transactions are automatically created in TrackOnline. With, for example a smart-spot, the products and load carriers are scanned and automatically registered as a transaction in TrackOnline. Handheld scanners can also be used to scan load carriers. With the user-friendly REST-API, an RFID-link is easy to realize.<br \/>\n<strong>IoT application within TrackOnline<\/strong><br \/>\nBy using IoT tools in TrackOnline, you can track your cargo carriers based on GPS information. This allows you to know exactly where your load carriers are, visible in the interactive map in TrackOnline. Based on historical data, you are able to track which route the IoT device has recently traveled. In addition, it is possible to use IoT to monitor temperature, or to verify whether certain doors of containers are open or closed.<\/p>\n<p>It is also possible to use IoT to create a geo-fence, a digital fence, related to a location. When an IoT GPS-device enters the diameter of this circle, it will be recognized. When the device is tracked into another geo-fence, TrackOnline automatically creates a transaction. With IoT and RFID you automate many manual actions and work more efficiently!<\/p>\n<p>&nbsp;<\/p>\n<p><img decoding=\"async\" class=\"alignnone size-medium wp-image-14660\" src=\"https:\/\/trackonline.com\/wp-content\/uploads\/2026\/01\/Solutions-trackandtrace-RFID-1200x800-1-300x200.webp\" alt=\"\" width=\"300\" height=\"200\" srcset=\"https:\/\/trackonline.com\/wp-content\/uploads\/2026\/01\/Solutions-trackandtrace-RFID-1200x800-1-300x200.webp 300w, https:\/\/trackonline.com\/wp-content\/uploads\/2026\/01\/Solutions-trackandtrace-RFID-1200x800-1-1024x683.webp 1024w, https:\/\/trackonline.com\/wp-content\/uploads\/2026\/01\/Solutions-trackandtrace-RFID-1200x800-1-768x512.webp 768w, https:\/\/trackonline.com\/wp-content\/uploads\/2026\/01\/Solutions-trackandtrace-RFID-1200x800-1.webp 1200w\" sizes=\"(max-width: 300px) 100vw, 300px\" \/><\/p>\n\r\n\t\t<\/div>\r\n\t<\/div>\r\n<\/div><div class=\"solution-container\">\r\n\t<span class=\"scroll-to\" data-label=\"Scroll to: #lebensmittellieferanten-ubersicht\" data-bullet=\"false\" data-link=\"#lebensmittellieferanten-ubersicht\" data-title=\"\u00dcbersicht\"><a name=\"lebensmittellieferanten-ubersicht\"><\/a><\/span>\r\n\t<div class=\"solution-content-wrapper\">\r\n\t\t<div class=\"text h-small\">\r\n\t\t\t<h3>\u00dcbersicht<\/h3>\r\n\t\t<\/div>\r\n\t\t<div class=\"text-container\">\r\n\t\t\t<p>Das Dashboard von TrackOnline zeigt alle relevanten Informationen an. Die Dashboards k\u00f6nnen nach Ihren W\u00fcnschen angepasst werden, sodass Sie sofort sehen k\u00f6nnen, wo sich Ihre Wagen, Kisten und andere Ladungstr\u00e4ger befinden. Dank GPS k\u00f6nnen Sie alle Ladungstr\u00e4ger auf der interaktiven Karte im Dashboard verfolgen. Au\u00dferdem k\u00f6nnen Sie sehen, welche Standorte mit der R\u00fccksendung von Verpackungen im R\u00fcckstand sind und wer Ihnen noch Verpackungen schuldet. Eine weitere Grafik im Dashboard kann beispielsweise den Stand des verf\u00fcgbaren Bestands im Zeitverlauf anzeigen. Die M\u00f6glichkeiten mit verschiedenen Dashboards sind endlos und Sie k\u00f6nnen mehrere Dashboards zusammenstellen, die auf die spezifischen Bed\u00fcrfnisse der verschiedenen Teams innerhalb Ihrer Organisation zugeschnitten sind.<\/p>\n<p>Wenn Sie sich anmelden, sehen Sie auch Benachrichtigungen in der Verpackungsplattform. Sie erhalten beispielsweise eine Benachrichtigung, wenn Ihr Gesch\u00e4ftspartner auf eine Saldoanpassung reagiert hat oder wenn jemand eine Chat-Nachricht gesendet hat. Wenn Ihre Gesch\u00e4ftspartner TrackOnline CONNECT verwenden, erhalten Sie eine Benachrichtigung, wenn ein Gesch\u00e4ftspartner eine Transaktion geteilt hat. Mit TrackOnline sind Sie st\u00e4ndig \u00fcber die Vorg\u00e4nge in Ihrer Verpackungsverwaltung informiert.<\/p>\n<p>&nbsp;<\/p>\n<p><img decoding=\"async\" class=\"alignnone size-medium wp-image-14753\" src=\"\/\/trackonline.com\/wp-content\/uploads\/2026\/01\/Solutions-Dashboard-overzicht-EN-3-1400x638-1-1-300x137.gif\u201c\" alt=\"\" width=\"300\" height=\"137\" srcset=\"https:\/\/trackonline.com\/wp-content\/uploads\/2026\/01\/Solutions-Dashboard-overzicht-EN-3-1400x638-1-1-300x137.gif 300w, https:\/\/trackonline.com\/wp-content\/uploads\/2026\/01\/Solutions-Dashboard-overzicht-EN-3-1400x638-1-1-1024x467.gif 1024w, https:\/\/trackonline.com\/wp-content\/uploads\/2026\/01\/Solutions-Dashboard-overzicht-EN-3-1400x638-1-1-768x350.gif 768w\" sizes=\"(max-width: 300px) 100vw, 300px\" \/><\/p>\n\r\n\t\t<\/div>\r\n\t<\/div>\r\n<\/div>\n\n\n\t\t<\/div>\n\t\t\t\t\n<style>\n#col-1161046629 > .col-inner {\n  padding: 35px 30px 50px 30px;\n  margin: -25px 0px 0px 0px;\n  border-radius: 10px;\n}\n@media (min-width:550px) {\n  #col-1161046629 > .col-inner {\n    padding: 35px 30px 75px 30px;\n  }\n}\n@media (min-width:850px) {\n  #col-1161046629 > .col-inner {\n    padding: 75px 75px 100px 75px;\n    margin: -45px 0px 0px 0px;\n  }\n}\n<\/style>\n\t<\/div>\n\n\t\n\n<\/div>\n\n\t\t<\/div>\n\n\t\t\n<style>\n#section_2123320539 {\n  padding-top: 0px;\n  padding-bottom: 0px;\n}\n<\/style>\n\t<\/section>\n\t\n\n","protected":false},"excerpt":{"rendered":"","protected":false},"author":1,"featured_media":14539,"parent":15141,"menu_order":1,"comment_status":"closed","ping_status":"closed","template":"page-transparent-header-light.php","meta":{"content-type":"","footnotes":""},"class_list":["post-14934","page","type-page","status-publish","has-post-thumbnail","hentry"],"yoast_head":"<!-- This site is optimized with the Yoast SEO plugin v27.3 - https:\/\/yoast.com\/product\/yoast-seo-wordpress\/ -->\n<title>L\u00f6sungen f\u00fcr Lebensmittellieferanten<\/title>\n<meta name=\"description\" content=\"Sind Sie neugierig auf die M\u00f6glichkeiten, die TrackOnline Ihrem Unternehmen bietet? Fordern Sie eine kostenlose Demo-Sitzung an und lassen Sie sich von einem unserer TrackOnline-Experten pers\u00f6nlich beraten.\" \/>\n<meta name=\"robots\" content=\"index, follow, max-snippet:-1, max-image-preview:large, max-video-preview:-1\" \/>\n<link rel=\"canonical\" href=\"https:\/\/trackonline.com\/de\/loesungen\/lebensmittellieferanten\/\" \/>\n<meta property=\"og:locale\" content=\"de_DE\" \/>\n<meta property=\"og:type\" content=\"article\" \/>\n<meta property=\"og:title\" content=\"Request a Demo for TrackOnline Solutions\" \/>\n<meta property=\"og:description\" content=\"Curious about the possibilities TrackOnline offers for your company? Request a free demo session and receive a personal tour from one of our TrackOnline experts.\" \/>\n<meta property=\"og:url\" content=\"https:\/\/trackonline.com\/de\/loesungen\/lebensmittellieferanten\/\" \/>\n<meta property=\"og:site_name\" content=\"Trackonline\" \/>\n<meta property=\"article:modified_time\" content=\"2026-01-13T09:15:12+00:00\" \/>\n<meta property=\"og:image\" content=\"https:\/\/trackonline.com\/wp-content\/uploads\/2026\/01\/hp-tweede-vlak-achtergrond-solutions-scaled-1-1024x682.webp\" \/>\n<meta name=\"twitter:card\" content=\"summary_large_image\" \/>\n<meta name=\"twitter:label1\" content=\"Gesch\u00e4tzte Lesezeit\" \/>\n\t<meta name=\"twitter:data1\" content=\"1\u00a0Minute\" \/>\n<script type=\"application\/ld+json\" class=\"yoast-schema-graph\">{\"@context\":\"https:\\\/\\\/schema.org\",\"@graph\":[{\"@type\":\"WebPage\",\"@id\":\"https:\\\/\\\/trackonline.com\\\/de\\\/loesungen\\\/lebensmittellieferanten\\\/\",\"url\":\"https:\\\/\\\/trackonline.com\\\/de\\\/loesungen\\\/lebensmittellieferanten\\\/\",\"name\":\"L\u00f6sungen f\u00fcr Lebensmittellieferanten\",\"isPartOf\":{\"@id\":\"https:\\\/\\\/trackonline.com\\\/de\\\/#website\"},\"primaryImageOfPage\":{\"@id\":\"https:\\\/\\\/trackonline.com\\\/de\\\/loesungen\\\/lebensmittellieferanten\\\/#primaryimage\"},\"image\":{\"@id\":\"https:\\\/\\\/trackonline.com\\\/de\\\/loesungen\\\/lebensmittellieferanten\\\/#primaryimage\"},\"thumbnailUrl\":\"https:\\\/\\\/trackonline.com\\\/wp-content\\\/uploads\\\/2026\\\/01\\\/hp-tweede-vlak-achtergrond-solutions-scaled-1.webp\",\"datePublished\":\"2026-01-09T09:53:20+00:00\",\"dateModified\":\"2026-01-13T09:15:12+00:00\",\"description\":\"Sind Sie neugierig auf die M\u00f6glichkeiten, die TrackOnline Ihrem Unternehmen bietet? Fordern Sie eine kostenlose Demo-Sitzung an und lassen Sie sich von einem unserer TrackOnline-Experten pers\u00f6nlich beraten.\",\"breadcrumb\":{\"@id\":\"https:\\\/\\\/trackonline.com\\\/de\\\/loesungen\\\/lebensmittellieferanten\\\/#breadcrumb\"},\"inLanguage\":\"de\",\"potentialAction\":[{\"@type\":\"ReadAction\",\"target\":[\"https:\\\/\\\/trackonline.com\\\/de\\\/loesungen\\\/lebensmittellieferanten\\\/\"]}]},{\"@type\":\"ImageObject\",\"inLanguage\":\"de\",\"@id\":\"https:\\\/\\\/trackonline.com\\\/de\\\/loesungen\\\/lebensmittellieferanten\\\/#primaryimage\",\"url\":\"https:\\\/\\\/trackonline.com\\\/wp-content\\\/uploads\\\/2026\\\/01\\\/hp-tweede-vlak-achtergrond-solutions-scaled-1.webp\",\"contentUrl\":\"https:\\\/\\\/trackonline.com\\\/wp-content\\\/uploads\\\/2026\\\/01\\\/hp-tweede-vlak-achtergrond-solutions-scaled-1.webp\",\"width\":2560,\"height\":1705},{\"@type\":\"BreadcrumbList\",\"@id\":\"https:\\\/\\\/trackonline.com\\\/de\\\/loesungen\\\/lebensmittellieferanten\\\/#breadcrumb\",\"itemListElement\":[{\"@type\":\"ListItem\",\"position\":1,\"name\":\"Home\",\"item\":\"https:\\\/\\\/trackonline.com\\\/de\\\/\"},{\"@type\":\"ListItem\",\"position\":2,\"name\":\"L\u00f6sungen\",\"item\":\"https:\\\/\\\/trackonline.com\\\/de\\\/loesungen\\\/\"},{\"@type\":\"ListItem\",\"position\":3,\"name\":\"L\u00f6sungen f\u00fcr Lebensmittellieferanten\"}]},{\"@type\":\"WebSite\",\"@id\":\"https:\\\/\\\/trackonline.com\\\/de\\\/#website\",\"url\":\"https:\\\/\\\/trackonline.com\\\/de\\\/\",\"name\":\"Trackonline\",\"description\":\"\",\"potentialAction\":[{\"@type\":\"SearchAction\",\"target\":{\"@type\":\"EntryPoint\",\"urlTemplate\":\"https:\\\/\\\/trackonline.com\\\/de\\\/?s={search_term_string}\"},\"query-input\":{\"@type\":\"PropertyValueSpecification\",\"valueRequired\":true,\"valueName\":\"search_term_string\"}}],\"inLanguage\":\"de\"}]}<\/script>\n<!-- \/ Yoast SEO plugin. -->","yoast_head_json":{"title":"L\u00f6sungen f\u00fcr Lebensmittellieferanten","description":"Sind Sie neugierig auf die M\u00f6glichkeiten, die TrackOnline Ihrem Unternehmen bietet? Fordern Sie eine kostenlose Demo-Sitzung an und lassen Sie sich von einem unserer TrackOnline-Experten pers\u00f6nlich beraten.","robots":{"index":"index","follow":"follow","max-snippet":"max-snippet:-1","max-image-preview":"max-image-preview:large","max-video-preview":"max-video-preview:-1"},"canonical":"https:\/\/trackonline.com\/de\/loesungen\/lebensmittellieferanten\/","og_locale":"de_DE","og_type":"article","og_title":"Request a Demo for TrackOnline Solutions","og_description":"Curious about the possibilities TrackOnline offers for your company? Request a free demo session and receive a personal tour from one of our TrackOnline experts.","og_url":"https:\/\/trackonline.com\/de\/loesungen\/lebensmittellieferanten\/","og_site_name":"Trackonline","article_modified_time":"2026-01-13T09:15:12+00:00","og_image":[{"url":"https:\/\/trackonline.com\/wp-content\/uploads\/2026\/01\/hp-tweede-vlak-achtergrond-solutions-scaled-1-1024x682.webp","type":"","width":"","height":""}],"twitter_card":"summary_large_image","twitter_misc":{"Gesch\u00e4tzte Lesezeit":"1\u00a0Minute"},"schema":{"@context":"https:\/\/schema.org","@graph":[{"@type":"WebPage","@id":"https:\/\/trackonline.com\/de\/loesungen\/lebensmittellieferanten\/","url":"https:\/\/trackonline.com\/de\/loesungen\/lebensmittellieferanten\/","name":"L\u00f6sungen f\u00fcr Lebensmittellieferanten","isPartOf":{"@id":"https:\/\/trackonline.com\/de\/#website"},"primaryImageOfPage":{"@id":"https:\/\/trackonline.com\/de\/loesungen\/lebensmittellieferanten\/#primaryimage"},"image":{"@id":"https:\/\/trackonline.com\/de\/loesungen\/lebensmittellieferanten\/#primaryimage"},"thumbnailUrl":"https:\/\/trackonline.com\/wp-content\/uploads\/2026\/01\/hp-tweede-vlak-achtergrond-solutions-scaled-1.webp","datePublished":"2026-01-09T09:53:20+00:00","dateModified":"2026-01-13T09:15:12+00:00","description":"Sind Sie neugierig auf die M\u00f6glichkeiten, die TrackOnline Ihrem Unternehmen bietet? Fordern Sie eine kostenlose Demo-Sitzung an und lassen Sie sich von einem unserer TrackOnline-Experten pers\u00f6nlich beraten.","breadcrumb":{"@id":"https:\/\/trackonline.com\/de\/loesungen\/lebensmittellieferanten\/#breadcrumb"},"inLanguage":"de","potentialAction":[{"@type":"ReadAction","target":["https:\/\/trackonline.com\/de\/loesungen\/lebensmittellieferanten\/"]}]},{"@type":"ImageObject","inLanguage":"de","@id":"https:\/\/trackonline.com\/de\/loesungen\/lebensmittellieferanten\/#primaryimage","url":"https:\/\/trackonline.com\/wp-content\/uploads\/2026\/01\/hp-tweede-vlak-achtergrond-solutions-scaled-1.webp","contentUrl":"https:\/\/trackonline.com\/wp-content\/uploads\/2026\/01\/hp-tweede-vlak-achtergrond-solutions-scaled-1.webp","width":2560,"height":1705},{"@type":"BreadcrumbList","@id":"https:\/\/trackonline.com\/de\/loesungen\/lebensmittellieferanten\/#breadcrumb","itemListElement":[{"@type":"ListItem","position":1,"name":"Home","item":"https:\/\/trackonline.com\/de\/"},{"@type":"ListItem","position":2,"name":"L\u00f6sungen","item":"https:\/\/trackonline.com\/de\/loesungen\/"},{"@type":"ListItem","position":3,"name":"L\u00f6sungen f\u00fcr Lebensmittellieferanten"}]},{"@type":"WebSite","@id":"https:\/\/trackonline.com\/de\/#website","url":"https:\/\/trackonline.com\/de\/","name":"Trackonline","description":"","potentialAction":[{"@type":"SearchAction","target":{"@type":"EntryPoint","urlTemplate":"https:\/\/trackonline.com\/de\/?s={search_term_string}"},"query-input":{"@type":"PropertyValueSpecification","valueRequired":true,"valueName":"search_term_string"}}],"inLanguage":"de"}]}},"_links":{"self":[{"href":"https:\/\/trackonline.com\/de\/wp-json\/wp\/v2\/pages\/14934","targetHints":{"allow":["GET"]}}],"collection":[{"href":"https:\/\/trackonline.com\/de\/wp-json\/wp\/v2\/pages"}],"about":[{"href":"https:\/\/trackonline.com\/de\/wp-json\/wp\/v2\/types\/page"}],"author":[{"embeddable":true,"href":"https:\/\/trackonline.com\/de\/wp-json\/wp\/v2\/users\/1"}],"replies":[{"embeddable":true,"href":"https:\/\/trackonline.com\/de\/wp-json\/wp\/v2\/comments?post=14934"}],"version-history":[{"count":5,"href":"https:\/\/trackonline.com\/de\/wp-json\/wp\/v2\/pages\/14934\/revisions"}],"predecessor-version":[{"id":16327,"href":"https:\/\/trackonline.com\/de\/wp-json\/wp\/v2\/pages\/14934\/revisions\/16327"}],"up":[{"embeddable":true,"href":"https:\/\/trackonline.com\/de\/wp-json\/wp\/v2\/pages\/15141"}],"wp:featuredmedia":[{"embeddable":true,"href":"https:\/\/trackonline.com\/de\/wp-json\/wp\/v2\/media\/14539"}],"wp:attachment":[{"href":"https:\/\/trackonline.com\/de\/wp-json\/wp\/v2\/media?parent=14934"}],"curies":[{"name":"wp","href":"https:\/\/api.w.org\/{rel}","templated":true}]}}