{"id":14942,"date":"2026-01-09T09:51:37","date_gmt":"2026-01-09T09:51:37","guid":{"rendered":"https:\/\/trackonline.com\/food-retail-solutions\/"},"modified":"2026-01-12T12:13:34","modified_gmt":"2026-01-12T12:13:34","slug":"lebensmittelindustrie","status":"publish","type":"page","link":"https:\/\/trackonline.com\/de\/loesungen\/lebensmittelindustrie\/","title":{"rendered":"Lebensmittelindustrie"},"content":{"rendered":"\n\n\t<section class=\"section solutions-banner\" id=\"section_1319216824\">\n\t\t<div class=\"section-bg fill\" >\n\t\t\t\t\t\t\t\t\t\n\t\t\t\n\n\t\t<\/div>\n\n\t\t\n\n\t\t<div class=\"section-content relative\">\n\t\t\t\n\n\t<div id=\"gap-1095307511\" class=\"gap-element clearfix\" style=\"display:block; height:auto;\">\n\t\t\n<style>\n#gap-1095307511 {\n  padding-top: 95px;\n}\n@media (min-width:550px) {\n  #gap-1095307511 {\n    padding-top: 125px;\n  }\n}\n<\/style>\n\t<\/div>\n\t\n\n<div class=\"row breadcrumb-row\"  id=\"row-1158864576\">\n\n\n\t<div id=\"col-73551730\" class=\"col col-1 small-12 large-12\"  >\n\t\t\t\t<div class=\"col-inner\"  >\n\t\t\t\n\t\t\t\n\n\t\t<div class=\"white-text\">\n\t\t\t\t\n\n<span><span><a href=\"https:\/\/trackonline.com\/de\/\">Home<\/a><\/span><\/span>\n\t\t<\/div>\n\t\n\n\t\t<\/div>\n\t\t\t\t\t<\/div>\n\n\t\n\n<\/div>\n\t<div id=\"gap-879158002\" class=\"gap-element clearfix\" style=\"display:block; height:auto;\">\n\t\t\n<style>\n#gap-879158002 {\n  padding-top: 75px;\n}\n<\/style>\n\t<\/div>\n\t\n\n<div class=\"row align-right row-1\"  id=\"row-1800044095\">\n\n\n\t<div id=\"col-1046545311\" class=\"col col-1 medium-8 small-12 large-12\"  >\n\t\t\t\t<div class=\"col-inner\"  >\n\t\t\t\n\t\t\t\n\n\t<div id=\"text-2001005472\" class=\"text h-large white-text\">\n\t\t\n\n<h1>L\u00f6sungen f\u00fcr die Lebensmittelindustrie<\/h1>\n\n\t\t\t<\/div>\n\t\n\n\t\t<\/div>\n\t\t\t\t\t<\/div>\n\n\t\n\n<\/div>\n\t<div id=\"gap-1778619360\" class=\"gap-element clearfix\" style=\"display:block; height:auto;\">\n\t\t\n<style>\n#gap-1778619360 {\n  padding-top: 125px;\n}\n<\/style>\n\t<\/div>\n\t\n\n\t<div id=\"gap-367250646\" class=\"gap-element clearfix sec-gap show-for-medium\" style=\"display:block; height:auto;\">\n\t\t\n<style>\n#gap-367250646 {\n  padding-top: 30px;\n}\n<\/style>\n\t<\/div>\n\t\n\n\n\t\t<\/div>\n\n\t\t\n<style>\n#section_1319216824 {\n  padding-top: 0px;\n  padding-bottom: 0px;\n  background-color: rgb(0, 21, 62);\n}\n<\/style>\n\t<\/section>\n\t\n\n\t<section class=\"section solutions-section-1\" id=\"section_199280363\">\n\t\t<div class=\"section-bg fill\" >\n\t\t\t\t\t\t\t\t\t\n\t\t\t\n\n\t\t<\/div>\n\n\t\t\n\n\t\t<div class=\"section-content relative\">\n\t\t\t\n\n<div class=\"row row-1 wide\"  id=\"row-705255832\">\n\n\n\t<div id=\"col-1329906955\" class=\"col col-1 small-12 large-12\"  >\n\t\t\t\t<div class=\"col-inner\" style=\"background-color:rgb(255,255,255);\" >\n\t\t\t\n\t\t\t\n\n\t<div id=\"text-4086031559\" class=\"text h-small\">\n\t\t\n\n<h2>W\u00e4hlen Sie Ihre L\u00f6sung<\/h2>\n\n\t\t\t<\/div>\n\t\n\t\t<div class=\"buttons\">\n\t\t\t\t\n\n<a class=\"black outline\" href=\"#lebensmittelindustrie-api-verbindung\">API-Verbindung<\/a><a class=\"black outline\" href=\"#lebensmittelindustrie-mobile-anwendung\">Mobile Anwendung<\/a><a class=\"black outline\" href=\"#lebensmittelindustrie-saldenabstimmung\">Saldenabstimmung<\/a><a class=\"black outline\" href=\"#lebensmittelindustrie-ubersicht\">\u00dcbersicht<\/a>\n\t\t<\/div>\n\t\n\n\n<div class=\"solution-container\">\r\n\t<span class=\"scroll-to\" data-label=\"Scroll to: #lebensmittelindustrie-api-verbindung\" data-bullet=\"false\" data-link=\"#lebensmittelindustrie-api-verbindung\" data-title=\"API-Verbindung\"><a name=\"lebensmittelindustrie-api-verbindung\"><\/a><\/span>\r\n\t<div class=\"solution-content-wrapper\">\r\n\t\t<div class=\"text h-small\">\r\n\t\t\t<h3>API-Verbindung<\/h3>\r\n\t\t<\/div>\r\n\t\t<div class=\"text-container\">\r\n\t\t\t<h2>Verkn\u00fcpfen Sie ERP-, TMS- und WMS-Systeme mit TrackOnline<\/h2>\n<p>Verschiedene externe ERP-, TMS- und WMS-Systeme k\u00f6nnen mit TrackOnline verkn\u00fcpft werden. Dadurch werden Bestellungen automatisch weitergeleitet und die weitere Bearbeitung der Ladungstr\u00e4ger in TrackOnline verwaltet. Transaktionen und Bestellungen werden automatisch aus dem ERP-, WMS- oder TMS-System in TrackOnline importiert. Dadurch automatisieren Sie viele manuelle Vorg\u00e4nge.<\/p>\n<p>TrackOnline verf\u00fcgt \u00fcber eine gut beschriebene REST-API, die eine schnelle Verkn\u00fcpfung erm\u00f6glicht. Durch die Verkn\u00fcpfung sind immer die richtigen Daten in TrackOnline vorhanden. Es gibt Standardverkn\u00fcpfungen mit Navision, MatchOnline, SAP und Florisoft.<\/p>\n<p>Eine Verkn\u00fcpfung mit TrackOnline automatisiert viele manuelle Vorg\u00e4nge. Dadurch wird verhindert, dass Buchungen in verschiedenen Systemen vorgenommen werden und Informationen zwischen den Systemen nicht \u00fcbereinstimmen. Die Verkn\u00fcpfung importiert automatisch Daten aus dem ERP-System in TrackOnline. Dies verhindert die manuelle Eingabe und verringert die Wahrscheinlichkeit von Eingabefehlern. Mit der API-Verbindung liegt der Schwerpunkt auf der Ladungstr\u00e4gerverwaltung und nicht auf der Eingabe von Belegen.<\/p>\n\r\n\t\t<\/div>\r\n\t<\/div>\r\n<\/div><div class=\"solution-container\">\r\n\t<span class=\"scroll-to\" data-label=\"Scroll to: #lebensmittelindustrie-mobile-anwendung\" data-bullet=\"false\" data-link=\"#lebensmittelindustrie-mobile-anwendung\" data-title=\"Mobile Anwendung\"><a name=\"lebensmittelindustrie-mobile-anwendung\"><\/a><\/span>\r\n\t<div class=\"solution-content-wrapper\">\r\n\t\t<div class=\"text h-small\">\r\n\t\t\t<h3>Mobile Anwendung<\/h3>\r\n\t\t<\/div>\r\n\t\t<div class=\"text-container\">\r\n\t\t\t<h2>Mobile Anwendung<\/h2>\n<p>Mit der mobilen Anwendung von TrackOnline k\u00f6nnen Hallenpersonal und Fahrer B\u00e4ckereikisten, Fleischkisten, Kunststoffpaletten und andere Ladungstr\u00e4ger an jedem beliebigen Ort problemlos registrieren. Fahrer und Hallenpersonal sind diejenigen, die TrackOnline am h\u00e4ufigsten nutzen. Mit der mobilen App haben diese Mitarbeiter immer einen \u00dcberblick dar\u00fcber, wie viele Wagen und Kisten sich an den einzelnen Standorten befinden, und Ihnen gehen keine Wagen, Kisten und Paletten mehr verloren.<\/p>\n<p>Die mobile App erm\u00f6glicht die sofortige digitale Best\u00e4tigung des Empfangs und die Verbuchung m\u00f6gicher Differenzen. Auch Dritte k\u00f6nnen den Empfang best\u00e4tigen. Dies reduziert den Verwaltungsaufwand und die zus\u00e4tzliche Arbeit am Computer. Sobald die Produkte transportiert werden, kann der Mitarbeiter die entsprechenden Mengen an Kisten, Paletten und Karren in der mobilen App erfassen. Wenn Fahrer bei einer Lieferung auch Ladungstr\u00e4ger mit zur\u00fccknehmen, kann dies ebenfalls sofort gebucht werden.<\/p>\n<p><img decoding=\"async\" class=\"alignnone size-full wp-image-15965\" src=\"https:\/\/trackonline.com\/wp-content\/uploads\/2026\/01\/Solution-digitale-handtekening-mobile-app-e1627463007423-991x800-1.webp\" alt=\"\" width=\"991\" height=\"800\" srcset=\"https:\/\/trackonline.com\/wp-content\/uploads\/2026\/01\/Solution-digitale-handtekening-mobile-app-e1627463007423-991x800-1.webp 991w, https:\/\/trackonline.com\/wp-content\/uploads\/2026\/01\/Solution-digitale-handtekening-mobile-app-e1627463007423-991x800-1-300x242.webp 300w, https:\/\/trackonline.com\/wp-content\/uploads\/2026\/01\/Solution-digitale-handtekening-mobile-app-e1627463007423-991x800-1-768x620.webp 768w\" sizes=\"(max-width: 991px) 100vw, 991px\" \/><\/p>\n\r\n\t\t<\/div>\r\n\t<\/div>\r\n<\/div><div class=\"solution-container\">\r\n\t<span class=\"scroll-to\" data-label=\"Scroll to: #lebensmittelindustrie-saldenabstimmung\" data-bullet=\"false\" data-link=\"#lebensmittelindustrie-saldenabstimmung\" data-title=\"Saldenabstimmung\"><a name=\"lebensmittelindustrie-saldenabstimmung\"><\/a><\/span>\r\n\t<div class=\"solution-content-wrapper\">\r\n\t\t<div class=\"text h-small\">\r\n\t\t\t<h3>Saldenabstimmung<\/h3>\r\n\t\t<\/div>\r\n\t\t<div class=\"text-container\">\r\n\t\t\t<h2>Salden abgleichen<\/h2>\n<p>Schlie\u00dfen Sie eine Transaktionsperiode einfach ab, indem Sie eine Saldenabstimmung von TrackOnline an Ihre Partner senden. Empf\u00e4nger k\u00f6nnen direkt auf diese E-Mail antworten, ohne sich anzumelden. So k\u00f6nnen Sie sich stets auf eine korrekte und aktuelle Bestandsverwaltung verlassen. Indem Sie den Ladungstr\u00e4gersaldo mit Ihren Gesch\u00e4ftsbeziehungen abstimmen, ist jeder \u00fcber die tats\u00e4chliche Mengen an Karren, Kisten, Paletten und anderen Ladungstr\u00e4gern an jedem Standort informiert.<\/p>\n<p>Differenzen und Unklarheiten bez\u00fcglich des Bestandes an verschiedenen Standorten lassen sich mit der Saldenabstimmung leicht ausr\u00e4umen. Die Abstimmung von Salden macht die Arbeit erheblich effizienter. Das Hin- und Hertelefonieren oder das Schreiben unz\u00e4hliger E-Mails geh\u00f6rt der Vergangenheit an und Diskussionen \u00fcber aktuelle Best\u00e4nde werden vermieden. Der Ladungstr\u00e4gersaldo jedes Standorts kann abgerufen werden und eine \u00dcbersicht zeigt, wer auf die Saldenabstimmung reagiert hat und wer nicht. Die Ladungstr\u00e4gerplattform sendet automatisch Erinnerungen, bis geantwortet wird. Das spart viel Verwaltungsarbeit und Zeit.<\/p>\n\r\n\t\t<\/div>\r\n\t<\/div>\r\n<\/div><div class=\"solution-container\">\r\n\t<span class=\"scroll-to\" data-label=\"Scroll to: #lebensmittelindustrie-ubersicht\" data-bullet=\"false\" data-link=\"#lebensmittelindustrie-ubersicht\" data-title=\"\u00dcbersicht\"><a name=\"lebensmittelindustrie-ubersicht\"><\/a><\/span>\r\n\t<div class=\"solution-content-wrapper\">\r\n\t\t<div class=\"text h-small\">\r\n\t\t\t<h3>\u00dcbersicht<\/h3>\r\n\t\t<\/div>\r\n\t\t<div class=\"text-container\">\r\n\t\t\t<h2>\u00dcbersicht<\/h2>\n<p>In der \u00dcbersicht von\u00a0<a href=\"https:\/\/trackonline.com\/de\/\">TrackOnline<\/a>\u00a0finden Sie alle relevanten Informationen an einem zentralen Ort und k\u00f6nnen auf einen Blick sehen, wo sich Ihre Fleischkisten, (Brot-)Wagen, Kunststoffpaletten und Container befinden. Die Bestell\u00fcbersicht und das Dashboard lassen sich an Ihre Reporting-Bed\u00fcrfnisse individuell anpassen.<\/p>\n<p>Es gibt eine gro\u00dfe Auswahl an verschiedenen Dashboards, so dass Sie verschiedene Reports speziell f\u00fcr die verschiedenen Teams in einer Organisation zusammenstellen k\u00f6nnen. So ist es m\u00f6glich, den Saldenverlauf in der Historie anzuzeigen. Die interaktive geografische Karte zeigt, wo sich\u00a0<a href=\"https:\/\/www.depaauw.nl\/\" target=\"_blank\" rel=\"noopener\">(Fleisch-)Kisten<\/a>, Rollwagen oder Kunststoffpaletten derzeit befinden. Durch die Verwendung verschiedener Farben k\u00f6nnen Sie sofort erkennen, wo Ladungstr\u00e4ger stehen gelassen wurden. Wenn Sie GPS-Ger\u00e4te verwenden, k\u00f6nnen Sie die Ladungstr\u00e4ger auf der Karte genau verfolgen. Mit der \u00dcbersicht in TrackOnline wissen Sie genau, wo sich die Ladungstr\u00e4ger befinden und verlieren nie wieder den \u00dcberblick \u00fcber Ihre Mehrweg-Ladungstr\u00e4ger und -Verpackungen.<\/p>\n<p><img decoding=\"async\" class=\"alignnone size-medium wp-image -14735\" src=\"https:\/\/trackonline.com\/wp-content\/uploads\/2026\/01\/Solutions-Dashboard-overzicht-EN-3-1400x638-1-300x137.gif\" alt=\"\" width=\"300\" height=\"137\" \/><\/p>\n<p>Zum Zeitpunkt der Anmeldung werden Benachrichtigungen von der Plattform angezeigt. Sie erhalten zum Beispiel eine Benachrichtigung, wenn Partner auf eine Saldenabstimmung geantwortet haben oder wenn jemand eine Chat-Nachricht gesendet hat. So bleiben Sie immer auf dem Laufenden, was in Ihrer Ladungstr\u00e4gerverwaltung vor sich geht.<\/p>\n\r\n\t\t<\/div>\r\n\t<\/div>\r\n<\/div>\n\n\n\t\t<\/div>\n\t\t\t\t\n<style>\n#col-1329906955 > .col-inner {\n  padding: 35px 30px 50px 30px;\n  margin: -25px 0px 0px 0px;\n  border-radius: 10px;\n}\n@media (min-width:550px) {\n  #col-1329906955 > .col-inner {\n    padding: 35px 30px 75px 30px;\n  }\n}\n@media (min-width:850px) {\n  #col-1329906955 > .col-inner {\n    padding: 75px 75px 100px 75px;\n    margin: -45px 0px 0px 0px;\n  }\n}\n<\/style>\n\t<\/div>\n\n\t\n\n<\/div>\n\n\t\t<\/div>\n\n\t\t\n<style>\n#section_199280363 {\n  padding-top: 0px;\n  padding-bottom: 0px;\n}\n<\/style>\n\t<\/section>\n\t\n\n","protected":false},"excerpt":{"rendered":"","protected":false},"author":1,"featured_media":14539,"parent":15141,"menu_order":1,"comment_status":"closed","ping_status":"closed","template":"page-transparent-header-light.php","meta":{"content-type":"","footnotes":""},"class_list":["post-14942","page","type-page","status-publish","has-post-thumbnail","hentry"],"yoast_head":"<!-- This site is optimized with the Yoast SEO plugin v27.3 - https:\/\/yoast.com\/product\/yoast-seo-wordpress\/ -->\n<title>L\u00f6sungen f\u00fcr die Lebensmittelindustrie - TrackOnline<\/title>\n<meta name=\"description\" content=\"TrackOnline ist ein Online-Verpackungsmanagementsystem, mit dem Sie den \u00dcberblick \u00fcber Ihre Mehrwegverpackungen behalten. Wir bieten die beste L\u00f6sung f\u00fcr die Lebensmittelindustrie\" \/>\n<meta name=\"robots\" content=\"index, follow, max-snippet:-1, max-image-preview:large, max-video-preview:-1\" \/>\n<link rel=\"canonical\" href=\"https:\/\/trackonline.com\/de\/loesungen\/lebensmittelindustrie\/\" \/>\n<meta property=\"og:locale\" content=\"de_DE\" \/>\n<meta property=\"og:type\" content=\"article\" \/>\n<meta property=\"og:title\" content=\"Request a Demo for TrackOnline Solutions\" \/>\n<meta property=\"og:description\" content=\"Curious about the possibilities TrackOnline offers for your company? Request a free demo session and receive a personal tour from one of our TrackOnline experts.\" \/>\n<meta property=\"og:url\" content=\"https:\/\/trackonline.com\/de\/loesungen\/lebensmittelindustrie\/\" \/>\n<meta property=\"og:site_name\" content=\"Trackonline\" \/>\n<meta property=\"article:modified_time\" content=\"2026-01-12T12:13:34+00:00\" \/>\n<meta property=\"og:image\" content=\"https:\/\/trackonline.com\/wp-content\/uploads\/2026\/01\/hp-tweede-vlak-achtergrond-solutions-scaled-1-1024x682.webp\" \/>\n<meta name=\"twitter:card\" content=\"summary_large_image\" \/>\n<meta name=\"twitter:label1\" content=\"Gesch\u00e4tzte Lesezeit\" \/>\n\t<meta name=\"twitter:data1\" content=\"1\u00a0Minute\" \/>\n<script type=\"application\/ld+json\" class=\"yoast-schema-graph\">{\"@context\":\"https:\\\/\\\/schema.org\",\"@graph\":[{\"@type\":\"WebPage\",\"@id\":\"https:\\\/\\\/trackonline.com\\\/de\\\/loesungen\\\/lebensmittelindustrie\\\/\",\"url\":\"https:\\\/\\\/trackonline.com\\\/de\\\/loesungen\\\/lebensmittelindustrie\\\/\",\"name\":\"L\u00f6sungen f\u00fcr die Lebensmittelindustrie - TrackOnline\",\"isPartOf\":{\"@id\":\"https:\\\/\\\/trackonline.com\\\/de\\\/#website\"},\"primaryImageOfPage\":{\"@id\":\"https:\\\/\\\/trackonline.com\\\/de\\\/loesungen\\\/lebensmittelindustrie\\\/#primaryimage\"},\"image\":{\"@id\":\"https:\\\/\\\/trackonline.com\\\/de\\\/loesungen\\\/lebensmittelindustrie\\\/#primaryimage\"},\"thumbnailUrl\":\"https:\\\/\\\/trackonline.com\\\/wp-content\\\/uploads\\\/2026\\\/01\\\/hp-tweede-vlak-achtergrond-solutions-scaled-1.webp\",\"datePublished\":\"2026-01-09T09:51:37+00:00\",\"dateModified\":\"2026-01-12T12:13:34+00:00\",\"description\":\"TrackOnline ist ein Online-Verpackungsmanagementsystem, mit dem Sie den \u00dcberblick \u00fcber Ihre Mehrwegverpackungen behalten. Wir bieten die beste L\u00f6sung f\u00fcr die Lebensmittelindustrie\",\"breadcrumb\":{\"@id\":\"https:\\\/\\\/trackonline.com\\\/de\\\/loesungen\\\/lebensmittelindustrie\\\/#breadcrumb\"},\"inLanguage\":\"de\",\"potentialAction\":[{\"@type\":\"ReadAction\",\"target\":[\"https:\\\/\\\/trackonline.com\\\/de\\\/loesungen\\\/lebensmittelindustrie\\\/\"]}]},{\"@type\":\"ImageObject\",\"inLanguage\":\"de\",\"@id\":\"https:\\\/\\\/trackonline.com\\\/de\\\/loesungen\\\/lebensmittelindustrie\\\/#primaryimage\",\"url\":\"https:\\\/\\\/trackonline.com\\\/wp-content\\\/uploads\\\/2026\\\/01\\\/hp-tweede-vlak-achtergrond-solutions-scaled-1.webp\",\"contentUrl\":\"https:\\\/\\\/trackonline.com\\\/wp-content\\\/uploads\\\/2026\\\/01\\\/hp-tweede-vlak-achtergrond-solutions-scaled-1.webp\",\"width\":2560,\"height\":1705},{\"@type\":\"BreadcrumbList\",\"@id\":\"https:\\\/\\\/trackonline.com\\\/de\\\/loesungen\\\/lebensmittelindustrie\\\/#breadcrumb\",\"itemListElement\":[{\"@type\":\"ListItem\",\"position\":1,\"name\":\"Home\",\"item\":\"https:\\\/\\\/trackonline.com\\\/de\\\/\"},{\"@type\":\"ListItem\",\"position\":2,\"name\":\"L\u00f6sungen\",\"item\":\"https:\\\/\\\/trackonline.com\\\/de\\\/loesungen\\\/\"},{\"@type\":\"ListItem\",\"position\":3,\"name\":\"Lebensmittelindustrie\"}]},{\"@type\":\"WebSite\",\"@id\":\"https:\\\/\\\/trackonline.com\\\/de\\\/#website\",\"url\":\"https:\\\/\\\/trackonline.com\\\/de\\\/\",\"name\":\"Trackonline\",\"description\":\"\",\"potentialAction\":[{\"@type\":\"SearchAction\",\"target\":{\"@type\":\"EntryPoint\",\"urlTemplate\":\"https:\\\/\\\/trackonline.com\\\/de\\\/?s={search_term_string}\"},\"query-input\":{\"@type\":\"PropertyValueSpecification\",\"valueRequired\":true,\"valueName\":\"search_term_string\"}}],\"inLanguage\":\"de\"}]}<\/script>\n<!-- \/ Yoast SEO plugin. -->","yoast_head_json":{"title":"L\u00f6sungen f\u00fcr die Lebensmittelindustrie - TrackOnline","description":"TrackOnline ist ein Online-Verpackungsmanagementsystem, mit dem Sie den \u00dcberblick \u00fcber Ihre Mehrwegverpackungen behalten. Wir bieten die beste L\u00f6sung f\u00fcr die Lebensmittelindustrie","robots":{"index":"index","follow":"follow","max-snippet":"max-snippet:-1","max-image-preview":"max-image-preview:large","max-video-preview":"max-video-preview:-1"},"canonical":"https:\/\/trackonline.com\/de\/loesungen\/lebensmittelindustrie\/","og_locale":"de_DE","og_type":"article","og_title":"Request a Demo for TrackOnline Solutions","og_description":"Curious about the possibilities TrackOnline offers for your company? Request a free demo session and receive a personal tour from one of our TrackOnline experts.","og_url":"https:\/\/trackonline.com\/de\/loesungen\/lebensmittelindustrie\/","og_site_name":"Trackonline","article_modified_time":"2026-01-12T12:13:34+00:00","og_image":[{"url":"https:\/\/trackonline.com\/wp-content\/uploads\/2026\/01\/hp-tweede-vlak-achtergrond-solutions-scaled-1-1024x682.webp","type":"","width":"","height":""}],"twitter_card":"summary_large_image","twitter_misc":{"Gesch\u00e4tzte Lesezeit":"1\u00a0Minute"},"schema":{"@context":"https:\/\/schema.org","@graph":[{"@type":"WebPage","@id":"https:\/\/trackonline.com\/de\/loesungen\/lebensmittelindustrie\/","url":"https:\/\/trackonline.com\/de\/loesungen\/lebensmittelindustrie\/","name":"L\u00f6sungen f\u00fcr die Lebensmittelindustrie - TrackOnline","isPartOf":{"@id":"https:\/\/trackonline.com\/de\/#website"},"primaryImageOfPage":{"@id":"https:\/\/trackonline.com\/de\/loesungen\/lebensmittelindustrie\/#primaryimage"},"image":{"@id":"https:\/\/trackonline.com\/de\/loesungen\/lebensmittelindustrie\/#primaryimage"},"thumbnailUrl":"https:\/\/trackonline.com\/wp-content\/uploads\/2026\/01\/hp-tweede-vlak-achtergrond-solutions-scaled-1.webp","datePublished":"2026-01-09T09:51:37+00:00","dateModified":"2026-01-12T12:13:34+00:00","description":"TrackOnline ist ein Online-Verpackungsmanagementsystem, mit dem Sie den \u00dcberblick \u00fcber Ihre Mehrwegverpackungen behalten. Wir bieten die beste L\u00f6sung f\u00fcr die Lebensmittelindustrie","breadcrumb":{"@id":"https:\/\/trackonline.com\/de\/loesungen\/lebensmittelindustrie\/#breadcrumb"},"inLanguage":"de","potentialAction":[{"@type":"ReadAction","target":["https:\/\/trackonline.com\/de\/loesungen\/lebensmittelindustrie\/"]}]},{"@type":"ImageObject","inLanguage":"de","@id":"https:\/\/trackonline.com\/de\/loesungen\/lebensmittelindustrie\/#primaryimage","url":"https:\/\/trackonline.com\/wp-content\/uploads\/2026\/01\/hp-tweede-vlak-achtergrond-solutions-scaled-1.webp","contentUrl":"https:\/\/trackonline.com\/wp-content\/uploads\/2026\/01\/hp-tweede-vlak-achtergrond-solutions-scaled-1.webp","width":2560,"height":1705},{"@type":"BreadcrumbList","@id":"https:\/\/trackonline.com\/de\/loesungen\/lebensmittelindustrie\/#breadcrumb","itemListElement":[{"@type":"ListItem","position":1,"name":"Home","item":"https:\/\/trackonline.com\/de\/"},{"@type":"ListItem","position":2,"name":"L\u00f6sungen","item":"https:\/\/trackonline.com\/de\/loesungen\/"},{"@type":"ListItem","position":3,"name":"Lebensmittelindustrie"}]},{"@type":"WebSite","@id":"https:\/\/trackonline.com\/de\/#website","url":"https:\/\/trackonline.com\/de\/","name":"Trackonline","description":"","potentialAction":[{"@type":"SearchAction","target":{"@type":"EntryPoint","urlTemplate":"https:\/\/trackonline.com\/de\/?s={search_term_string}"},"query-input":{"@type":"PropertyValueSpecification","valueRequired":true,"valueName":"search_term_string"}}],"inLanguage":"de"}]}},"_links":{"self":[{"href":"https:\/\/trackonline.com\/de\/wp-json\/wp\/v2\/pages\/14942","targetHints":{"allow":["GET"]}}],"collection":[{"href":"https:\/\/trackonline.com\/de\/wp-json\/wp\/v2\/pages"}],"about":[{"href":"https:\/\/trackonline.com\/de\/wp-json\/wp\/v2\/types\/page"}],"author":[{"embeddable":true,"href":"https:\/\/trackonline.com\/de\/wp-json\/wp\/v2\/users\/1"}],"replies":[{"embeddable":true,"href":"https:\/\/trackonline.com\/de\/wp-json\/wp\/v2\/comments?post=14942"}],"version-history":[{"count":5,"href":"https:\/\/trackonline.com\/de\/wp-json\/wp\/v2\/pages\/14942\/revisions"}],"predecessor-version":[{"id":16291,"href":"https:\/\/trackonline.com\/de\/wp-json\/wp\/v2\/pages\/14942\/revisions\/16291"}],"up":[{"embeddable":true,"href":"https:\/\/trackonline.com\/de\/wp-json\/wp\/v2\/pages\/15141"}],"wp:featuredmedia":[{"embeddable":true,"href":"https:\/\/trackonline.com\/de\/wp-json\/wp\/v2\/media\/14539"}],"wp:attachment":[{"href":"https:\/\/trackonline.com\/de\/wp-json\/wp\/v2\/media?parent=14942"}],"curies":[{"name":"wp","href":"https:\/\/api.w.org\/{rel}","templated":true}]}}