{"id":16751,"date":"2026-01-15T08:03:42","date_gmt":"2026-01-15T08:03:42","guid":{"rendered":"https:\/\/trackonline.com\/request-trial\/"},"modified":"2026-02-05T12:58:37","modified_gmt":"2026-02-05T12:58:37","slug":"request-trial","status":"publish","type":"page","link":"https:\/\/trackonline.com\/de\/request-trial\/","title":{"rendered":"Request Trial"},"content":{"rendered":"\n\n\t<section class=\"section sectorBanner dark\" id=\"section_2057253695\">\n\t\t<div class=\"section-bg fill\" >\n\t\t\t\t\t\t\t\t\t<div class=\"section-bg-overlay absolute fill\"><\/div>\n\t\t\t\n\n\t\t<\/div>\n\n\t\t\n\n\t\t<div class=\"section-content relative\">\n\t\t\t\n\n<div class=\"row align-middle align-center\"  id=\"row-133178272\">\n\n\n\t<div id=\"col-1683759657\" class=\"col medium-11 small-11 large-8\"  >\n\t\t\t\t<div class=\"col-inner text-left\"  >\n\t\t\t\n\t\t\t\n\n<h1>Testversion anfordern<\/h1>\n\n\t\t<\/div>\n\t\t\t\t\n<style>\n#col-1683759657 > .col-inner {\n  padding: 0px 0px 45px 0px;\n  margin: 100px 0px -48px 0px;\n}\n@media (min-width:550px) {\n  #col-1683759657 > .col-inner {\n    padding: 0px 0px 0px 0px;\n    margin: 50px 0px -45px 0px;\n  }\n}\n<\/style>\n\t<\/div>\n\n\t\n\n\t<div id=\"col-1188265575\" class=\"col hide-for-small medium-4 small-12 large-4\"  >\n\t\t\t\t<div class=\"col-inner\"  >\n\t\t\t\n\t\t\t\n\n\n\t\t<\/div>\n\t\t\t\t\t<\/div>\n\n\t\n\n<\/div>\n\n\t\t<\/div>\n\n\t\t\n<style>\n#section_2057253695 {\n  padding-top: 45px;\n  padding-bottom: 45px;\n  min-height: 0px;\n  background-color: #00153e;\n}\n#section_2057253695 .section-bg-overlay {\n  background-color: rgba(0, 21, 62, 0.8);\n}\n@media (min-width:550px) {\n  #section_2057253695 {\n    padding-top: 60px;\n    padding-bottom: 60px;\n    min-height: 300px;\n  }\n}\n<\/style>\n\t<\/section>\n\t\n\n\t<section class=\"section\" id=\"section_2133702263\">\n\t\t<div class=\"section-bg fill\" >\n\t\t\t\t\t\t\t\t\t\n\t\t\t\n\n\t\t<\/div>\n\n\t\t\n\n\t\t<div class=\"section-content relative\">\n\t\t\t\n\n<div class=\"row row-collapse align-center\"  id=\"row-648300082\">\n\n\n\t<div id=\"col-2083776893\" class=\"col small-11 large-12\"  >\n\t\t\t\t<div class=\"col-inner box-shadow-3\" style=\"background-color:rgb(255,255,255);\" >\n\t\t\t\n\t\t\t\n\n<h1>Probieren Sie es aus und legen Sie los<\/h1>\n<p>Neugierig, was TrackOnline f\u00fcr Ihr Unternehmen leisten kann? Entdecken Sie die Leistungsf\u00e4higkeit unseres Registrierungssystems f\u00fcr Mehrwegartikel mit einer kostenlosen 30-Tage-Testversion. Erleben Sie hautnah, wie TrackOnline Ihr Unternehmen verbessern kann, und entscheiden Sie, ob es die perfekte L\u00f6sung f\u00fcr Sie ist.<\/p>\n<div class=\"row\"  id=\"row-1104894011\">\n\n\n\t<div id=\"col-2074692813\" class=\"col medium-6 small-12 large-6\"  >\n\t\t\t\t<div class=\"col-inner\"  >\n\t\t\t\n\t\t\t\n\n\t<div class=\"img has-hover x md-x lg-x y md-y lg-y\" id=\"image_250363520\">\n\t\t\t\t\t\t\t\t<div class=\"img-inner dark\" >\n\t\t\t<img decoding=\"async\" width=\"819\" height=\"1024\" src=\"https:\/\/trackonline.com\/wp-content\/uploads\/2026\/01\/30-dagen-gratis-uitproberen-6.png-819x1024.webp\" class=\"attachment-large size-large\" alt=\"\" srcset=\"https:\/\/trackonline.com\/wp-content\/uploads\/2026\/01\/30-dagen-gratis-uitproberen-6.png-819x1024.webp 819w, https:\/\/trackonline.com\/wp-content\/uploads\/2026\/01\/30-dagen-gratis-uitproberen-6.png-240x300.webp 240w, https:\/\/trackonline.com\/wp-content\/uploads\/2026\/01\/30-dagen-gratis-uitproberen-6.png-768x960.webp 768w, https:\/\/trackonline.com\/wp-content\/uploads\/2026\/01\/30-dagen-gratis-uitproberen-6.png-1229x1536.webp 1229w, https:\/\/trackonline.com\/wp-content\/uploads\/2026\/01\/30-dagen-gratis-uitproberen-6.png.webp 1400w\" sizes=\"(max-width: 819px) 100vw, 819px\" \/>\t\t\t\t\t\t\n\t\t\t\t\t<\/div>\n\t\t\t\t\t\t\t\t\n<style>\n#image_250363520 {\n  width: 100%;\n}\n<\/style>\n\t<\/div>\n\t\n\n\n\t\t<\/div>\n\t\t\t\t\n<style>\n#col-2074692813 > .col-inner {\n  margin: 0px 0px -30px 0px;\n}\n<\/style>\n\t<\/div>\n\n\t\n\n\t<div id=\"col-1253419953\" class=\"col medium-6 small-12 large-6\"  >\n\t\t\t\t<div class=\"col-inner\"  >\n\t\t\t\n\t\t\t\n\n<p><strong data-start=\u201e82\u201c data-end=\u201e130\u201c>Geben Sie hier Ihre Daten ein, um die Testversion anzufordern<\/strong>.<\/p>\n\n\n<script charset=\"utf-8\" type=\"text\/javascript\" src=\"\/\/js-eu1.hsforms.net\/forms\/embed\/v2.js\"><\/script>\n<script>\n  hbspt.forms.create({\n    portalId: \"143653526\",\n    formId: \"f3a00dde-d65e-4538-8ad2-a250c54d7183\",\n    region: \"eu1\"\n  });\n<\/script>\n\n\n\t\t<\/div>\n\t\t\t\t\t<\/div>\n\n\t\n\n<\/div>\n\n\t\t<\/div>\n\t\t\t\t\n<style>\n#col-2083776893 > .col-inner {\n  padding: 25px 25px 25px 25px;\n  margin: -45px 0px -45px 0px;\n  border-radius: 15px;\n}\n@media (min-width:550px) {\n  #col-2083776893 > .col-inner {\n    padding: 50px 50px 50px 50px;\n    margin: -60px 0px -60px 0px;\n  }\n}\n<\/style>\n\t<\/div>\n\n\t\n\n<\/div>\n\n\t\t<\/div>\n\n\t\t\n<style>\n#section_2133702263 {\n  padding-top: 0px;\n  padding-bottom: 0px;\n  background-color: rgb(244, 244, 244);\n}\n<\/style>\n\t<\/section>\n\t\n\n\t<section class=\"section dark\" id=\"section_1002317736\">\n\t\t<div class=\"section-bg fill\" >\n\t\t\t\t\t\t\t\t\t\n\t\t\t\n\n\t\t<\/div>\n\n\t\t\n\n\t\t<div class=\"section-content relative\">\n\t\t\t\n\n<div class=\"row\"  id=\"row-392449570\">\n\n\n\t<div id=\"col-2120960699\" class=\"col medium-6 small-12 large-6\"  >\n\t\t\t\t<div class=\"col-inner text-center\"  >\n\t\t\t\n\t\t\t\n\n<div class=\"text-center\"><div class=\"is-divider divider clearfix\" style=\"margin-top:0px;margin-bottom:0px;max-width:50px;height:5px;background-color:rgb(223, 70, 97);\"><\/div><\/div>\n\n<p style=\"margin: 0px;\"><span style=\"font-size: 400%;\"><span class=\"count-up\">18771<\/span>+<\/span><\/p>\n<p style=\"margin: 0px;\">Aktive NutzerOnline-Nutzer<\/p>\n\n\t\t<\/div>\n\t\t\t\t\n<style>\n#col-2120960699 > .col-inner {\n  margin: 0px 0px -0 0px;\n}\n@media (min-width:550px) {\n  #col-2120960699 > .col-inner {\n    margin: 0px 0px -30px 0px;\n  }\n}\n<\/style>\n\t<\/div>\n\n\t\n\n\t<div id=\"col-188517345\" class=\"col medium-6 small-12 large-6\"  >\n\t\t\t\t<div class=\"col-inner text-center\"  >\n\t\t\t\n\t\t\t\n\n<div class=\"text-center\"><div class=\"is-divider divider clearfix\" style=\"margin-top:0px;margin-bottom:0px;max-width:50px;height:5px;background-color:rgb(223, 70, 97);\"><\/div><\/div>\n\n<p style=\"margin: 0px;\"><span style=\"font-size: 400%;\"><span class=\"count-up\">25<\/span>+<\/span><\/p>\n<p style=\"margin: 0px;\">Jahre Erfahrung. Weltweit t\u00e4tig<\/p>\n\n\t\t<\/div>\n\t\t\t\t\n<style>\n#col-188517345 > .col-inner {\n  margin: 0px 0px -30px 0px;\n}\n<\/style>\n\t<\/div>\n\n\t\n\n<\/div>\n\n\t\t<\/div>\n\n\t\t\n<style>\n#section_1002317736 {\n  padding-top: 60px;\n  padding-bottom: 60px;\n  background-color: rgb(0, 21, 62);\n}\n<\/style>\n\t<\/section>\n\t\n\n\t<section class=\"section\" id=\"section_1466259603\">\n\t\t<div class=\"section-bg fill\" >\n\t\t\t\t\t\t\t\t\t\n\t\t\t\n\n\t\t<\/div>\n\n\t\t\n\n\t\t<div class=\"section-content relative\">\n\t\t\t\n\n\t<div id=\"gap-1386792956\" class=\"gap-element clearfix\" style=\"display:block; height:auto;\">\n\t\t\n<style>\n#gap-1386792956 {\n  padding-top: 45px;\n}\n@media (min-width:550px) {\n  #gap-1386792956 {\n    padding-top: 60px;\n  }\n}\n<\/style>\n\t<\/div>\n\t\n\n\n\t\t<\/div>\n\n\t\t\n<style>\n#section_1466259603 {\n  padding-top: 45px;\n  padding-bottom: 45px;\n}\n@media (min-width:550px) {\n  #section_1466259603 {\n    padding-top: 60px;\n    padding-bottom: 60px;\n  }\n}\n<\/style>\n\t<\/section>\n\t\n\n\n","protected":false},"excerpt":{"rendered":"","protected":false},"author":1,"featured_media":0,"parent":0,"menu_order":0,"comment_status":"closed","ping_status":"closed","template":"page-transparent-header-light.php","meta":{"content-type":"","footnotes":""},"class_list":["post-16751","page","type-page","status-publish","hentry"],"yoast_head":"<!-- This site is optimized with the Yoast SEO plugin v27.3 - https:\/\/yoast.com\/product\/yoast-seo-wordpress\/ -->\n<title>Request Trial - Trackonline<\/title>\n<meta name=\"robots\" content=\"index, follow, max-snippet:-1, max-image-preview:large, max-video-preview:-1\" \/>\n<link rel=\"canonical\" href=\"https:\/\/trackonline.com\/de\/request-trial\/\" \/>\n<meta property=\"og:locale\" content=\"de_DE\" \/>\n<meta property=\"og:type\" content=\"article\" \/>\n<meta property=\"og:title\" content=\"Request Trial - Trackonline\" \/>\n<meta property=\"og:url\" content=\"https:\/\/trackonline.com\/de\/request-trial\/\" \/>\n<meta property=\"og:site_name\" content=\"Trackonline\" \/>\n<meta property=\"article:modified_time\" content=\"2026-02-05T12:58:37+00:00\" \/>\n<meta name=\"twitter:card\" content=\"summary_large_image\" \/>\n<script type=\"application\/ld+json\" class=\"yoast-schema-graph\">{\"@context\":\"https:\\\/\\\/schema.org\",\"@graph\":[{\"@type\":\"WebPage\",\"@id\":\"https:\\\/\\\/trackonline.com\\\/de\\\/request-trial\\\/\",\"url\":\"https:\\\/\\\/trackonline.com\\\/de\\\/request-trial\\\/\",\"name\":\"Request Trial - Trackonline\",\"isPartOf\":{\"@id\":\"https:\\\/\\\/trackonline.com\\\/de\\\/#website\"},\"datePublished\":\"2026-01-15T08:03:42+00:00\",\"dateModified\":\"2026-02-05T12:58:37+00:00\",\"breadcrumb\":{\"@id\":\"https:\\\/\\\/trackonline.com\\\/de\\\/request-trial\\\/#breadcrumb\"},\"inLanguage\":\"de\",\"potentialAction\":[{\"@type\":\"ReadAction\",\"target\":[\"https:\\\/\\\/trackonline.com\\\/de\\\/request-trial\\\/\"]}]},{\"@type\":\"BreadcrumbList\",\"@id\":\"https:\\\/\\\/trackonline.com\\\/de\\\/request-trial\\\/#breadcrumb\",\"itemListElement\":[{\"@type\":\"ListItem\",\"position\":1,\"name\":\"Home\",\"item\":\"https:\\\/\\\/trackonline.com\\\/de\\\/\"},{\"@type\":\"ListItem\",\"position\":2,\"name\":\"Request Trial\"}]},{\"@type\":\"WebSite\",\"@id\":\"https:\\\/\\\/trackonline.com\\\/de\\\/#website\",\"url\":\"https:\\\/\\\/trackonline.com\\\/de\\\/\",\"name\":\"Trackonline\",\"description\":\"\",\"potentialAction\":[{\"@type\":\"SearchAction\",\"target\":{\"@type\":\"EntryPoint\",\"urlTemplate\":\"https:\\\/\\\/trackonline.com\\\/de\\\/?s={search_term_string}\"},\"query-input\":{\"@type\":\"PropertyValueSpecification\",\"valueRequired\":true,\"valueName\":\"search_term_string\"}}],\"inLanguage\":\"de\"}]}<\/script>\n<!-- \/ Yoast SEO plugin. -->","yoast_head_json":{"title":"Request Trial - Trackonline","robots":{"index":"index","follow":"follow","max-snippet":"max-snippet:-1","max-image-preview":"max-image-preview:large","max-video-preview":"max-video-preview:-1"},"canonical":"https:\/\/trackonline.com\/de\/request-trial\/","og_locale":"de_DE","og_type":"article","og_title":"Request Trial - Trackonline","og_url":"https:\/\/trackonline.com\/de\/request-trial\/","og_site_name":"Trackonline","article_modified_time":"2026-02-05T12:58:37+00:00","twitter_card":"summary_large_image","schema":{"@context":"https:\/\/schema.org","@graph":[{"@type":"WebPage","@id":"https:\/\/trackonline.com\/de\/request-trial\/","url":"https:\/\/trackonline.com\/de\/request-trial\/","name":"Request Trial - Trackonline","isPartOf":{"@id":"https:\/\/trackonline.com\/de\/#website"},"datePublished":"2026-01-15T08:03:42+00:00","dateModified":"2026-02-05T12:58:37+00:00","breadcrumb":{"@id":"https:\/\/trackonline.com\/de\/request-trial\/#breadcrumb"},"inLanguage":"de","potentialAction":[{"@type":"ReadAction","target":["https:\/\/trackonline.com\/de\/request-trial\/"]}]},{"@type":"BreadcrumbList","@id":"https:\/\/trackonline.com\/de\/request-trial\/#breadcrumb","itemListElement":[{"@type":"ListItem","position":1,"name":"Home","item":"https:\/\/trackonline.com\/de\/"},{"@type":"ListItem","position":2,"name":"Request Trial"}]},{"@type":"WebSite","@id":"https:\/\/trackonline.com\/de\/#website","url":"https:\/\/trackonline.com\/de\/","name":"Trackonline","description":"","potentialAction":[{"@type":"SearchAction","target":{"@type":"EntryPoint","urlTemplate":"https:\/\/trackonline.com\/de\/?s={search_term_string}"},"query-input":{"@type":"PropertyValueSpecification","valueRequired":true,"valueName":"search_term_string"}}],"inLanguage":"de"}]}},"_links":{"self":[{"href":"https:\/\/trackonline.com\/de\/wp-json\/wp\/v2\/pages\/16751","targetHints":{"allow":["GET"]}}],"collection":[{"href":"https:\/\/trackonline.com\/de\/wp-json\/wp\/v2\/pages"}],"about":[{"href":"https:\/\/trackonline.com\/de\/wp-json\/wp\/v2\/types\/page"}],"author":[{"embeddable":true,"href":"https:\/\/trackonline.com\/de\/wp-json\/wp\/v2\/users\/1"}],"replies":[{"embeddable":true,"href":"https:\/\/trackonline.com\/de\/wp-json\/wp\/v2\/comments?post=16751"}],"version-history":[{"count":5,"href":"https:\/\/trackonline.com\/de\/wp-json\/wp\/v2\/pages\/16751\/revisions"}],"predecessor-version":[{"id":17084,"href":"https:\/\/trackonline.com\/de\/wp-json\/wp\/v2\/pages\/16751\/revisions\/17084"}],"wp:attachment":[{"href":"https:\/\/trackonline.com\/de\/wp-json\/wp\/v2\/media?parent=16751"}],"curies":[{"name":"wp","href":"https:\/\/api.w.org\/{rel}","templated":true}]}}