{"id":14933,"date":"2026-01-09T09:53:20","date_gmt":"2026-01-09T09:53:20","guid":{"rendered":"https:\/\/trackonline.com\/food-supplier-solutions\/"},"modified":"2026-01-13T12:04:27","modified_gmt":"2026-01-13T12:04:27","slug":"voedingsmiddelenleverancier","status":"publish","type":"page","link":"https:\/\/trackonline.com\/nl\/oplossingen\/voedingsmiddelenleverancier\/","title":{"rendered":"Voedingsmiddelenleverancier"},"content":{"rendered":"\n\n\t<section class=\"section solutions-banner\" id=\"section_1244522656\">\n\t\t<div class=\"section-bg fill\" >\n\t\t\t\t\t\t\t\t\t\n\t\t\t\n\n\t\t<\/div>\n\n\t\t\n\n\t\t<div class=\"section-content relative\">\n\t\t\t\n\n\t<div id=\"gap-170760844\" class=\"gap-element clearfix\" style=\"display:block; height:auto;\">\n\t\t\n<style>\n#gap-170760844 {\n  padding-top: 95px;\n}\n@media (min-width:550px) {\n  #gap-170760844 {\n    padding-top: 125px;\n  }\n}\n<\/style>\n\t<\/div>\n\t\n\n<div class=\"row breadcrumb-row\"  id=\"row-577167353\">\n\n\n\t<div id=\"col-516050853\" class=\"col col-1 small-12 large-12\"  >\n\t\t\t\t<div class=\"col-inner\"  >\n\t\t\t\n\t\t\t\n\n\t\t<div class=\"white-text\">\n\t\t\t\t\n\n<span><span><a href=\"https:\/\/trackonline.com\/nl\/\">Home<\/a><\/span><\/span>\n\t\t<\/div>\n\t\n\n\t\t<\/div>\n\t\t\t\t\t<\/div>\n\n\t\n\n<\/div>\n\t<div id=\"gap-1557554451\" class=\"gap-element clearfix\" style=\"display:block; height:auto;\">\n\t\t\n<style>\n#gap-1557554451 {\n  padding-top: 75px;\n}\n<\/style>\n\t<\/div>\n\t\n\n<div class=\"row align-right row-1\"  id=\"row-757037626\">\n\n\n\t<div id=\"col-1050235730\" class=\"col col-1 medium-8 small-12 large-12\"  >\n\t\t\t\t<div class=\"col-inner\"  >\n\t\t\t\n\t\t\t\n\n\t<div id=\"text-202303545\" class=\"text h-large white-text\">\n\t\t\n\n<h1>Voedsellevenrancier oplossingen<\/h1>\n\n\t\t\t<\/div>\n\t\n\n\t\t<\/div>\n\t\t\t\t\t<\/div>\n\n\t\n\n<\/div>\n\t<div id=\"gap-1805400325\" class=\"gap-element clearfix\" style=\"display:block; height:auto;\">\n\t\t\n<style>\n#gap-1805400325 {\n  padding-top: 125px;\n}\n<\/style>\n\t<\/div>\n\t\n\n\t<div id=\"gap-72985928\" class=\"gap-element clearfix sec-gap show-for-medium\" style=\"display:block; height:auto;\">\n\t\t\n<style>\n#gap-72985928 {\n  padding-top: 30px;\n}\n<\/style>\n\t<\/div>\n\t\n\n\n\t\t<\/div>\n\n\t\t\n<style>\n#section_1244522656 {\n  padding-top: 0px;\n  padding-bottom: 0px;\n  background-color: rgb(0, 21, 62);\n}\n<\/style>\n\t<\/section>\n\t\n\n\t<section class=\"section solutions-section-1\" id=\"section_53553908\">\n\t\t<div class=\"section-bg fill\" >\n\t\t\t\t\t\t\t\t\t\n\t\t\t\n\n\t\t<\/div>\n\n\t\t\n\n\t\t<div class=\"section-content relative\">\n\t\t\t\n\n<div class=\"row row-1 wide\"  id=\"row-1005736554\">\n\n\n\t<div id=\"col-48582417\" class=\"col col-1 small-12 large-12\"  >\n\t\t\t\t<div class=\"col-inner\" style=\"background-color:rgb(255,255,255);\" >\n\t\t\t\n\t\t\t\n\n\t<div id=\"text-1878423978\" class=\"text h-small\">\n\t\t\n\n<h2>Kies jouw opplossing<\/h2>\n\t\t\t<\/div>\n\t\n\t\t<div class=\"buttons\">\n\t\t\t\t\n\n<a class=\"black outline\" href=\"#voedselindustrie-api-koppeling\">API-koppeling<\/a><a class=\"black outline\" href=\"#voedselindustrie-mobiele-applicatie\">Mobiele applicatie<\/a><a class=\"black outline\" href=\"#voedselindustrie-overzicht\">Overzicht<\/a><a class=\"black outline\" href=\"#voedselindustrie-saldo-afstemmen\">Saldo afstemmen<\/a>\n\t\t<\/div>\n\t\n\n\n<div class=\"solution-container\">\r\n\t<span class=\"scroll-to\" data-label=\"Scroll to: #voedselindustrie-api-koppeling\" data-bullet=\"false\" data-link=\"#voedselindustrie-api-koppeling\" data-title=\"API-koppeling\"><a name=\"voedselindustrie-api-koppeling\"><\/a><\/span>\r\n\t<div class=\"solution-content-wrapper\">\r\n\t\t<div class=\"text h-small\">\r\n\t\t\t<h3>API-koppeling<\/h3>\r\n\t\t<\/div>\r\n\t\t<div class=\"text-container\">\r\n\t\t\t<h2>Koppel ERP-, TMS- en WMS-systemen met TrackOnline<\/h2>\n<p>Diverse externe ERP-, TMS- en WMS-systemen kunnen gekoppeld worden met TrackOnline. Hierdoor worden bestellingen automatisch doorgestuurd, waardoor de verdere afhandeling van emballage in TrackOnline wordt beheerd. Transacties en orders worden automatisch van het ERP-, WMS- of TMS-systeem in TrackOnline ge\u00efmporteerd. Hierdoor automatiseer je veel handmatige handelingen.<\/p>\n<p>TrackOnline heeft een goed beschreven REST-API, waarmee snel een koppeling kan worden gerealiseerd. Door te koppelen is altijd de juiste data in TrackOnline aanwezig. Er zijn standaard koppelingen met Navision, MatchOnline, SAP en Florisoft.<\/p>\n<p>Een koppeling met TrackOnline automatiseert veel handmatige acties. Hiermee wordt voorkomen dat boekingen in twee verschillende systemen worden gezet, of dat informatie tussen systemen niet overeenkomt. Door de koppeling wordt data vanuit het ERP-systeem automatisch in TrackOnline ge\u00efmporteerd. Dat voorkomt handmatige invoering en verkleint de kans op (handmatige) fouten. Met de API koppeling ligt de focus op emballage beheer in plaats van het invoeren van emballage.<\/p>\n\r\n\t\t<\/div>\r\n\t<\/div>\r\n<\/div><div class=\"solution-container\">\r\n\t<span class=\"scroll-to\" data-label=\"Scroll to: #voedselindustrie-mobiele-applicatie\" data-bullet=\"false\" data-link=\"#voedselindustrie-mobiele-applicatie\" data-title=\"Mobiele applicatie\"><a name=\"voedselindustrie-mobiele-applicatie\"><\/a><\/span>\r\n\t<div class=\"solution-content-wrapper\">\r\n\t\t<div class=\"text h-small\">\r\n\t\t\t<h3>Mobiele applicatie<\/h3>\r\n\t\t<\/div>\r\n\t\t<div class=\"text-container\">\r\n\t\t\t<h2>Mobiele applicatie<\/h2>\n<p>Met de mobiele applicatie van TrackOnline kunnen halmedewerkers en chauffeurs gemakkelijk op elke locatie de broodkratten, vleeskratten, plastic pallets en andere ladingdragers registreren. Chauffeurs en halmedewerkers zijn degene die TrackOnline het meest zullen gebruiken. Met de mobiele app hebben deze werknemers altijd inzicht in hoeveel karren en kratten op elke locatie staan en raak je niet meer jouw karren, kratten en pallets kwijt.<\/p>\n<p>In de mobiele app kan direct digitaal worden afgetekend voor ontvangst en eventuele onregelmatigheden worden vermeld. Ook een derde partij kan aftekenen voor ontvangst. Hiermee verminder je papierwerk en extra administratie op de computer achteraf. Zodra producten worden vervoerd kan de werknemer de bijbehorende hoeveelheden kratten, pallets en karren registreren in de mobiele app. Wanneer chauffeurs op een loslocatie ook ladingdragers retour meenemen, kan dit ook direct worden verwerkt.<\/p>\n<p>&nbsp;<\/p>\n<p><img decoding=\"async\" class=\"alignnone size-medium wp-image-14746\" src=\"https:\/\/trackonline.com\/wp-content\/uploads\/2026\/01\/Solution-digitale-handtekening-mobile-app-e1627463007423-991x800-1-300x242.webp\" alt=\"\" width=\"300\" height=\"242\" srcset=\"https:\/\/trackonline.com\/wp-content\/uploads\/2026\/01\/Solution-digitale-handtekening-mobile-app-e1627463007423-991x800-1-300x242.webp 300w, https:\/\/trackonline.com\/wp-content\/uploads\/2026\/01\/Solution-digitale-handtekening-mobile-app-e1627463007423-991x800-1-768x620.webp 768w, https:\/\/trackonline.com\/wp-content\/uploads\/2026\/01\/Solution-digitale-handtekening-mobile-app-e1627463007423-991x800-1.webp 991w\" sizes=\"(max-width: 300px) 100vw, 300px\" \/><\/p>\n\r\n\t\t<\/div>\r\n\t<\/div>\r\n<\/div><div class=\"solution-container\">\r\n\t<span class=\"scroll-to\" data-label=\"Scroll to: #voedselindustrie-overzicht\" data-bullet=\"false\" data-link=\"#voedselindustrie-overzicht\" data-title=\"Overzicht\"><a name=\"voedselindustrie-overzicht\"><\/a><\/span>\r\n\t<div class=\"solution-content-wrapper\">\r\n\t\t<div class=\"text h-small\">\r\n\t\t\t<h3>Overzicht<\/h3>\r\n\t\t<\/div>\r\n\t\t<div class=\"text-container\">\r\n\t\t\t<h2>Overzicht<\/h2>\n<p>In het overzicht van\u00a0<a href=\"https:\/\/trackonline.com\/nl\/\">TrackOnline<\/a>\u00a0staat alle relevante informatie op \u00e9\u00e9n centrale plek en zie je in \u00e9\u00e9n oogopslag waar jouw vleeskratten, (brood)karren, plastic pallets en containers zijn. Het orderoverzicht en het dashboard is naar eigen wens in te vullen.<\/p>\n<p>Er is een ruime keuze aan verschillende dashboards, hierdoor is er de mogelijkheid om diverse dashboards samen te stellen, specifiek voor de verschillende teams in een organisatie. Zo is het mogelijk om het saldoverloop van\u00a0<a href=\"https:\/\/www.depaauw.nl\/\">broodkratten<\/a>\u00a0over de afgelopen periode weer te geven. Op de interactieve geografische kaart is te zien waar de (vlees)kratten, dolly\u2019s of plastic pallets staan. Door gebruik te maken van verschillende kleuren middel van kleuren, zie je direct waar emballage is blijven liggen. Wanneer gebruik gemaakt wordt van GPS apparaten, kunnen de ladingdragers nauwkeurig worden gevolgd op de kaart. Met het overzicht in TrackOnline weet je precies waar de emballage is en verlies je de vleeskratten, plastic pallets, containers en karren niet meer uit het oog.<\/p>\n<h2><img decoding=\"async\" class=\"alignnone size-medium wp-image-14735\" style=\"font-size: 14px\" src=\"https:\/\/trackonline.com\/wp-content\/uploads\/2026\/01\/Solutions-Dashboard-overzicht-EN-3-1400x638-1-300x137.gif\" alt=\"\" width=\"300\" height=\"137\" srcset=\"https:\/\/trackonline.com\/wp-content\/uploads\/2026\/01\/Solutions-Dashboard-overzicht-EN-3-1400x638-1-300x137.gif 300w, https:\/\/trackonline.com\/wp-content\/uploads\/2026\/01\/Solutions-Dashboard-overzicht-EN-3-1400x638-1-1024x467.gif 1024w, https:\/\/trackonline.com\/wp-content\/uploads\/2026\/01\/Solutions-Dashboard-overzicht-EN-3-1400x638-1-768x350.gif 768w\" sizes=\"(max-width: 300px) 100vw, 300px\" \/><\/h2>\n<p>Op het moment van inloggen worden notificaties van het emballage platform weergeven. Zo wordt bijvoorbeeld een notificatie ontvangen wanneer een relatie heeft gereageerd op een saldo afstemming, of wanneer iemand een chatbericht heeft verstuurd. Zo blijf je op de hoogte van wat er in jouw emballage administratie gebeurt.<\/p>\n\r\n\t\t<\/div>\r\n\t<\/div>\r\n<\/div><div class=\"solution-container\">\r\n\t<span class=\"scroll-to\" data-label=\"Scroll to: #voedselindustrie-saldo-afstemmen\" data-bullet=\"false\" data-link=\"#voedselindustrie-saldo-afstemmen\" data-title=\"Saldo afstemmen\"><a name=\"voedselindustrie-saldo-afstemmen\"><\/a><\/span>\r\n\t<div class=\"solution-content-wrapper\">\r\n\t\t<div class=\"text h-small\">\r\n\t\t\t<h3>Saldo afstemmen<\/h3>\r\n\t\t<\/div>\r\n\t\t<div class=\"text-container\">\r\n\t\t\t<h2>Saldo afstemmen<\/h2>\n<p>Sluit een transactieperiode eenvoudig af door een saldo afstemming vanuit TrackOnline naar relatie(s) te sturen. Ontvangers kunnen direct reageren op deze mail zonder in te loggen. Zo heb je altijd een correcte en bijgewerkte emballage administratie. Door het emballage saldo af te stemmen met jouw relaties, is iedereen op de hoogte van het daadwerkelijke aantal van karren, kratten, pallets en andere ladingdragers op elke locatie.<\/p>\n<p>Problemen en onduidelijkheden over het emballage saldo op de verschillende locaties worden eenvoudig opgelost met saldo afstemmingen. Het afstemmen van emballage saldo\u2019s maakt het werk effici\u00ebnter. Heen en weer mailen of telefoneren is verleden tijd en discussies over het emballage saldo worden voorkomen. Van iedere locatie is het emballage saldo op te vragen en in een overzicht is te zien wie wel en niet heeft gereageerd op de saldo afstemming. Het emballage platform stuurt automatisch een herinneringsemail totdat men reageert. Dit bespaart een hoop administratief werk en tijd.<\/p>\n\r\n\t\t<\/div>\r\n\t<\/div>\r\n<\/div>\n\n\n\t\t<\/div>\n\t\t\t\t\n<style>\n#col-48582417 > .col-inner {\n  padding: 35px 30px 50px 30px;\n  margin: -25px 0px 0px 0px;\n  border-radius: 10px;\n}\n@media (min-width:550px) {\n  #col-48582417 > .col-inner {\n    padding: 35px 30px 75px 30px;\n  }\n}\n@media (min-width:850px) {\n  #col-48582417 > .col-inner {\n    padding: 75px 75px 100px 75px;\n    margin: -45px 0px 0px 0px;\n  }\n}\n<\/style>\n\t<\/div>\n\n\t\n\n<\/div>\n\n\t\t<\/div>\n\n\t\t\n<style>\n#section_53553908 {\n  padding-top: 0px;\n  padding-bottom: 0px;\n}\n<\/style>\n\t<\/section>\n\t\n\n","protected":false},"excerpt":{"rendered":"","protected":false},"author":1,"featured_media":14498,"parent":15139,"menu_order":1,"comment_status":"closed","ping_status":"closed","template":"page-transparent-header-light.php","meta":{"content-type":"","footnotes":""},"class_list":["post-14933","page","type-page","status-publish","has-post-thumbnail","hentry"],"yoast_head":"<!-- This site is optimized with the Yoast SEO plugin v27.3 - https:\/\/yoast.com\/product\/yoast-seo-wordpress\/ -->\n<title>TrackOnline Voedingsmiddelenleverancier<\/title>\n<meta name=\"robots\" content=\"index, follow, max-snippet:-1, max-image-preview:large, max-video-preview:-1\" \/>\n<link rel=\"canonical\" href=\"https:\/\/trackonline.com\/nl\/oplossingen\/voedingsmiddelenleverancier\/\" \/>\n<meta property=\"og:locale\" content=\"nl_NL\" \/>\n<meta property=\"og:type\" content=\"article\" \/>\n<meta property=\"og:title\" content=\"Request a Demo for TrackOnline Solutions\" \/>\n<meta property=\"og:description\" content=\"Curious about the possibilities TrackOnline offers for your company? Request a free demo session and receive a personal tour from one of our TrackOnline experts.\" \/>\n<meta property=\"og:url\" content=\"https:\/\/trackonline.com\/nl\/oplossingen\/voedingsmiddelenleverancier\/\" \/>\n<meta property=\"og:site_name\" content=\"Trackonline\" \/>\n<meta property=\"article:modified_time\" content=\"2026-01-13T12:04:27+00:00\" \/>\n<meta property=\"og:image\" content=\"https:\/\/trackonline.com\/wp-content\/uploads\/2026\/01\/hp-tweede-vlak-achtergrond-solutions-scaled-1.webp\" \/>\n\t<meta property=\"og:image:width\" content=\"2560\" \/>\n\t<meta property=\"og:image:height\" content=\"1705\" \/>\n\t<meta property=\"og:image:type\" content=\"image\/webp\" \/>\n<meta name=\"twitter:card\" content=\"summary_large_image\" \/>\n<meta name=\"twitter:label1\" content=\"Geschatte leestijd\" \/>\n\t<meta name=\"twitter:data1\" content=\"1 minuut\" \/>\n<script type=\"application\/ld+json\" class=\"yoast-schema-graph\">{\"@context\":\"https:\\\/\\\/schema.org\",\"@graph\":[{\"@type\":\"WebPage\",\"@id\":\"https:\\\/\\\/trackonline.com\\\/nl\\\/oplossingen\\\/voedingsmiddelenleverancier\\\/\",\"url\":\"https:\\\/\\\/trackonline.com\\\/nl\\\/oplossingen\\\/voedingsmiddelenleverancier\\\/\",\"name\":\"TrackOnline Voedingsmiddelenleverancier\",\"isPartOf\":{\"@id\":\"https:\\\/\\\/trackonline.com\\\/nl\\\/#website\"},\"primaryImageOfPage\":{\"@id\":\"https:\\\/\\\/trackonline.com\\\/nl\\\/oplossingen\\\/voedingsmiddelenleverancier\\\/#primaryimage\"},\"image\":{\"@id\":\"https:\\\/\\\/trackonline.com\\\/nl\\\/oplossingen\\\/voedingsmiddelenleverancier\\\/#primaryimage\"},\"thumbnailUrl\":\"https:\\\/\\\/trackonline.com\\\/wp-content\\\/uploads\\\/2026\\\/01\\\/hp-tweede-vlak-achtergrond-solutions-scaled-1.webp\",\"datePublished\":\"2026-01-09T09:53:20+00:00\",\"dateModified\":\"2026-01-13T12:04:27+00:00\",\"breadcrumb\":{\"@id\":\"https:\\\/\\\/trackonline.com\\\/nl\\\/oplossingen\\\/voedingsmiddelenleverancier\\\/#breadcrumb\"},\"inLanguage\":\"nl-NL\",\"potentialAction\":[{\"@type\":\"ReadAction\",\"target\":[\"https:\\\/\\\/trackonline.com\\\/nl\\\/oplossingen\\\/voedingsmiddelenleverancier\\\/\"]}]},{\"@type\":\"ImageObject\",\"inLanguage\":\"nl-NL\",\"@id\":\"https:\\\/\\\/trackonline.com\\\/nl\\\/oplossingen\\\/voedingsmiddelenleverancier\\\/#primaryimage\",\"url\":\"https:\\\/\\\/trackonline.com\\\/wp-content\\\/uploads\\\/2026\\\/01\\\/hp-tweede-vlak-achtergrond-solutions-scaled-1.webp\",\"contentUrl\":\"https:\\\/\\\/trackonline.com\\\/wp-content\\\/uploads\\\/2026\\\/01\\\/hp-tweede-vlak-achtergrond-solutions-scaled-1.webp\",\"width\":2560,\"height\":1705},{\"@type\":\"BreadcrumbList\",\"@id\":\"https:\\\/\\\/trackonline.com\\\/nl\\\/oplossingen\\\/voedingsmiddelenleverancier\\\/#breadcrumb\",\"itemListElement\":[{\"@type\":\"ListItem\",\"position\":1,\"name\":\"Home\",\"item\":\"https:\\\/\\\/trackonline.com\\\/nl\\\/\"},{\"@type\":\"ListItem\",\"position\":2,\"name\":\"Oplossingen\",\"item\":\"https:\\\/\\\/trackonline.com\\\/nl\\\/oplossingen\\\/\"},{\"@type\":\"ListItem\",\"position\":3,\"name\":\"Voedingsmiddelenleverancier\"}]},{\"@type\":\"WebSite\",\"@id\":\"https:\\\/\\\/trackonline.com\\\/nl\\\/#website\",\"url\":\"https:\\\/\\\/trackonline.com\\\/nl\\\/\",\"name\":\"Trackonline\",\"description\":\"\",\"potentialAction\":[{\"@type\":\"SearchAction\",\"target\":{\"@type\":\"EntryPoint\",\"urlTemplate\":\"https:\\\/\\\/trackonline.com\\\/nl\\\/?s={search_term_string}\"},\"query-input\":{\"@type\":\"PropertyValueSpecification\",\"valueRequired\":true,\"valueName\":\"search_term_string\"}}],\"inLanguage\":\"nl-NL\"}]}<\/script>\n<!-- \/ Yoast SEO plugin. -->","yoast_head_json":{"title":"TrackOnline Voedingsmiddelenleverancier","robots":{"index":"index","follow":"follow","max-snippet":"max-snippet:-1","max-image-preview":"max-image-preview:large","max-video-preview":"max-video-preview:-1"},"canonical":"https:\/\/trackonline.com\/nl\/oplossingen\/voedingsmiddelenleverancier\/","og_locale":"nl_NL","og_type":"article","og_title":"Request a Demo for TrackOnline Solutions","og_description":"Curious about the possibilities TrackOnline offers for your company? Request a free demo session and receive a personal tour from one of our TrackOnline experts.","og_url":"https:\/\/trackonline.com\/nl\/oplossingen\/voedingsmiddelenleverancier\/","og_site_name":"Trackonline","article_modified_time":"2026-01-13T12:04:27+00:00","og_image":[{"width":2560,"height":1705,"url":"https:\/\/trackonline.com\/wp-content\/uploads\/2026\/01\/hp-tweede-vlak-achtergrond-solutions-scaled-1.webp","type":"image\/webp"}],"twitter_card":"summary_large_image","twitter_misc":{"Geschatte leestijd":"1 minuut"},"schema":{"@context":"https:\/\/schema.org","@graph":[{"@type":"WebPage","@id":"https:\/\/trackonline.com\/nl\/oplossingen\/voedingsmiddelenleverancier\/","url":"https:\/\/trackonline.com\/nl\/oplossingen\/voedingsmiddelenleverancier\/","name":"TrackOnline Voedingsmiddelenleverancier","isPartOf":{"@id":"https:\/\/trackonline.com\/nl\/#website"},"primaryImageOfPage":{"@id":"https:\/\/trackonline.com\/nl\/oplossingen\/voedingsmiddelenleverancier\/#primaryimage"},"image":{"@id":"https:\/\/trackonline.com\/nl\/oplossingen\/voedingsmiddelenleverancier\/#primaryimage"},"thumbnailUrl":"https:\/\/trackonline.com\/wp-content\/uploads\/2026\/01\/hp-tweede-vlak-achtergrond-solutions-scaled-1.webp","datePublished":"2026-01-09T09:53:20+00:00","dateModified":"2026-01-13T12:04:27+00:00","breadcrumb":{"@id":"https:\/\/trackonline.com\/nl\/oplossingen\/voedingsmiddelenleverancier\/#breadcrumb"},"inLanguage":"nl-NL","potentialAction":[{"@type":"ReadAction","target":["https:\/\/trackonline.com\/nl\/oplossingen\/voedingsmiddelenleverancier\/"]}]},{"@type":"ImageObject","inLanguage":"nl-NL","@id":"https:\/\/trackonline.com\/nl\/oplossingen\/voedingsmiddelenleverancier\/#primaryimage","url":"https:\/\/trackonline.com\/wp-content\/uploads\/2026\/01\/hp-tweede-vlak-achtergrond-solutions-scaled-1.webp","contentUrl":"https:\/\/trackonline.com\/wp-content\/uploads\/2026\/01\/hp-tweede-vlak-achtergrond-solutions-scaled-1.webp","width":2560,"height":1705},{"@type":"BreadcrumbList","@id":"https:\/\/trackonline.com\/nl\/oplossingen\/voedingsmiddelenleverancier\/#breadcrumb","itemListElement":[{"@type":"ListItem","position":1,"name":"Home","item":"https:\/\/trackonline.com\/nl\/"},{"@type":"ListItem","position":2,"name":"Oplossingen","item":"https:\/\/trackonline.com\/nl\/oplossingen\/"},{"@type":"ListItem","position":3,"name":"Voedingsmiddelenleverancier"}]},{"@type":"WebSite","@id":"https:\/\/trackonline.com\/nl\/#website","url":"https:\/\/trackonline.com\/nl\/","name":"Trackonline","description":"","potentialAction":[{"@type":"SearchAction","target":{"@type":"EntryPoint","urlTemplate":"https:\/\/trackonline.com\/nl\/?s={search_term_string}"},"query-input":{"@type":"PropertyValueSpecification","valueRequired":true,"valueName":"search_term_string"}}],"inLanguage":"nl-NL"}]}},"_links":{"self":[{"href":"https:\/\/trackonline.com\/nl\/wp-json\/wp\/v2\/pages\/14933","targetHints":{"allow":["GET"]}}],"collection":[{"href":"https:\/\/trackonline.com\/nl\/wp-json\/wp\/v2\/pages"}],"about":[{"href":"https:\/\/trackonline.com\/nl\/wp-json\/wp\/v2\/types\/page"}],"author":[{"embeddable":true,"href":"https:\/\/trackonline.com\/nl\/wp-json\/wp\/v2\/users\/1"}],"replies":[{"embeddable":true,"href":"https:\/\/trackonline.com\/nl\/wp-json\/wp\/v2\/comments?post=14933"}],"version-history":[{"count":7,"href":"https:\/\/trackonline.com\/nl\/wp-json\/wp\/v2\/pages\/14933\/revisions"}],"predecessor-version":[{"id":16658,"href":"https:\/\/trackonline.com\/nl\/wp-json\/wp\/v2\/pages\/14933\/revisions\/16658"}],"up":[{"embeddable":true,"href":"https:\/\/trackonline.com\/nl\/wp-json\/wp\/v2\/pages\/15139"}],"wp:featuredmedia":[{"embeddable":true,"href":"https:\/\/trackonline.com\/nl\/wp-json\/wp\/v2\/media\/14498"}],"wp:attachment":[{"href":"https:\/\/trackonline.com\/nl\/wp-json\/wp\/v2\/media?parent=14933"}],"curies":[{"name":"wp","href":"https:\/\/api.w.org\/{rel}","templated":true}]}}